{"id":1633,"date":"2023-10-02T12:01:42","date_gmt":"2023-10-02T12:01:42","guid":{"rendered":"https:\/\/simproject.eu\/engagieren-sie\/"},"modified":"2025-02-27T12:52:16","modified_gmt":"2025-02-27T12:52:16","slug":"engagieren-sie","status":"publish","type":"page","link":"https:\/\/simproject.eu\/de\/engagieren-sie\/","title":{"rendered":"Engagieren Sie"},"content":{"rendered":"\t\t<div data-elementor-type=\"wp-page\" data-elementor-id=\"1633\" class=\"elementor elementor-1633 elementor-408\" data-elementor-post-type=\"page\">\n\t\t\t\t\t\t<section class=\"elementor-section elementor-top-section elementor-element elementor-element-8061407 elementor-section-height-min-height elementor-section-boxed elementor-section-height-default elementor-section-items-middle\" data-id=\"8061407\" data-element_type=\"section\" data-e-type=\"section\" data-settings=\"{&quot;background_background&quot;:&quot;classic&quot;}\">\n\t\t\t\t\t\t\t<div class=\"elementor-background-overlay\"><\/div>\n\t\t\t\t\t\t\t<div class=\"elementor-container elementor-column-gap-default\">\n\t\t\t\t\t<div class=\"elementor-column elementor-col-100 elementor-top-column elementor-element elementor-element-12f1343\" data-id=\"12f1343\" data-element_type=\"column\" data-e-type=\"column\">\n\t\t\t<div class=\"elementor-widget-wrap elementor-element-populated\">\n\t\t\t\t\t\t<div class=\"elementor-element elementor-element-b064a52 elementor-widget elementor-widget-heading\" data-id=\"b064a52\" data-element_type=\"widget\" data-e-type=\"widget\" data-widget_type=\"heading.default\">\n\t\t\t\t<div class=\"elementor-widget-container\">\n\t\t\t\t\t<h1 class=\"elementor-heading-title elementor-size-default\">Engagieren Sie<\/h1>\t\t\t\t<\/div>\n\t\t\t\t<\/div>\n\t\t\t\t<div class=\"elementor-element elementor-element-dbe9ac3 elementor-widget elementor-widget-text-editor\" data-id=\"dbe9ac3\" data-element_type=\"widget\" data-e-type=\"widget\" data-widget_type=\"text-editor.default\">\n\t\t\t\t<div class=\"elementor-widget-container\">\n\t\t\t\t\t\t\t\t\t<p>Auf der Grundlage der von den Partnern durchgef\u00fchrten Umfragen, Interviews und Fokusgruppen haben wir diese Prim\u00e4rdaten kartiert und recherchiert, um die Bed\u00fcrfnisse der Unternehmen und der lokalen Gemeinschaften zu ermitteln.<\/p>\t\t\t\t\t\t\t\t<\/div>\n\t\t\t\t<\/div>\n\t\t\t\t\t<\/div>\n\t\t<\/div>\n\t\t\t\t\t<\/div>\n\t\t<\/section>\n\t\t\t\t<section class=\"elementor-section elementor-top-section elementor-element elementor-element-b831de8 elementor-section-boxed elementor-section-height-default elementor-section-height-default\" data-id=\"b831de8\" data-element_type=\"section\" data-e-type=\"section\">\n\t\t\t\t\t\t<div class=\"elementor-container elementor-column-gap-default\">\n\t\t\t\t\t<div class=\"elementor-column elementor-col-50 elementor-top-column elementor-element elementor-element-068c6d1\" data-id=\"068c6d1\" data-element_type=\"column\" data-e-type=\"column\">\n\t\t\t<div class=\"elementor-widget-wrap elementor-element-populated\">\n\t\t\t\t\t\t<div class=\"elementor-element elementor-element-4f30213 elementor-widget elementor-widget-heading\" data-id=\"4f30213\" data-element_type=\"widget\" data-e-type=\"widget\" data-widget_type=\"heading.default\">\n\t\t\t\t<div class=\"elementor-widget-container\">\n\t\t\t\t\t<h2 class=\"elementor-heading-title elementor-size-default\">CSR und kommunale Entwicklung: Eine umfassende Analyse<\/h2>\t\t\t\t<\/div>\n\t\t\t\t<\/div>\n\t\t\t\t<div class=\"elementor-element elementor-element-b669d3b elementor-widget elementor-widget-text-editor\" data-id=\"b669d3b\" data-element_type=\"widget\" data-e-type=\"widget\" data-widget_type=\"text-editor.default\">\n\t\t\t\t<div class=\"elementor-widget-container\">\n\t\t\t\t\t\t\t\t\t<p>Die Leiter von WP2, die Projektschule, haben eine umfassende Analyse der in f\u00fcnf Partnerl\u00e4ndern angewandten Methoden und Praktiken im Bereich CSR und Gemeindeentwicklung durchgef\u00fchrt: \u00d6sterreich, Kroatien, Frankreich, Griechenland und Italien.<\/p>\t\t\t\t\t\t\t\t<\/div>\n\t\t\t\t<\/div>\n\t\t\t\t<div class=\"elementor-element elementor-element-6122277 elementor-widget elementor-widget-text-editor\" data-id=\"6122277\" data-element_type=\"widget\" data-e-type=\"widget\" data-widget_type=\"text-editor.default\">\n\t\t\t\t<div class=\"elementor-widget-container\">\n\t\t\t\t\t\t\t\t\t<p>Laden Sie die Analyseberichte herunter und entdecken Sie:<\/p><p>&#8211; Ergebnisse auf den f\u00fcnf L\u00e4nderebenen aus der Forschung auf Unternehmens- und Kommunalebene.<\/p><p>&#8211; Trends und Unterschiede zwischen den verschiedenen L\u00e4ndern in Bezug auf die Beziehung zwischen CSR und kommunaler Entwicklung.<\/p><p>&#8211; Das Profil eines Unternehmens mit sozialer Verantwortung f\u00fcr seine lokale Gemeinschaft.<\/p><p>Das aus dieser Analyse gewonnene Wissen ist eines der Schl\u00fcsselelemente unseres Projekts, da es die Transformation und Entwicklung der Gemeinschaft erm\u00f6glicht, indem es sich auf das konzentriert, was in Bezug auf Herausforderungen, W\u00fcnsche, Bed\u00fcrfnisse und Erwartungen bereits existiert. Au\u00dferdem st\u00e4rkt es die Stakeholder (lokale Unternehmen und Gemeinden) durch die F\u00f6rderung horizontaler Beziehungen als Antwort auf die Herausforderungen, die wir auf lokaler Ebene identifiziert haben. <\/p>\t\t\t\t\t\t\t\t<\/div>\n\t\t\t\t<\/div>\n\t\t\t\t\t<\/div>\n\t\t<\/div>\n\t\t\t\t<div class=\"elementor-column elementor-col-50 elementor-top-column elementor-element elementor-element-de39aa3\" data-id=\"de39aa3\" data-element_type=\"column\" data-e-type=\"column\">\n\t\t\t<div class=\"elementor-widget-wrap elementor-element-populated\">\n\t\t\t\t\t\t<div class=\"elementor-element elementor-element-1fd52e0 elementor-widget__width-initial elementor-widget elementor-widget-image\" data-id=\"1fd52e0\" data-element_type=\"widget\" data-e-type=\"widget\" data-widget_type=\"image.default\">\n\t\t\t\t<div class=\"elementor-widget-container\">\n\t\t\t\t\t\t\t\t\t\t\t\t\t\t\t\t<a href=\"https:\/\/simproject.eu\/download\/613\/?tmstv=1720715386\">\n\t\t\t\t\t\t\t<img fetchpriority=\"high\" decoding=\"async\" width=\"491\" height=\"693\" src=\"https:\/\/simproject.eu\/wp-content\/uploads\/2024\/08\/image.png\" class=\"attachment-large size-large wp-image-1653\" alt=\"\" srcset=\"https:\/\/simproject.eu\/wp-content\/uploads\/2024\/08\/image.png 491w, https:\/\/simproject.eu\/wp-content\/uploads\/2024\/08\/image-213x300.png 213w\" sizes=\"(max-width: 491px) 100vw, 491px\" \/>\t\t\t\t\t\t\t\t<\/a>\n\t\t\t\t\t\t\t\t\t\t\t\t\t\t\t<\/div>\n\t\t\t\t<\/div>\n\t\t\t\t\t<\/div>\n\t\t<\/div>\n\t\t\t\t\t<\/div>\n\t\t<\/section>\n\t\t\t\t<section class=\"elementor-section elementor-top-section elementor-element elementor-element-d2dccac elementor-section-boxed elementor-section-height-default elementor-section-height-default\" data-id=\"d2dccac\" data-element_type=\"section\" data-e-type=\"section\">\n\t\t\t\t\t\t<div class=\"elementor-container elementor-column-gap-default\">\n\t\t\t\t\t<div class=\"elementor-column elementor-col-100 elementor-top-column elementor-element elementor-element-a16f294\" data-id=\"a16f294\" data-element_type=\"column\" data-e-type=\"column\">\n\t\t\t<div class=\"elementor-widget-wrap elementor-element-populated\">\n\t\t\t\t\t\t<div class=\"elementor-element elementor-element-475b6c5 elementor-widget elementor-widget-heading\" data-id=\"475b6c5\" data-element_type=\"widget\" data-e-type=\"widget\" data-widget_type=\"heading.default\">\n\t\t\t\t<div class=\"elementor-widget-container\">\n\t\t\t\t\t<h2 class=\"elementor-heading-title elementor-size-default\">Laden Sie den CSR &amp; Community Development Bericht herunter<\/h2>\t\t\t\t<\/div>\n\t\t\t\t<\/div>\n\t\t\t\t<div class=\"elementor-element elementor-element-c4a022c elementor-widget-divider--view-line elementor-widget elementor-widget-divider\" data-id=\"c4a022c\" data-element_type=\"widget\" data-e-type=\"widget\" data-widget_type=\"divider.default\">\n\t\t\t\t<div class=\"elementor-widget-container\">\n\t\t\t\t\t\t\t<div class=\"elementor-divider\">\n\t\t\t<span class=\"elementor-divider-separator\">\n\t\t\t\t\t\t<\/span>\n\t\t<\/div>\n\t\t\t\t\t\t<\/div>\n\t\t\t\t<\/div>\n\t\t\t\t\t<\/div>\n\t\t<\/div>\n\t\t\t\t\t<\/div>\n\t\t<\/section>\n\t\t\t\t<section class=\"elementor-section elementor-top-section elementor-element elementor-element-8cffa21 elementor-section-boxed elementor-section-height-default elementor-section-height-default\" data-id=\"8cffa21\" data-element_type=\"section\" data-e-type=\"section\">\n\t\t\t\t\t\t<div class=\"elementor-container elementor-column-gap-default\">\n\t\t\t\t\t<div class=\"elementor-column elementor-col-33 elementor-top-column elementor-element elementor-element-1db3a33\" data-id=\"1db3a33\" data-element_type=\"column\" data-e-type=\"column\">\n\t\t\t<div class=\"elementor-widget-wrap elementor-element-populated\">\n\t\t\t\t\t\t<div class=\"elementor-element elementor-element-0995c20 elementor-widget elementor-widget-heading\" data-id=\"0995c20\" data-element_type=\"widget\" data-e-type=\"widget\" data-widget_type=\"heading.default\">\n\t\t\t\t<div class=\"elementor-widget-container\">\n\t\t\t\t\t<h2 class=\"elementor-heading-title elementor-size-default\">Englisch<\/h2>\t\t\t\t<\/div>\n\t\t\t\t<\/div>\n\t\t\t\t<div class=\"elementor-element elementor-element-daca468 elementor-widget elementor-widget-image\" data-id=\"daca468\" data-element_type=\"widget\" data-e-type=\"widget\" data-widget_type=\"image.default\">\n\t\t\t\t<div class=\"elementor-widget-container\">\n\t\t\t\t\t\t\t\t\t\t\t\t\t\t\t<img decoding=\"async\" width=\"800\" height=\"534\" src=\"https:\/\/simproject.eu\/wp-content\/uploads\/2024\/07\/group-volunteers-collecting-garbage-1024x683.jpg\" class=\"attachment-large size-large wp-image-1647\" alt=\"\" srcset=\"https:\/\/simproject.eu\/wp-content\/uploads\/2024\/07\/group-volunteers-collecting-garbage-1024x683.jpg 1024w, https:\/\/simproject.eu\/wp-content\/uploads\/2024\/07\/group-volunteers-collecting-garbage-300x200.jpg 300w, https:\/\/simproject.eu\/wp-content\/uploads\/2024\/07\/group-volunteers-collecting-garbage-768x512.jpg 768w, https:\/\/simproject.eu\/wp-content\/uploads\/2024\/07\/group-volunteers-collecting-garbage-1536x1024.jpg 1536w, https:\/\/simproject.eu\/wp-content\/uploads\/2024\/07\/group-volunteers-collecting-garbage-2048x1365.jpg 2048w\" sizes=\"(max-width: 800px) 100vw, 800px\" \/>\t\t\t\t\t\t\t\t\t\t\t\t\t\t\t<\/div>\n\t\t\t\t<\/div>\n\t\t\t\t<div class=\"elementor-element elementor-element-6f7c0ff elementor-widget elementor-widget-text-editor\" data-id=\"6f7c0ff\" data-element_type=\"widget\" data-e-type=\"widget\" data-widget_type=\"text-editor.default\">\n\t\t\t\t<div class=\"elementor-widget-container\">\n\t\t\t\t\t\t\t\t\t<p><a href=\"https:\/\/simproject.eu\/download\/613\/?tmstv=1720715386\">DOWNLOAD PDF<\/a><\/p>\t\t\t\t\t\t\t\t<\/div>\n\t\t\t\t<\/div>\n\t\t\t\t\t<\/div>\n\t\t<\/div>\n\t\t\t\t<div class=\"elementor-column elementor-col-33 elementor-top-column elementor-element elementor-element-6d6f316\" data-id=\"6d6f316\" data-element_type=\"column\" data-e-type=\"column\">\n\t\t\t<div class=\"elementor-widget-wrap elementor-element-populated\">\n\t\t\t\t\t\t<div class=\"elementor-element elementor-element-d740b1a elementor-widget elementor-widget-heading\" data-id=\"d740b1a\" data-element_type=\"widget\" data-e-type=\"widget\" data-widget_type=\"heading.default\">\n\t\t\t\t<div class=\"elementor-widget-container\">\n\t\t\t\t\t<h2 class=\"elementor-heading-title elementor-size-default\">Italienisch<\/h2>\t\t\t\t<\/div>\n\t\t\t\t<\/div>\n\t\t\t\t<div class=\"elementor-element elementor-element-7fc873e elementor-widget elementor-widget-image\" data-id=\"7fc873e\" data-element_type=\"widget\" data-e-type=\"widget\" data-widget_type=\"image.default\">\n\t\t\t\t<div class=\"elementor-widget-container\">\n\t\t\t\t\t\t\t\t\t\t\t\t\t\t\t<img decoding=\"async\" width=\"800\" height=\"534\" src=\"https:\/\/simproject.eu\/wp-content\/uploads\/2024\/07\/close-up-people-with-food-donations-1024x683.jpg\" class=\"attachment-large size-large wp-image-1646\" alt=\"\" srcset=\"https:\/\/simproject.eu\/wp-content\/uploads\/2024\/07\/close-up-people-with-food-donations-1024x683.jpg 1024w, https:\/\/simproject.eu\/wp-content\/uploads\/2024\/07\/close-up-people-with-food-donations-300x200.jpg 300w, https:\/\/simproject.eu\/wp-content\/uploads\/2024\/07\/close-up-people-with-food-donations-768x512.jpg 768w, https:\/\/simproject.eu\/wp-content\/uploads\/2024\/07\/close-up-people-with-food-donations-1536x1024.jpg 1536w, https:\/\/simproject.eu\/wp-content\/uploads\/2024\/07\/close-up-people-with-food-donations-2048x1365.jpg 2048w\" sizes=\"(max-width: 800px) 100vw, 800px\" \/>\t\t\t\t\t\t\t\t\t\t\t\t\t\t\t<\/div>\n\t\t\t\t<\/div>\n\t\t\t\t<div class=\"elementor-element elementor-element-3d0c51e elementor-widget elementor-widget-text-editor\" data-id=\"3d0c51e\" data-element_type=\"widget\" data-e-type=\"widget\" data-widget_type=\"text-editor.default\">\n\t\t\t\t<div class=\"elementor-widget-container\">\n\t\t\t\t\t\t\t\t\t<p><a href=\"https:\/\/simproject.eu\/download\/619\/?tmstv=1720715386\">DOWNLOAD PDF<\/a><\/p>\t\t\t\t\t\t\t\t<\/div>\n\t\t\t\t<\/div>\n\t\t\t\t\t<\/div>\n\t\t<\/div>\n\t\t\t\t<div class=\"elementor-column elementor-col-33 elementor-top-column elementor-element elementor-element-c58821b\" data-id=\"c58821b\" data-element_type=\"column\" data-e-type=\"column\">\n\t\t\t<div class=\"elementor-widget-wrap elementor-element-populated\">\n\t\t\t\t\t\t<div class=\"elementor-element elementor-element-94b78a6 elementor-widget elementor-widget-heading\" data-id=\"94b78a6\" data-element_type=\"widget\" data-e-type=\"widget\" data-widget_type=\"heading.default\">\n\t\t\t\t<div class=\"elementor-widget-container\">\n\t\t\t\t\t<h2 class=\"elementor-heading-title elementor-size-default\">Deutsch<\/h2>\t\t\t\t<\/div>\n\t\t\t\t<\/div>\n\t\t\t\t<div class=\"elementor-element elementor-element-bbc414a elementor-widget elementor-widget-image\" data-id=\"bbc414a\" data-element_type=\"widget\" data-e-type=\"widget\" data-widget_type=\"image.default\">\n\t\t\t\t<div class=\"elementor-widget-container\">\n\t\t\t\t\t\t\t\t\t\t\t\t\t\t\t<img loading=\"lazy\" decoding=\"async\" width=\"800\" height=\"534\" src=\"https:\/\/simproject.eu\/wp-content\/uploads\/2024\/07\/pexels-rdne-6647013-1024x683.jpg\" class=\"attachment-large size-large wp-image-1648\" alt=\"\" srcset=\"https:\/\/simproject.eu\/wp-content\/uploads\/2024\/07\/pexels-rdne-6647013-1024x683.jpg 1024w, https:\/\/simproject.eu\/wp-content\/uploads\/2024\/07\/pexels-rdne-6647013-300x200.jpg 300w, https:\/\/simproject.eu\/wp-content\/uploads\/2024\/07\/pexels-rdne-6647013-768x512.jpg 768w, https:\/\/simproject.eu\/wp-content\/uploads\/2024\/07\/pexels-rdne-6647013-1536x1024.jpg 1536w, https:\/\/simproject.eu\/wp-content\/uploads\/2024\/07\/pexels-rdne-6647013-2048x1365.jpg 2048w\" sizes=\"(max-width: 800px) 100vw, 800px\" \/>\t\t\t\t\t\t\t\t\t\t\t\t\t\t\t<\/div>\n\t\t\t\t<\/div>\n\t\t\t\t<div class=\"elementor-element elementor-element-348edd3 elementor-widget elementor-widget-text-editor\" data-id=\"348edd3\" data-element_type=\"widget\" data-e-type=\"widget\" data-widget_type=\"text-editor.default\">\n\t\t\t\t<div class=\"elementor-widget-container\">\n\t\t\t\t\t\t\t\t\t<p><a href=\"https:\/\/simproject.eu\/download\/625\/?tmstv=1720715386\">DOWNLOAD PDF<\/a><\/p>\t\t\t\t\t\t\t\t<\/div>\n\t\t\t\t<\/div>\n\t\t\t\t\t<\/div>\n\t\t<\/div>\n\t\t\t\t\t<\/div>\n\t\t<\/section>\n\t\t\t\t<section class=\"elementor-section elementor-top-section elementor-element elementor-element-12926c4 elementor-section-boxed elementor-section-height-default elementor-section-height-default\" data-id=\"12926c4\" data-element_type=\"section\" data-e-type=\"section\">\n\t\t\t\t\t\t<div class=\"elementor-container elementor-column-gap-default\">\n\t\t\t\t\t<div class=\"elementor-column elementor-col-33 elementor-top-column elementor-element elementor-element-2a5de2e\" data-id=\"2a5de2e\" data-element_type=\"column\" data-e-type=\"column\">\n\t\t\t<div class=\"elementor-widget-wrap elementor-element-populated\">\n\t\t\t\t\t\t<div class=\"elementor-element elementor-element-a42ae52 elementor-widget elementor-widget-heading\" data-id=\"a42ae52\" data-element_type=\"widget\" data-e-type=\"widget\" data-widget_type=\"heading.default\">\n\t\t\t\t<div class=\"elementor-widget-container\">\n\t\t\t\t\t<h2 class=\"elementor-heading-title elementor-size-default\">Franz\u00f6sisch<\/h2>\t\t\t\t<\/div>\n\t\t\t\t<\/div>\n\t\t\t\t<div class=\"elementor-element elementor-element-3aa9080 elementor-widget elementor-widget-image\" data-id=\"3aa9080\" data-element_type=\"widget\" data-e-type=\"widget\" data-widget_type=\"image.default\">\n\t\t\t\t<div class=\"elementor-widget-container\">\n\t\t\t\t\t\t\t\t\t\t\t\t\t\t\t<img loading=\"lazy\" decoding=\"async\" width=\"800\" height=\"534\" src=\"https:\/\/simproject.eu\/wp-content\/uploads\/2024\/07\/pexels-sora-shimazaki-5668838-1024x683.jpg\" class=\"attachment-large size-large wp-image-1649\" alt=\"\" srcset=\"https:\/\/simproject.eu\/wp-content\/uploads\/2024\/07\/pexels-sora-shimazaki-5668838-1024x683.jpg 1024w, https:\/\/simproject.eu\/wp-content\/uploads\/2024\/07\/pexels-sora-shimazaki-5668838-300x200.jpg 300w, https:\/\/simproject.eu\/wp-content\/uploads\/2024\/07\/pexels-sora-shimazaki-5668838-768x512.jpg 768w, https:\/\/simproject.eu\/wp-content\/uploads\/2024\/07\/pexels-sora-shimazaki-5668838-1536x1024.jpg 1536w, https:\/\/simproject.eu\/wp-content\/uploads\/2024\/07\/pexels-sora-shimazaki-5668838-2048x1365.jpg 2048w\" sizes=\"(max-width: 800px) 100vw, 800px\" \/>\t\t\t\t\t\t\t\t\t\t\t\t\t\t\t<\/div>\n\t\t\t\t<\/div>\n\t\t\t\t<div class=\"elementor-element elementor-element-d4a8ad0 elementor-widget elementor-widget-text-editor\" data-id=\"d4a8ad0\" data-element_type=\"widget\" data-e-type=\"widget\" data-widget_type=\"text-editor.default\">\n\t\t\t\t<div class=\"elementor-widget-container\">\n\t\t\t\t\t\t\t\t\t<p><a href=\"https:\/\/simproject.eu\/download\/631\/?tmstv=1720715386\">DOWNLOAD PDF<\/a><\/p>\t\t\t\t\t\t\t\t<\/div>\n\t\t\t\t<\/div>\n\t\t\t\t\t<\/div>\n\t\t<\/div>\n\t\t\t\t<div class=\"elementor-column elementor-col-33 elementor-top-column elementor-element elementor-element-7404e8d\" data-id=\"7404e8d\" data-element_type=\"column\" data-e-type=\"column\">\n\t\t\t<div class=\"elementor-widget-wrap elementor-element-populated\">\n\t\t\t\t\t\t<div class=\"elementor-element elementor-element-f9e5aed elementor-widget elementor-widget-heading\" data-id=\"f9e5aed\" data-element_type=\"widget\" data-e-type=\"widget\" data-widget_type=\"heading.default\">\n\t\t\t\t<div class=\"elementor-widget-container\">\n\t\t\t\t\t<h2 class=\"elementor-heading-title elementor-size-default\">Griechisch<\/h2>\t\t\t\t<\/div>\n\t\t\t\t<\/div>\n\t\t\t\t<div class=\"elementor-element elementor-element-300a16c elementor-widget elementor-widget-image\" data-id=\"300a16c\" data-element_type=\"widget\" data-e-type=\"widget\" data-widget_type=\"image.default\">\n\t\t\t\t<div class=\"elementor-widget-container\">\n\t\t\t\t\t\t\t\t\t\t\t\t\t\t\t<img loading=\"lazy\" decoding=\"async\" width=\"800\" height=\"534\" src=\"https:\/\/simproject.eu\/wp-content\/uploads\/2024\/07\/group-young-volunteers-park-they-are-planting-tree-seedling-1024x683.jpg\" class=\"attachment-large size-large wp-image-1650\" alt=\"\" srcset=\"https:\/\/simproject.eu\/wp-content\/uploads\/2024\/07\/group-young-volunteers-park-they-are-planting-tree-seedling-1024x683.jpg 1024w, https:\/\/simproject.eu\/wp-content\/uploads\/2024\/07\/group-young-volunteers-park-they-are-planting-tree-seedling-300x200.jpg 300w, https:\/\/simproject.eu\/wp-content\/uploads\/2024\/07\/group-young-volunteers-park-they-are-planting-tree-seedling-768x512.jpg 768w, https:\/\/simproject.eu\/wp-content\/uploads\/2024\/07\/group-young-volunteers-park-they-are-planting-tree-seedling-1536x1024.jpg 1536w, https:\/\/simproject.eu\/wp-content\/uploads\/2024\/07\/group-young-volunteers-park-they-are-planting-tree-seedling-2048x1365.jpg 2048w\" sizes=\"(max-width: 800px) 100vw, 800px\" \/>\t\t\t\t\t\t\t\t\t\t\t\t\t\t\t<\/div>\n\t\t\t\t<\/div>\n\t\t\t\t<div class=\"elementor-element elementor-element-7d0e221 elementor-widget elementor-widget-text-editor\" data-id=\"7d0e221\" data-element_type=\"widget\" data-e-type=\"widget\" data-widget_type=\"text-editor.default\">\n\t\t\t\t<div class=\"elementor-widget-container\">\n\t\t\t\t\t\t\t\t\t<p><a href=\"https:\/\/simproject.eu\/download\/637\/?tmstv=1720715386\">DOWNLOAD PDF<\/a><\/p>\t\t\t\t\t\t\t\t<\/div>\n\t\t\t\t<\/div>\n\t\t\t\t\t<\/div>\n\t\t<\/div>\n\t\t\t\t<div class=\"elementor-column elementor-col-33 elementor-top-column elementor-element elementor-element-5304448\" data-id=\"5304448\" data-element_type=\"column\" data-e-type=\"column\">\n\t\t\t<div class=\"elementor-widget-wrap elementor-element-populated\">\n\t\t\t\t\t\t<div class=\"elementor-element elementor-element-4b20b5f elementor-widget elementor-widget-heading\" data-id=\"4b20b5f\" data-element_type=\"widget\" data-e-type=\"widget\" data-widget_type=\"heading.default\">\n\t\t\t\t<div class=\"elementor-widget-container\">\n\t\t\t\t\t<h2 class=\"elementor-heading-title elementor-size-default\">Kroatisch<\/h2>\t\t\t\t<\/div>\n\t\t\t\t<\/div>\n\t\t\t\t<div class=\"elementor-element elementor-element-6e59c83 elementor-widget elementor-widget-image\" data-id=\"6e59c83\" data-element_type=\"widget\" data-e-type=\"widget\" data-widget_type=\"image.default\">\n\t\t\t\t<div class=\"elementor-widget-container\">\n\t\t\t\t\t\t\t\t\t\t\t\t\t\t\t<img loading=\"lazy\" decoding=\"async\" width=\"683\" height=\"1024\" src=\"https:\/\/simproject.eu\/wp-content\/uploads\/2024\/07\/s-o-c-i-a-l-c-u-t-U2GqTMLGRi8-unsplash-683x1024.jpg\" class=\"attachment-large size-large wp-image-1651\" alt=\"\" srcset=\"https:\/\/simproject.eu\/wp-content\/uploads\/2024\/07\/s-o-c-i-a-l-c-u-t-U2GqTMLGRi8-unsplash-683x1024.jpg 683w, https:\/\/simproject.eu\/wp-content\/uploads\/2024\/07\/s-o-c-i-a-l-c-u-t-U2GqTMLGRi8-unsplash-200x300.jpg 200w, https:\/\/simproject.eu\/wp-content\/uploads\/2024\/07\/s-o-c-i-a-l-c-u-t-U2GqTMLGRi8-unsplash-768x1152.jpg 768w, https:\/\/simproject.eu\/wp-content\/uploads\/2024\/07\/s-o-c-i-a-l-c-u-t-U2GqTMLGRi8-unsplash-1024x1536.jpg 1024w, https:\/\/simproject.eu\/wp-content\/uploads\/2024\/07\/s-o-c-i-a-l-c-u-t-U2GqTMLGRi8-unsplash-1365x2048.jpg 1365w, https:\/\/simproject.eu\/wp-content\/uploads\/2024\/07\/s-o-c-i-a-l-c-u-t-U2GqTMLGRi8-unsplash-scaled.jpg 1707w\" sizes=\"(max-width: 683px) 100vw, 683px\" \/>\t\t\t\t\t\t\t\t\t\t\t\t\t\t\t<\/div>\n\t\t\t\t<\/div>\n\t\t\t\t<div class=\"elementor-element elementor-element-82413ac elementor-widget elementor-widget-text-editor\" data-id=\"82413ac\" data-element_type=\"widget\" data-e-type=\"widget\" data-widget_type=\"text-editor.default\">\n\t\t\t\t<div class=\"elementor-widget-container\">\n\t\t\t\t\t\t\t\t\t<p><a href=\"https:\/\/simproject.eu\/download\/643\/?tmstv=1720715386\">DOWNLOAD PDF<\/a><\/p>\t\t\t\t\t\t\t\t<\/div>\n\t\t\t\t<\/div>\n\t\t\t\t\t<\/div>\n\t\t<\/div>\n\t\t\t\t\t<\/div>\n\t\t<\/section>\n\t\t\t\t<\/div>\n\t\t","protected":false},"excerpt":{"rendered":"<p>Engagieren Sie Auf der Grundlage der von den Partnern durchgef\u00fchrten Umfragen, Interviews und Fokusgruppen haben wir diese Prim\u00e4rdaten kartiert und recherchiert, um die Bed\u00fcrfnisse der Unternehmen und der lokalen Gemeinschaften zu ermitteln. CSR und kommunale Entwicklung: Eine umfassende Analyse Die Leiter von WP2, die Projektschule, haben eine umfassende Analyse der in f\u00fcnf Partnerl\u00e4ndern angewandten Methoden [&hellip;]<\/p>\n","protected":false},"author":3,"featured_media":0,"parent":0,"menu_order":0,"comment_status":"closed","ping_status":"closed","template":"elementor_header_footer","meta":{"h5ap_radio_sources":[],"footnotes":""},"class_list":["post-1633","page","type-page","status-publish","hentry"],"_links":{"self":[{"href":"https:\/\/simproject.eu\/de\/wp-json\/wp\/v2\/pages\/1633","targetHints":{"allow":["GET"]}}],"collection":[{"href":"https:\/\/simproject.eu\/de\/wp-json\/wp\/v2\/pages"}],"about":[{"href":"https:\/\/simproject.eu\/de\/wp-json\/wp\/v2\/types\/page"}],"author":[{"embeddable":true,"href":"https:\/\/simproject.eu\/de\/wp-json\/wp\/v2\/users\/3"}],"replies":[{"embeddable":true,"href":"https:\/\/simproject.eu\/de\/wp-json\/wp\/v2\/comments?post=1633"}],"version-history":[{"count":2,"href":"https:\/\/simproject.eu\/de\/wp-json\/wp\/v2\/pages\/1633\/revisions"}],"predecessor-version":[{"id":2128,"href":"https:\/\/simproject.eu\/de\/wp-json\/wp\/v2\/pages\/1633\/revisions\/2128"}],"wp:attachment":[{"href":"https:\/\/simproject.eu\/de\/wp-json\/wp\/v2\/media?parent=1633"}],"curies":[{"name":"wp","href":"https:\/\/api.w.org\/{rel}","templated":true}]}}