{"id":1671,"date":"2024-01-17T15:59:32","date_gmt":"2024-01-17T15:59:32","guid":{"rendered":"https:\/\/simproject.eu\/e-zines\/"},"modified":"2025-02-27T13:23:24","modified_gmt":"2025-02-27T13:23:24","slug":"e-zines","status":"publish","type":"page","link":"https:\/\/simproject.eu\/de\/e-zines\/","title":{"rendered":"E-Zines"},"content":{"rendered":"\t\t<div data-elementor-type=\"wp-page\" data-elementor-id=\"1671\" class=\"elementor elementor-1671 elementor-526\" data-elementor-post-type=\"page\">\n\t\t\t\t\t\t<section class=\"elementor-section elementor-top-section elementor-element elementor-element-5459781 elementor-section-height-min-height elementor-section-boxed elementor-section-height-default elementor-section-items-middle\" data-id=\"5459781\" data-element_type=\"section\" data-e-type=\"section\" data-settings=\"{&quot;background_background&quot;:&quot;classic&quot;}\">\n\t\t\t\t\t\t\t<div class=\"elementor-background-overlay\"><\/div>\n\t\t\t\t\t\t\t<div class=\"elementor-container elementor-column-gap-default\">\n\t\t\t\t\t<div class=\"elementor-column elementor-col-100 elementor-top-column elementor-element elementor-element-83b746c\" data-id=\"83b746c\" data-element_type=\"column\" data-e-type=\"column\">\n\t\t\t<div class=\"elementor-widget-wrap elementor-element-populated\">\n\t\t\t\t\t\t<div class=\"elementor-element elementor-element-5439a90 elementor-widget elementor-widget-heading\" data-id=\"5439a90\" data-element_type=\"widget\" data-e-type=\"widget\" data-widget_type=\"heading.default\">\n\t\t\t\t<div class=\"elementor-widget-container\">\n\t\t\t\t\t<h1 class=\"elementor-heading-title elementor-size-default\">SIM E-Zines<\/h1>\t\t\t\t<\/div>\n\t\t\t\t<\/div>\n\t\t\t\t\t<\/div>\n\t\t<\/div>\n\t\t\t\t\t<\/div>\n\t\t<\/section>\n\t\t\t\t<section class=\"elementor-section elementor-top-section elementor-element elementor-element-92ca64d elementor-section-boxed elementor-section-height-default elementor-section-height-default\" data-id=\"92ca64d\" data-element_type=\"section\" data-e-type=\"section\">\n\t\t\t\t\t\t<div class=\"elementor-container elementor-column-gap-default\">\n\t\t\t\t\t<div class=\"elementor-column elementor-col-50 elementor-top-column elementor-element elementor-element-6f1d6a4\" data-id=\"6f1d6a4\" data-element_type=\"column\" data-e-type=\"column\">\n\t\t\t<div class=\"elementor-widget-wrap elementor-element-populated\">\n\t\t\t\t\t\t<div class=\"elementor-element elementor-element-64bfa51 elementor-widget elementor-widget-image\" data-id=\"64bfa51\" data-element_type=\"widget\" data-e-type=\"widget\" data-widget_type=\"image.default\">\n\t\t\t\t<div class=\"elementor-widget-container\">\n\t\t\t\t\t\t\t\t\t\t\t\t\t\t\t<img fetchpriority=\"high\" decoding=\"async\" width=\"2003\" height=\"1464\" src=\"https:\/\/simproject.eu\/wp-content\/uploads\/2025\/01\/SIM-ezine-3-cover.png\" class=\"attachment-full size-full wp-image-1674\" alt=\"\" srcset=\"https:\/\/simproject.eu\/wp-content\/uploads\/2025\/01\/SIM-ezine-3-cover.png 2003w, https:\/\/simproject.eu\/wp-content\/uploads\/2025\/01\/SIM-ezine-3-cover-300x219.png 300w, https:\/\/simproject.eu\/wp-content\/uploads\/2025\/01\/SIM-ezine-3-cover-1024x748.png 1024w, https:\/\/simproject.eu\/wp-content\/uploads\/2025\/01\/SIM-ezine-3-cover-768x561.png 768w, https:\/\/simproject.eu\/wp-content\/uploads\/2025\/01\/SIM-ezine-3-cover-1536x1123.png 1536w\" sizes=\"(max-width: 2003px) 100vw, 2003px\" \/>\t\t\t\t\t\t\t\t\t\t\t\t\t\t\t<\/div>\n\t\t\t\t<\/div>\n\t\t\t\t\t<\/div>\n\t\t<\/div>\n\t\t\t\t<div class=\"elementor-column elementor-col-50 elementor-top-column elementor-element elementor-element-e2ebcd9\" data-id=\"e2ebcd9\" data-element_type=\"column\" data-e-type=\"column\">\n\t\t\t<div class=\"elementor-widget-wrap elementor-element-populated\">\n\t\t\t\t\t\t<div class=\"elementor-element elementor-element-e0f9a81 elementor-widget__width-initial elementor-widget elementor-widget-text-editor\" data-id=\"e0f9a81\" data-element_type=\"widget\" data-e-type=\"widget\" data-widget_type=\"text-editor.default\">\n\t\t\t\t<div class=\"elementor-widget-container\">\n\t\t\t\t\t\t\t\t\t<p>E-ZINE #3<\/p>\t\t\t\t\t\t\t\t<\/div>\n\t\t\t\t<\/div>\n\t\t\t\t<div class=\"elementor-element elementor-element-f302dfd elementor-widget elementor-widget-heading\" data-id=\"f302dfd\" data-element_type=\"widget\" data-e-type=\"widget\" data-widget_type=\"heading.default\">\n\t\t\t\t<div class=\"elementor-widget-container\">\n\t\t\t\t\t<h2 class=\"elementor-heading-title elementor-size-default\">Gestaltung eines SIM-Bildungsprogramms<\/h2>\t\t\t\t<\/div>\n\t\t\t\t<\/div>\n\t\t\t\t<div class=\"elementor-element elementor-element-53c7bd9 elementor-widget__width-initial elementor-widget elementor-widget-text-editor\" data-id=\"53c7bd9\" data-element_type=\"widget\" data-e-type=\"widget\" data-widget_type=\"text-editor.default\">\n\t\t\t\t<div class=\"elementor-widget-container\">\n\t\t\t\t\t\t\t\t\t<p>In dieser Ausgabe konzentrieren wir uns auf die Gestaltung des Bildungsprogramms f\u00fcr Social Impact Manager, das auf f\u00fcnf Kernmodulen aufbaut. Wir feiern die Erasmus+ Tage in Frankreich und besuchen Wien, um unsere Fortschritte zu besprechen und einen Blick auf das Profil des Social Impact Managers zu werfen.   <\/p>\t\t\t\t\t\t\t\t<\/div>\n\t\t\t\t<\/div>\n\t\t\t\t<div class=\"elementor-element elementor-element-484a984 elementor-widget elementor-widget-button\" data-id=\"484a984\" data-element_type=\"widget\" data-e-type=\"widget\" data-widget_type=\"button.default\">\n\t\t\t\t<div class=\"elementor-widget-container\">\n\t\t\t\t\t\t\t\t\t<div class=\"elementor-button-wrapper\">\n\t\t\t\t\t<a class=\"elementor-button elementor-button-link elementor-size-sm\" href=\"https:\/\/simproject.eu\/download\/1455\/?tmstv=1736515390\">\n\t\t\t\t\t\t<span class=\"elementor-button-content-wrapper\">\n\t\t\t\t\t\t\t\t\t<span class=\"elementor-button-text\">Herunterladen<\/span>\n\t\t\t\t\t<\/span>\n\t\t\t\t\t<\/a>\n\t\t\t\t<\/div>\n\t\t\t\t\t\t\t\t<\/div>\n\t\t\t\t<\/div>\n\t\t\t\t<div class=\"elementor-element elementor-element-6fe5c22 elementor-widget elementor-widget-shortcode\" data-id=\"6fe5c22\" data-element_type=\"widget\" data-e-type=\"widget\" data-widget_type=\"shortcode.default\">\n\t\t\t\t<div class=\"elementor-widget-container\">\n\t\t\t\t\t\t\t<div class=\"elementor-shortcode\">Heruntergeladen540 mal<\/div>\n\t\t\t\t\t\t<\/div>\n\t\t\t\t<\/div>\n\t\t\t\t\t<\/div>\n\t\t<\/div>\n\t\t\t\t\t<\/div>\n\t\t<\/section>\n\t\t\t\t<section class=\"elementor-section elementor-top-section elementor-element elementor-element-281c2b0 elementor-section-boxed elementor-section-height-default elementor-section-height-default\" data-id=\"281c2b0\" data-element_type=\"section\" data-e-type=\"section\">\n\t\t\t\t\t\t<div class=\"elementor-container elementor-column-gap-default\">\n\t\t\t\t\t<div class=\"elementor-column elementor-col-50 elementor-top-column elementor-element elementor-element-7ee455d\" data-id=\"7ee455d\" data-element_type=\"column\" data-e-type=\"column\">\n\t\t\t<div class=\"elementor-widget-wrap elementor-element-populated\">\n\t\t\t\t\t\t<div class=\"elementor-element elementor-element-76200a4 elementor-widget elementor-widget-image\" data-id=\"76200a4\" data-element_type=\"widget\" data-e-type=\"widget\" data-widget_type=\"image.default\">\n\t\t\t\t<div class=\"elementor-widget-container\">\n\t\t\t\t\t\t\t\t\t\t\t\t\t\t\t<img decoding=\"async\" width=\"1696\" height=\"2560\" src=\"https:\/\/simproject.eu\/wp-content\/uploads\/2023\/08\/shane-rounce-DNkoNXQti3c-unsplash-scaled.jpg\" class=\"attachment-full size-full wp-image-51\" alt=\"\" srcset=\"https:\/\/simproject.eu\/wp-content\/uploads\/2023\/08\/shane-rounce-DNkoNXQti3c-unsplash-scaled.jpg 1696w, https:\/\/simproject.eu\/wp-content\/uploads\/2023\/08\/shane-rounce-DNkoNXQti3c-unsplash-199x300.jpg 199w, https:\/\/simproject.eu\/wp-content\/uploads\/2023\/08\/shane-rounce-DNkoNXQti3c-unsplash-678x1024.jpg 678w, https:\/\/simproject.eu\/wp-content\/uploads\/2023\/08\/shane-rounce-DNkoNXQti3c-unsplash-768x1160.jpg 768w, https:\/\/simproject.eu\/wp-content\/uploads\/2023\/08\/shane-rounce-DNkoNXQti3c-unsplash-1017x1536.jpg 1017w, https:\/\/simproject.eu\/wp-content\/uploads\/2023\/08\/shane-rounce-DNkoNXQti3c-unsplash-1356x2048.jpg 1356w\" sizes=\"(max-width: 1696px) 100vw, 1696px\" \/>\t\t\t\t\t\t\t\t\t\t\t\t\t\t\t<\/div>\n\t\t\t\t<\/div>\n\t\t\t\t\t<\/div>\n\t\t<\/div>\n\t\t\t\t<div class=\"elementor-column elementor-col-50 elementor-top-column elementor-element elementor-element-85c2291\" data-id=\"85c2291\" data-element_type=\"column\" data-e-type=\"column\">\n\t\t\t<div class=\"elementor-widget-wrap elementor-element-populated\">\n\t\t\t\t\t\t<div class=\"elementor-element elementor-element-dbdc905 elementor-widget__width-initial elementor-widget elementor-widget-text-editor\" data-id=\"dbdc905\" data-element_type=\"widget\" data-e-type=\"widget\" data-widget_type=\"text-editor.default\">\n\t\t\t\t<div class=\"elementor-widget-container\">\n\t\t\t\t\t\t\t\t\t<p>E-ZINE #2<\/p>\t\t\t\t\t\t\t\t<\/div>\n\t\t\t\t<\/div>\n\t\t\t\t<div class=\"elementor-element elementor-element-0e8aa0a elementor-widget elementor-widget-heading\" data-id=\"0e8aa0a\" data-element_type=\"widget\" data-e-type=\"widget\" data-widget_type=\"heading.default\">\n\t\t\t\t<div class=\"elementor-widget-container\">\n\t\t\t\t\t<h2 class=\"elementor-heading-title elementor-size-default\">Vorw\u00e4rtskommen: Von der Forschung zum Handeln im SIM-Projekt<\/h2>\t\t\t\t<\/div>\n\t\t\t\t<\/div>\n\t\t\t\t<div class=\"elementor-element elementor-element-cc5ae43 elementor-widget__width-initial elementor-widget elementor-widget-text-editor\" data-id=\"cc5ae43\" data-element_type=\"widget\" data-e-type=\"widget\" data-widget_type=\"text-editor.default\">\n\t\t\t\t<div class=\"elementor-widget-container\">\n\t\t\t\t\t\t\t\t\t<p>Unsere zweite Ausgabe zielt darauf ab, ein neues Profil von Managern zu kultivieren, den Social Impact Manager, der mit einer Reihe von F\u00e4higkeiten ausgestattet ist, die nicht nur f\u00fcr finanzielles Wachstum, sondern auch f\u00fcr soziales und \u00f6kologisches Wohlergehen in Gemeinden unerl\u00e4sslich sind.<\/p>\t\t\t\t\t\t\t\t<\/div>\n\t\t\t\t<\/div>\n\t\t\t\t<div class=\"elementor-element elementor-element-3fd183f elementor-widget elementor-widget-button\" data-id=\"3fd183f\" data-element_type=\"widget\" data-e-type=\"widget\" data-widget_type=\"button.default\">\n\t\t\t\t<div class=\"elementor-widget-container\">\n\t\t\t\t\t\t\t\t\t<div class=\"elementor-button-wrapper\">\n\t\t\t\t\t<a class=\"elementor-button elementor-button-link elementor-size-sm\" href=\"https:\/\/simproject.eu\/download\/764\/?tmstv=1721137496\">\n\t\t\t\t\t\t<span class=\"elementor-button-content-wrapper\">\n\t\t\t\t\t\t\t\t\t<span class=\"elementor-button-text\">Herunterladen<\/span>\n\t\t\t\t\t<\/span>\n\t\t\t\t\t<\/a>\n\t\t\t\t<\/div>\n\t\t\t\t\t\t\t\t<\/div>\n\t\t\t\t<\/div>\n\t\t\t\t<div class=\"elementor-element elementor-element-adcb36b elementor-widget elementor-widget-shortcode\" data-id=\"adcb36b\" data-element_type=\"widget\" data-e-type=\"widget\" data-widget_type=\"shortcode.default\">\n\t\t\t\t<div class=\"elementor-widget-container\">\n\t\t\t\t\t\t\t<div class=\"elementor-shortcode\">Heruntergeladen888 mal<\/div>\n\t\t\t\t\t\t<\/div>\n\t\t\t\t<\/div>\n\t\t\t\t\t<\/div>\n\t\t<\/div>\n\t\t\t\t\t<\/div>\n\t\t<\/section>\n\t\t\t\t<section class=\"elementor-section elementor-top-section elementor-element elementor-element-e22a240 elementor-section-boxed elementor-section-height-default elementor-section-height-default\" data-id=\"e22a240\" data-element_type=\"section\" data-e-type=\"section\">\n\t\t\t\t\t\t<div class=\"elementor-container elementor-column-gap-default\">\n\t\t\t\t\t<div class=\"elementor-column elementor-col-50 elementor-top-column elementor-element elementor-element-2c680ef\" data-id=\"2c680ef\" data-element_type=\"column\" data-e-type=\"column\">\n\t\t\t<div class=\"elementor-widget-wrap elementor-element-populated\">\n\t\t\t\t\t\t<div class=\"elementor-element elementor-element-75296f7 elementor-widget elementor-widget-image\" data-id=\"75296f7\" data-element_type=\"widget\" data-e-type=\"widget\" data-widget_type=\"image.default\">\n\t\t\t\t<div class=\"elementor-widget-container\">\n\t\t\t\t\t\t\t\t\t\t\t\t\t\t\t<img decoding=\"async\" width=\"1653\" height=\"1026\" src=\"https:\/\/simproject.eu\/wp-content\/uploads\/2024\/01\/ezine1.jpg\" class=\"attachment-full size-full wp-image-1673\" alt=\"\" srcset=\"https:\/\/simproject.eu\/wp-content\/uploads\/2024\/01\/ezine1.jpg 1653w, https:\/\/simproject.eu\/wp-content\/uploads\/2024\/01\/ezine1-300x186.jpg 300w, https:\/\/simproject.eu\/wp-content\/uploads\/2024\/01\/ezine1-1024x636.jpg 1024w, https:\/\/simproject.eu\/wp-content\/uploads\/2024\/01\/ezine1-768x477.jpg 768w, https:\/\/simproject.eu\/wp-content\/uploads\/2024\/01\/ezine1-1536x953.jpg 1536w\" sizes=\"(max-width: 1653px) 100vw, 1653px\" \/>\t\t\t\t\t\t\t\t\t\t\t\t\t\t\t<\/div>\n\t\t\t\t<\/div>\n\t\t\t\t\t<\/div>\n\t\t<\/div>\n\t\t\t\t<div class=\"elementor-column elementor-col-50 elementor-top-column elementor-element elementor-element-8a2d51a\" data-id=\"8a2d51a\" data-element_type=\"column\" data-e-type=\"column\">\n\t\t\t<div class=\"elementor-widget-wrap elementor-element-populated\">\n\t\t\t\t\t\t<div class=\"elementor-element elementor-element-50bbc95 elementor-widget__width-initial elementor-widget elementor-widget-text-editor\" data-id=\"50bbc95\" data-element_type=\"widget\" data-e-type=\"widget\" data-widget_type=\"text-editor.default\">\n\t\t\t\t<div class=\"elementor-widget-container\">\n\t\t\t\t\t\t\t\t\t<p>E-ZINE #1<\/p>\t\t\t\t\t\t\t\t<\/div>\n\t\t\t\t<\/div>\n\t\t\t\t<div class=\"elementor-element elementor-element-187cb18 elementor-widget elementor-widget-heading\" data-id=\"187cb18\" data-element_type=\"widget\" data-e-type=\"widget\" data-widget_type=\"heading.default\">\n\t\t\t\t<div class=\"elementor-widget-container\">\n\t\t\t\t\t<h2 class=\"elementor-heading-title elementor-size-default\">Br\u00fcckenschlag zwischen Unternehmen und der lokalen Gemeinschaft<\/h2>\t\t\t\t<\/div>\n\t\t\t\t<\/div>\n\t\t\t\t<div class=\"elementor-element elementor-element-ea34a94 elementor-widget__width-initial elementor-widget elementor-widget-text-editor\" data-id=\"ea34a94\" data-element_type=\"widget\" data-e-type=\"widget\" data-widget_type=\"text-editor.default\">\n\t\t\t\t<div class=\"elementor-widget-container\">\n\t\t\t\t\t\t\t\t\t<p>Wir freuen uns, Ihnen das halbj\u00e4hrlich erscheinende Magazin von Social Impact Manager vorstellen zu k\u00f6nnen. Unsere erste Ausgabe ermutigt Sie, das Konzept zu erkunden, indem sie die Motivation und die Vision unseres Projekts sowie die wichtigsten Aktivit\u00e4ten der Partner vorstellt. <\/p>\t\t\t\t\t\t\t\t<\/div>\n\t\t\t\t<\/div>\n\t\t\t\t<div class=\"elementor-element elementor-element-b468f28 elementor-widget elementor-widget-button\" data-id=\"b468f28\" data-element_type=\"widget\" data-e-type=\"widget\" data-widget_type=\"button.default\">\n\t\t\t\t<div class=\"elementor-widget-container\">\n\t\t\t\t\t\t\t\t\t<div class=\"elementor-button-wrapper\">\n\t\t\t\t\t<a class=\"elementor-button elementor-button-link elementor-size-sm\" href=\"https:\/\/simproject.eu\/download\/523\/?tmstv=1705507071\">\n\t\t\t\t\t\t<span class=\"elementor-button-content-wrapper\">\n\t\t\t\t\t\t\t\t\t<span class=\"elementor-button-text\">Herunterladen<\/span>\n\t\t\t\t\t<\/span>\n\t\t\t\t\t<\/a>\n\t\t\t\t<\/div>\n\t\t\t\t\t\t\t\t<\/div>\n\t\t\t\t<\/div>\n\t\t\t\t<div class=\"elementor-element elementor-element-1710fe9 elementor-widget elementor-widget-shortcode\" data-id=\"1710fe9\" data-element_type=\"widget\" data-e-type=\"widget\" data-widget_type=\"shortcode.default\">\n\t\t\t\t<div class=\"elementor-widget-container\">\n\t\t\t\t\t\t\t<div class=\"elementor-shortcode\">Heruntergeladen1094 mal<\/div>\n\t\t\t\t\t\t<\/div>\n\t\t\t\t<\/div>\n\t\t\t\t\t<\/div>\n\t\t<\/div>\n\t\t\t\t\t<\/div>\n\t\t<\/section>\n\t\t\t\t<\/div>\n\t\t","protected":false},"excerpt":{"rendered":"<p>SIM E-Zines E-ZINE #3 Gestaltung eines SIM-Bildungsprogramms In dieser Ausgabe konzentrieren wir uns auf die Gestaltung des Bildungsprogramms f\u00fcr Social Impact Manager, das auf f\u00fcnf Kernmodulen aufbaut. Wir feiern die Erasmus+ Tage in Frankreich und besuchen Wien, um unsere Fortschritte zu besprechen und einen Blick auf das Profil des Social Impact Managers zu werfen. Herunterladen [&hellip;]<\/p>\n","protected":false},"author":3,"featured_media":0,"parent":0,"menu_order":0,"comment_status":"closed","ping_status":"closed","template":"elementor_header_footer","meta":{"h5ap_radio_sources":[],"footnotes":""},"class_list":["post-1671","page","type-page","status-publish","hentry"],"_links":{"self":[{"href":"https:\/\/simproject.eu\/de\/wp-json\/wp\/v2\/pages\/1671","targetHints":{"allow":["GET"]}}],"collection":[{"href":"https:\/\/simproject.eu\/de\/wp-json\/wp\/v2\/pages"}],"about":[{"href":"https:\/\/simproject.eu\/de\/wp-json\/wp\/v2\/types\/page"}],"author":[{"embeddable":true,"href":"https:\/\/simproject.eu\/de\/wp-json\/wp\/v2\/users\/3"}],"replies":[{"embeddable":true,"href":"https:\/\/simproject.eu\/de\/wp-json\/wp\/v2\/comments?post=1671"}],"version-history":[{"count":2,"href":"https:\/\/simproject.eu\/de\/wp-json\/wp\/v2\/pages\/1671\/revisions"}],"predecessor-version":[{"id":2211,"href":"https:\/\/simproject.eu\/de\/wp-json\/wp\/v2\/pages\/1671\/revisions\/2211"}],"wp:attachment":[{"href":"https:\/\/simproject.eu\/de\/wp-json\/wp\/v2\/media?parent=1671"}],"curies":[{"name":"wp","href":"https:\/\/api.w.org\/{rel}","templated":true}]}}