{"id":1801,"date":"2024-08-01T14:25:02","date_gmt":"2024-08-01T14:25:02","guid":{"rendered":"https:\/\/simproject.eu\/italien\/"},"modified":"2025-02-27T13:13:59","modified_gmt":"2025-02-27T13:13:59","slug":"italien","status":"publish","type":"page","link":"https:\/\/simproject.eu\/de\/forschung\/italien\/","title":{"rendered":"Italien"},"content":{"rendered":"\t\t<div data-elementor-type=\"wp-page\" data-elementor-id=\"1801\" class=\"elementor elementor-1801 elementor-772\" data-elementor-post-type=\"page\">\n\t\t\t\t\t\t<section class=\"elementor-section elementor-top-section elementor-element elementor-element-fd8cfb8 elementor-section-height-min-height elementor-section-boxed elementor-section-height-default elementor-section-items-middle\" data-id=\"fd8cfb8\" data-element_type=\"section\" data-e-type=\"section\" data-settings=\"{&quot;background_background&quot;:&quot;classic&quot;}\">\n\t\t\t\t\t\t\t<div class=\"elementor-background-overlay\"><\/div>\n\t\t\t\t\t\t\t<div class=\"elementor-container elementor-column-gap-default\">\n\t\t\t\t\t<div class=\"elementor-column elementor-col-100 elementor-top-column elementor-element elementor-element-133cc2d\" data-id=\"133cc2d\" data-element_type=\"column\" data-e-type=\"column\">\n\t\t\t<div class=\"elementor-widget-wrap elementor-element-populated\">\n\t\t\t\t\t\t<div class=\"elementor-element elementor-element-ff9b0e2 elementor-widget elementor-widget-heading\" data-id=\"ff9b0e2\" data-element_type=\"widget\" data-e-type=\"widget\" data-widget_type=\"heading.default\">\n\t\t\t\t<div class=\"elementor-widget-container\">\n\t\t\t\t\t<h1 class=\"elementor-heading-title elementor-size-default\">Italien<\/h1>\t\t\t\t<\/div>\n\t\t\t\t<\/div>\n\t\t\t\t<div class=\"elementor-element elementor-element-7af80c7 elementor-widget elementor-widget-heading\" data-id=\"7af80c7\" data-element_type=\"widget\" data-e-type=\"widget\" data-widget_type=\"heading.default\">\n\t\t\t\t<div class=\"elementor-widget-container\">\n\t\t\t\t\t<h2 class=\"elementor-heading-title elementor-size-default\">Wichtigste Ergebnisse der Forschung<\/h2>\t\t\t\t<\/div>\n\t\t\t\t<\/div>\n\t\t\t\t\t<\/div>\n\t\t<\/div>\n\t\t\t\t\t<\/div>\n\t\t<\/section>\n\t\t\t\t<section class=\"elementor-section elementor-top-section elementor-element elementor-element-eed2225 elementor-section-boxed elementor-section-height-default elementor-section-height-default\" data-id=\"eed2225\" data-element_type=\"section\" data-e-type=\"section\">\n\t\t\t\t\t\t<div class=\"elementor-container elementor-column-gap-default\">\n\t\t\t\t\t<div class=\"elementor-column elementor-col-100 elementor-top-column elementor-element elementor-element-26b347e\" data-id=\"26b347e\" data-element_type=\"column\" data-e-type=\"column\" data-settings=\"{&quot;background_background&quot;:&quot;classic&quot;}\">\n\t\t\t<div class=\"elementor-widget-wrap elementor-element-populated\">\n\t\t\t\t\t\t<div class=\"elementor-element elementor-element-7bf5a98 elementor-widget elementor-widget-heading\" data-id=\"7bf5a98\" data-element_type=\"widget\" data-e-type=\"widget\" data-widget_type=\"heading.default\">\n\t\t\t\t<div class=\"elementor-widget-container\">\n\t\t\t\t\t<h2 class=\"elementor-heading-title elementor-size-default\">Italien<\/h2>\t\t\t\t<\/div>\n\t\t\t\t<\/div>\n\t\t\t\t<div class=\"elementor-element elementor-element-e26212a elementor-icon-list--layout-traditional elementor-list-item-link-full_width elementor-widget elementor-widget-icon-list\" data-id=\"e26212a\" data-element_type=\"widget\" data-e-type=\"widget\" data-widget_type=\"icon-list.default\">\n\t\t\t\t<div class=\"elementor-widget-container\">\n\t\t\t\t\t\t\t<ul class=\"elementor-icon-list-items\">\n\t\t\t\t\t\t\t<li class=\"elementor-icon-list-item\">\n\t\t\t\t\t\t\t\t\t\t\t<span class=\"elementor-icon-list-icon\">\n\t\t\t\t\t\t\t<i aria-hidden=\"true\" class=\"fas fa-check\"><\/i>\t\t\t\t\t\t<\/span>\n\t\t\t\t\t\t\t\t\t\t<span class=\"elementor-icon-list-text\">Die Forschung in der Lombardei, dem wirtschaftlichen Zentrum Italiens, konzentrierte sich auf Unternehmen und lokale Gemeinschaften, insbesondere in Mailand<\/span>\n\t\t\t\t\t\t\t\t\t<\/li>\n\t\t\t\t\t\t\t\t<li class=\"elementor-icon-list-item\">\n\t\t\t\t\t\t\t\t\t\t\t<span class=\"elementor-icon-list-icon\">\n\t\t\t\t\t\t\t<i aria-hidden=\"true\" class=\"fas fa-check\"><\/i>\t\t\t\t\t\t<\/span>\n\t\t\t\t\t\t\t\t\t\t<span class=\"elementor-icon-list-text\">Interviews mit f\u00fcnf Unternehmen zeigten einen Mangel an CSR-Expertise auf, der zu strategischen und interaktiven Herausforderungen f\u00fchrt<\/span>\n\t\t\t\t\t\t\t\t\t<\/li>\n\t\t\t\t\t\t\t\t<li class=\"elementor-icon-list-item\">\n\t\t\t\t\t\t\t\t\t\t\t<span class=\"elementor-icon-list-icon\">\n\t\t\t\t\t\t\t<i aria-hidden=\"true\" class=\"fas fa-check\"><\/i>\t\t\t\t\t\t<\/span>\n\t\t\t\t\t\t\t\t\t\t<span class=\"elementor-icon-list-text\">Umfragen unter 143 Befragten zeigten eine von M\u00e4nnern dominierte F\u00fchrungsebene<\/span>\n\t\t\t\t\t\t\t\t\t<\/li>\n\t\t\t\t\t\t\t\t<li class=\"elementor-icon-list-item\">\n\t\t\t\t\t\t\t\t\t\t\t<span class=\"elementor-icon-list-icon\">\n\t\t\t\t\t\t\t<i aria-hidden=\"true\" class=\"fas fa-check\"><\/i>\t\t\t\t\t\t<\/span>\n\t\t\t\t\t\t\t\t\t\t<span class=\"elementor-icon-list-text\">Fokusgruppen betonten die Bedeutung der Nachhaltigkeit, stellten jedoch interne Kapazit\u00e4tsprobleme und Misstrauen gegen\u00fcber NGOs fest<\/span>\n\t\t\t\t\t\t\t\t\t<\/li>\n\t\t\t\t\t\t\t\t<li class=\"elementor-icon-list-item\">\n\t\t\t\t\t\t\t\t\t\t\t<span class=\"elementor-icon-list-icon\">\n\t\t\t\t\t\t\t<i aria-hidden=\"true\" class=\"fas fa-check\"><\/i>\t\t\t\t\t\t<\/span>\n\t\t\t\t\t\t\t\t\t\t<span class=\"elementor-icon-list-text\">Lokale Workshops identifizierten Kommunikationsl\u00fccken und Finanzierungsengp\u00e4sse f\u00fcr soziale Initiativen<\/span>\n\t\t\t\t\t\t\t\t\t<\/li>\n\t\t\t\t\t\t\t\t<li class=\"elementor-icon-list-item\">\n\t\t\t\t\t\t\t\t\t\t\t<span class=\"elementor-icon-list-icon\">\n\t\t\t\t\t\t\t<i aria-hidden=\"true\" class=\"fas fa-check\"><\/i>\t\t\t\t\t\t<\/span>\n\t\t\t\t\t\t\t\t\t\t<span class=\"elementor-icon-list-text\">Eine effektive Zusammenarbeit zwischen Unternehmen, NGOs und lokalen Beh\u00f6rden ist f\u00fcr wirkungsvolle CSR-Initiativen von entscheidender Bedeutung<\/span>\n\t\t\t\t\t\t\t\t\t<\/li>\n\t\t\t\t\t\t<\/ul>\n\t\t\t\t\t\t<\/div>\n\t\t\t\t<\/div>\n\t\t\t\t\t<\/div>\n\t\t<\/div>\n\t\t\t\t\t<\/div>\n\t\t<\/section>\n\t\t\t\t<section class=\"elementor-section elementor-top-section elementor-element elementor-element-dcd56e3 elementor-section-boxed elementor-section-height-default elementor-section-height-default\" data-id=\"dcd56e3\" data-element_type=\"section\" data-e-type=\"section\">\n\t\t\t\t\t\t<div class=\"elementor-container elementor-column-gap-default\">\n\t\t\t\t\t<div class=\"elementor-column elementor-col-100 elementor-top-column elementor-element elementor-element-0c6f2b0\" data-id=\"0c6f2b0\" data-element_type=\"column\" data-e-type=\"column\">\n\t\t\t<div class=\"elementor-widget-wrap elementor-element-populated\">\n\t\t\t\t\t\t<div class=\"elementor-element elementor-element-945a14b elementor-absolute e-transform elementor-widget elementor-widget-image\" data-id=\"945a14b\" data-element_type=\"widget\" data-e-type=\"widget\" data-settings=\"{&quot;_position&quot;:&quot;absolute&quot;,&quot;_transform_rotateZ_effect&quot;:{&quot;unit&quot;:&quot;px&quot;,&quot;size&quot;:-126,&quot;sizes&quot;:[]},&quot;_transform_rotateZ_effect_tablet&quot;:{&quot;unit&quot;:&quot;deg&quot;,&quot;size&quot;:&quot;&quot;,&quot;sizes&quot;:[]},&quot;_transform_rotateZ_effect_mobile&quot;:{&quot;unit&quot;:&quot;deg&quot;,&quot;size&quot;:&quot;&quot;,&quot;sizes&quot;:[]}}\" data-widget_type=\"image.default\">\n\t\t\t\t<div class=\"elementor-widget-container\">\n\t\t\t\t\t\t\t\t\t\t\t\t\t\t\t<img fetchpriority=\"high\" decoding=\"async\" width=\"772\" height=\"1024\" src=\"https:\/\/simproject.eu\/wp-content\/uploads\/2024\/08\/Picture1-772x1024.png\" class=\"attachment-large size-large wp-image-1813\" alt=\"\" srcset=\"https:\/\/simproject.eu\/wp-content\/uploads\/2024\/08\/Picture1-772x1024.png 772w, https:\/\/simproject.eu\/wp-content\/uploads\/2024\/08\/Picture1-226x300.png 226w, https:\/\/simproject.eu\/wp-content\/uploads\/2024\/08\/Picture1-768x1019.png 768w, https:\/\/simproject.eu\/wp-content\/uploads\/2024\/08\/Picture1.png 896w\" sizes=\"(max-width: 772px) 100vw, 772px\" \/>\t\t\t\t\t\t\t\t\t\t\t\t\t\t\t<\/div>\n\t\t\t\t<\/div>\n\t\t\t\t<div class=\"elementor-element elementor-element-9c9a676 elementor-widget elementor-widget-image\" data-id=\"9c9a676\" data-element_type=\"widget\" data-e-type=\"widget\" data-widget_type=\"image.default\">\n\t\t\t\t<div class=\"elementor-widget-container\">\n\t\t\t\t\t\t\t\t\t\t\t\t\t\t\t\t<a href=\"https:\/\/simproject.eu\/wp-content\/uploads\/2024\/09\/SIM-infographic-2-scaled.jpg\" data-elementor-open-lightbox=\"yes\" data-elementor-lightbox-title=\"SIM infographic 2\" data-e-action-hash=\"#elementor-action%3Aaction%3Dlightbox%26settings%3DeyJpZCI6MTkzMCwidXJsIjoiaHR0cHM6XC9cL3NpbXByb2plY3QuZXVcL3dwLWNvbnRlbnRcL3VwbG9hZHNcLzIwMjRcLzA5XC9TSU0taW5mb2dyYXBoaWMtMi1zY2FsZWQuanBnIn0%3D\">\n\t\t\t\t\t\t\t<img decoding=\"async\" width=\"2560\" height=\"1746\" src=\"https:\/\/simproject.eu\/wp-content\/uploads\/2024\/09\/SIM-infographic-2-scaled.jpg\" class=\"attachment-full size-full wp-image-1930\" alt=\"\" srcset=\"https:\/\/simproject.eu\/wp-content\/uploads\/2024\/09\/SIM-infographic-2-scaled.jpg 2560w, https:\/\/simproject.eu\/wp-content\/uploads\/2024\/09\/SIM-infographic-2-300x205.jpg 300w, https:\/\/simproject.eu\/wp-content\/uploads\/2024\/09\/SIM-infographic-2-1024x698.jpg 1024w, https:\/\/simproject.eu\/wp-content\/uploads\/2024\/09\/SIM-infographic-2-768x524.jpg 768w, https:\/\/simproject.eu\/wp-content\/uploads\/2024\/09\/SIM-infographic-2-1536x1048.jpg 1536w, https:\/\/simproject.eu\/wp-content\/uploads\/2024\/09\/SIM-infographic-2-2048x1397.jpg 2048w\" sizes=\"(max-width: 2560px) 100vw, 2560px\" \/>\t\t\t\t\t\t\t\t<\/a>\n\t\t\t\t\t\t\t\t\t\t\t\t\t\t\t<\/div>\n\t\t\t\t<\/div>\n\t\t\t\t\t<\/div>\n\t\t<\/div>\n\t\t\t\t\t<\/div>\n\t\t<\/section>\n\t\t\t\t<section class=\"elementor-section elementor-top-section elementor-element elementor-element-b1f8320 elementor-section-boxed elementor-section-height-default elementor-section-height-default\" data-id=\"b1f8320\" data-element_type=\"section\" data-e-type=\"section\">\n\t\t\t\t\t\t<div class=\"elementor-container elementor-column-gap-default\">\n\t\t\t\t\t<div class=\"elementor-column elementor-col-100 elementor-top-column elementor-element elementor-element-b91dd45\" data-id=\"b91dd45\" data-element_type=\"column\" data-e-type=\"column\">\n\t\t\t<div class=\"elementor-widget-wrap elementor-element-populated\">\n\t\t\t\t\t\t<div class=\"elementor-element elementor-element-152730a elementor-widget elementor-widget-image\" data-id=\"152730a\" data-element_type=\"widget\" data-e-type=\"widget\" data-widget_type=\"image.default\">\n\t\t\t\t<div class=\"elementor-widget-container\">\n\t\t\t\t\t\t\t\t\t\t\t\t\t\t\t<img decoding=\"async\" width=\"100\" height=\"61\" src=\"https:\/\/simproject.eu\/wp-content\/uploads\/2024\/09\/edenred_logo.svg\" class=\"attachment-large size-large wp-image-1816\" alt=\"\" \/>\t\t\t\t\t\t\t\t\t\t\t\t\t\t\t<\/div>\n\t\t\t\t<\/div>\n\t\t\t\t<div class=\"elementor-element elementor-element-33fae6b elementor-widget elementor-widget-heading\" data-id=\"33fae6b\" data-element_type=\"widget\" data-e-type=\"widget\" data-widget_type=\"heading.default\">\n\t\t\t\t<div class=\"elementor-widget-container\">\n\t\t\t\t\t<h2 class=\"elementor-heading-title elementor-size-default\">FALLSTUDIE: Edenred - Italien<\/h2>\t\t\t\t<\/div>\n\t\t\t\t<\/div>\n\t\t\t\t<div class=\"elementor-element elementor-element-558ed65 elementor-widget elementor-widget-text-editor\" data-id=\"558ed65\" data-element_type=\"widget\" data-e-type=\"widget\" data-widget_type=\"text-editor.default\">\n\t\t\t\t<div class=\"elementor-widget-container\">\n\t\t\t\t\t\t\t\t\t<p><a href=\"https:\/\/www.edenred.com\/en\">Edenred<\/a> ist ein Beispiel f\u00fcr Innovation und soziale Verantwortung. Als Pioniere von Restaurant Ticket haben sie ein Verm\u00e4chtnis zur Verbesserung des Wohlbefindens der Mitarbeiter in Organisationen geschaffen. Das Engagement geht \u00fcber die einzelnen Unternehmen hinaus, denn sie haben eine gr\u00f6\u00dfere Gruppe mit einer Unternehmensstruktur geschaffen, die sich der Nachhaltigkeit verschrieben hat. Dieser ganzheitliche Ansatz stellt sicher, dass CSR-Initiativen nicht einfach nur ein nachtr\u00e4glicher Gedanke sind, sondern ein integraler Bestandteil der Unternehmensphilosophie. Der CSR-Ansatz von Edenred zeichnet sich durch seine vielschichtige Struktur aus. An der Spitze dieser Initiative steht ein engagiertes konzernweites Team, das mit der \u00dcberwachung der Nachhaltigkeitspraktiken in der gesamten Organisation beauftragt ist. Dieses Engagement wird auf nationaler Ebene weiter gefestigt, wo das Team an der Umsetzung und Lokalisierung von CSR-Strategien arbeitet.      <\/p><p>In Italien untersteht der CSR-Manager dem Direktor f\u00fcr Humanressourcen und CSR und unterstreicht den integrierten Ansatz des Unternehmens f\u00fcr das Wohlbefinden der Mitarbeiter und die soziale Verantwortung. Eine der S\u00e4ulen der CSR-Strategie ist das Engagement f\u00fcr die Verbindung mit lokalen Gemeinschaften. Obwohl das Unternehmen die gr\u00f6\u00dften Niederlassungen in Mailand und Rom und kleinere Niederlassungen in Bari, Neapel und Trient hat, ist es bestrebt, eine st\u00e4ndige Pr\u00e4senz und Verbindung zu den Gemeinden aufrechtzuerhalten. Das Vorzeigeprogramm Restaurant Ticket geht \u00fcber die Bereitstellung von Essenspausen hinaus und unterst\u00fctzt lokale Organisationen, die Bed\u00fcrftigen helfen. Das Unternehmen bindet seine Mitarbeiter durch bezahlte Freiwilligentage bei Organisationen wie der Banco Alimentare oder der Caritas direkt ein, um ihnen die M\u00f6glichkeit zu geben, das Leben anderer sp\u00fcrbar zu verbessern und die soziale Realit\u00e4t aus n\u00e4chster N\u00e4he kennenzulernen.    <\/p><p>In Zusammenarbeit mit einem Kundenunternehmen und der Food Bank wurde ein Pilotprogramm namens &#8222;Spenden Sie Ihren Einkauf&#8220; gestartet. Diese innovative Initiative erm\u00f6glicht es den Nutzern von Edenred-Anwendungen, Lebensmittel zu kaufen, die dann an den Food Bank-Punkten in der N\u00e4he des Kundenunternehmens gespendet werden. Dieses Programm stellt nicht nur dringend ben\u00f6tigte Lebensmittel zur Verf\u00fcgung, sondern f\u00f6rdert auch das Gemeinschaftsgef\u00fchl unter unseren Nutzern. Das Engagement von Edenred f\u00fcr das Wohlergehen der Mitarbeiter und die soziale Verantwortung ist ein Beispiel f\u00fcr ein Unternehmen, das mit einer Unternehmensvision geboren wurde, die \u00fcber den reinen Profit hinausgeht und auf das Gemeinwohl ausgerichtet ist. Wir wenden uns an die gro\u00dfen Unternehmen der Zukunft, die zunehmend dem Modell der Benefizunternehmen und der B-Corp-Unternehmen folgen und zu Beispielen f\u00fcr Verantwortung und sozialen Wandel werden.    <\/p>\t\t\t\t\t\t\t\t<\/div>\n\t\t\t\t<\/div>\n\t\t\t\t<section class=\"elementor-section elementor-inner-section elementor-element elementor-element-52a170c elementor-section-boxed elementor-section-height-default elementor-section-height-default\" data-id=\"52a170c\" data-element_type=\"section\" data-e-type=\"section\">\n\t\t\t\t\t\t<div class=\"elementor-container elementor-column-gap-default\">\n\t\t\t\t\t<div class=\"elementor-column elementor-col-50 elementor-inner-column elementor-element elementor-element-3f330d4\" data-id=\"3f330d4\" data-element_type=\"column\" data-e-type=\"column\">\n\t\t\t<div class=\"elementor-widget-wrap elementor-element-populated\">\n\t\t\t\t\t\t<div class=\"elementor-element elementor-element-f9fc28a elementor-widget elementor-widget-image\" data-id=\"f9fc28a\" data-element_type=\"widget\" data-e-type=\"widget\" data-widget_type=\"image.default\">\n\t\t\t\t<div class=\"elementor-widget-container\">\n\t\t\t\t\t\t\t\t\t\t\t\t\t\t\t<img loading=\"lazy\" decoding=\"async\" width=\"612\" height=\"612\" src=\"https:\/\/simproject.eu\/wp-content\/uploads\/2024\/09\/podcast-badge-icon-stamp-logo-vector-stock-illustration-vector-id1192908503.png\" class=\"attachment-large size-large wp-image-1817\" alt=\"\" srcset=\"https:\/\/simproject.eu\/wp-content\/uploads\/2024\/09\/podcast-badge-icon-stamp-logo-vector-stock-illustration-vector-id1192908503.png 612w, https:\/\/simproject.eu\/wp-content\/uploads\/2024\/09\/podcast-badge-icon-stamp-logo-vector-stock-illustration-vector-id1192908503-300x300.png 300w, https:\/\/simproject.eu\/wp-content\/uploads\/2024\/09\/podcast-badge-icon-stamp-logo-vector-stock-illustration-vector-id1192908503-150x150.png 150w\" sizes=\"(max-width: 612px) 100vw, 612px\" \/>\t\t\t\t\t\t\t\t\t\t\t\t\t\t\t<\/div>\n\t\t\t\t<\/div>\n\t\t\t\t\t<\/div>\n\t\t<\/div>\n\t\t\t\t<div class=\"elementor-column elementor-col-50 elementor-inner-column elementor-element elementor-element-09078e6\" data-id=\"09078e6\" data-element_type=\"column\" data-e-type=\"column\">\n\t\t\t<div class=\"elementor-widget-wrap elementor-element-populated\">\n\t\t\t\t\t\t<div class=\"elementor-element elementor-element-0b1ac88 elementor-widget elementor-widget-heading\" data-id=\"0b1ac88\" data-element_type=\"widget\" data-e-type=\"widget\" data-widget_type=\"heading.default\">\n\t\t\t\t<div class=\"elementor-widget-container\">\n\t\t\t\t\t<h2 class=\"elementor-heading-title elementor-size-default\">EDENRED - Manageritalia Servizi Podcast<\/h2>\t\t\t\t<\/div>\n\t\t\t\t<\/div>\n\t\t\t\t<div class=\"elementor-element elementor-element-613ffe3 elementor-widget elementor-widget-shortcode\" data-id=\"613ffe3\" data-element_type=\"widget\" data-e-type=\"widget\" data-widget_type=\"shortcode.default\">\n\t\t\t\t<div class=\"elementor-widget-container\">\n\t\t\t\t\t\t\t<div class=\"elementor-shortcode\"><div\n    id=\"h5ap-player-1\"\n    data-id=\"h5ap-player-1\"\n    data-attributes=\"{&quot;uniqueId&quot;:&quot;player968&quot;,&quot;clientId&quot;:&quot;&quot;,&quot;align&quot;:&quot;&quot;,&quot;alignment&quot;:&quot;center&quot;,&quot;source&quot;:&quot;https:\\\/\\\/simproject.eu\\\/wp-content\\\/uploads\\\/2024\\\/08\\\/EDENRED-_-Manageritalia-Servizi-Podcast.mp3&quot;,&quot;poster&quot;:&quot;&quot;,&quot;title&quot;:&quot;Audio Title&quot;,&quot;artist&quot;:&quot;Author Name&quot;,&quot;color&quot;:&quot;#fff&quot;,&quot;textColor&quot;:&quot;#fff&quot;,&quot;primaryColor&quot;:&quot;#195FF5&quot;,&quot;hoverColor&quot;:&quot;#00B3FF&quot;,&quot;skin&quot;:&quot;Default&quot;,&quot;repeat&quot;:false,&quot;autoplay&quot;:false,&quot;isSticky&quot;:false,&quot;muted&quot;:false,&quot;loader&quot;:true,&quot;saveState&quot;:false,&quot;disablePause&quot;:false,&quot;seekTime&quot;:10,&quot;startTime&quot;:0,&quot;download&quot;:true,&quot;width&quot;:&quot;100%&quot;,&quot;radius&quot;:&quot;10px&quot;,&quot;controls&quot;:{&quot;play&quot;:true,&quot;progress&quot;:true,&quot;duration&quot;:true,&quot;mute&quot;:true,&quot;volume&quot;:true,&quot;settings&quot;:true},&quot;CSS&quot;:&quot;&quot;,&quot;i18n&quot;:{&quot;restart&quot;:&quot;Restart&quot;,&quot;rewind&quot;:&quot;Rewind {seektime}s&quot;,&quot;play&quot;:&quot;Play&quot;,&quot;pause&quot;:&quot;Pause&quot;,&quot;fastForward:&quot;:&quot;Forward {seektime}s&quot;,&quot;seek&quot;:&quot;Seek&quot;,&quot;seekLabel&quot;:&quot;{currentTime} of {duration}&quot;,&quot;played&quot;:&quot;Played&quot;,&quot;buffered&quot;:&quot;Buffered&quot;,&quot;currentTime:&quot;:&quot;Current time&quot;,&quot;duration&quot;:&quot;Duration&quot;,&quot;volume&quot;:&quot;Volume&quot;,&quot;mute&quot;:&quot;Mute&quot;,&quot;unmute&quot;:&quot;Unmute&quot;,&quot;enableCaptions&quot;:&quot;Enable captions&quot;,&quot;disableCaptions&quot;:&quot;Disable captions&quot;,&quot;download&quot;:&quot;Download&quot;,&quot;enterFullscreen&quot;:&quot;Enter fullscreen&quot;,&quot;exitFullscreen&quot;:&quot;Exit fullscreen&quot;,&quot;frameTitle&quot;:&quot;Player for {title}&quot;,&quot;captions&quot;:&quot;Captions&quot;,&quot;settings&quot;:&quot;Settings&quot;,&quot;pip&quot;:&quot;PIP&quot;,&quot;menuBack&quot;:&quot;Go back to previous menu&quot;,&quot;speed&quot;:&quot;Speed&quot;,&quot;normal&quot;:&quot;Normal&quot;,&quot;quality&quot;:&quot;Quality&quot;,&quot;loop&quot;:&quot;Loop&quot;,&quot;start&quot;:&quot;Start&quot;,&quot;end&quot;:&quot;End&quot;,&quot;all&quot;:&quot;All&quot;,&quot;reset&quot;:&quot;Reset&quot;,&quot;disabled&quot;:&quot;Disabled&quot;,&quot;enabled&quot;:&quot;Enabled&quot;,&quot;advertisement&quot;:&quot;Ad&quot;,&quot;qualityBadge&quot;:{&quot;2160&quot;:&quot;4K&quot;,&quot;1440&quot;:&quot;HD&quot;,&quot;1080&quot;:&quot;HD&quot;,&quot;720&quot;:&quot;HD&quot;,&quot;576&quot;:&quot;SD&quot;,&quot;480&quot;:&quot;SD&quot;}},&quot;controlColor&quot;:&quot;#4a5464&quot;,&quot;preload&quot;:&quot;metadata&quot;,&quot;speed&quot;:{&quot;selected&quot;:1,&quot;speed&quot;:[&quot;0.5&quot;,&quot; 0.75&quot;,&quot; 1&quot;,&quot; 1.25&quot;,&quot; 1.5&quot;,&quot; 1.75&quot;,&quot; 2&quot;,&quot; 4&quot;,&quot; 8&quot;]},&quot;multiple_audio&quot;:false,&quot;defaultValue&quot;:{&quot;Default&quot;:{&quot;primaryColor&quot;:&quot;#4A5464&quot;,&quot;controlColor&quot;:&quot;#4A5464&quot;,&quot;bgColor&quot;:&quot;#F5F5F5&quot;},&quot;Fusion&quot;:{&quot;primaryColor&quot;:&quot;#fff&quot;,&quot;bgColor&quot;:&quot;#161616&quot;,&quot;controlColor&quot;:&quot;#fff&quot;},&quot;Stamp&quot;:{&quot;controlColor&quot;:&quot;#fff&quot;,&quot;bgColor&quot;:&quot;#161616&quot;},&quot;Wave&quot;:{&quot;primaryColor&quot;:&quot;#fff&quot;,&quot;controlColor&quot;:&quot;#fff&quot;,&quot;bgColor&quot;:&quot;#161616&quot;,&quot;textColor&quot;:&quot;#fff&quot;},&quot;Card-1&quot;:{&quot;primaryColor&quot;:&quot;#fff&quot;,&quot;controlColor&quot;:&quot;#161616&quot;,&quot;bgColor&quot;:&quot;#161616&quot;,&quot;textColor&quot;:&quot;#fff&quot;},&quot;Card-2&quot;:{&quot;primaryColor&quot;:&quot;#00FBF3&quot;,&quot;controlColor&quot;:&quot;#fff&quot;,&quot;bgColor&quot;:&quot;#161616&quot;,&quot;textColor&quot;:&quot;#fff&quot;},&quot;Simple-1&quot;:{&quot;primaryColor&quot;:&quot;#00dcff&quot;,&quot;controlColor&quot;:&quot;#fff&quot;,&quot;bgColor&quot;:&quot;#161616&quot;,&quot;textColor&quot;:&quot;#00dcff&quot;},&quot;Simple-2&quot;:{&quot;primaryColor&quot;:&quot;#06F7FF00&quot;,&quot;controlColor&quot;:&quot;#fff&quot;,&quot;bgColor&quot;:&quot;#161616&quot;},&quot;Player9&quot;:{&quot;primaryColor&quot;:&quot;#195FF6&quot;,&quot;controlColor&quot;:&quot;#fff&quot;,&quot;bgColor&quot;:&quot;#161616&quot;,&quot;textColor&quot;:&quot;#EDEFF2&quot;},&quot;Player10&quot;:{&quot;primaryColor&quot;:&quot;#195FF6&quot;,&quot;controlColor&quot;:&quot;#fff&quot;,&quot;bgColor&quot;:&quot;#161616&quot;,&quot;textColor&quot;:&quot;#EDEFF2&quot;},&quot;Player11&quot;:{&quot;primaryColor&quot;:&quot;#195FF6&quot;,&quot;controlColor&quot;:&quot;#fff&quot;,&quot;bgColor&quot;:&quot;#161616&quot;,&quot;textColor&quot;:&quot;#fff&quot;}}}\"\n    class=\"wp-block-h5ap-tailwind wp-block-h5ap-audioplayer\">\n            <div class='h5ap_lp'>\n            <div class='bar bar-1'><\/div>\n            <div class='bar bar-1'><\/div>\n        <\/div>\n    <\/div><\/div>\n\t\t\t\t\t\t<\/div>\n\t\t\t\t<\/div>\n\t\t\t\t\t<\/div>\n\t\t<\/div>\n\t\t\t\t\t<\/div>\n\t\t<\/section>\n\t\t\t\t\t<\/div>\n\t\t<\/div>\n\t\t\t\t\t<\/div>\n\t\t<\/section>\n\t\t\t\t<\/div>\n\t\t","protected":false},"excerpt":{"rendered":"<p>Italien Wichtigste Ergebnisse der Forschung Italien Die Forschung in der Lombardei, dem wirtschaftlichen Zentrum Italiens, konzentrierte sich auf Unternehmen und lokale Gemeinschaften, insbesondere in Mailand Interviews mit f\u00fcnf Unternehmen zeigten einen Mangel an CSR-Expertise auf, der zu strategischen und interaktiven Herausforderungen f\u00fchrt Umfragen unter 143 Befragten zeigten eine von M\u00e4nnern dominierte F\u00fchrungsebene Fokusgruppen betonten die [&hellip;]<\/p>\n","protected":false},"author":3,"featured_media":1809,"parent":1921,"menu_order":0,"comment_status":"closed","ping_status":"closed","template":"elementor_header_footer","meta":{"h5ap_radio_sources":[],"footnotes":""},"class_list":["post-1801","page","type-page","status-publish","has-post-thumbnail","hentry"],"_links":{"self":[{"href":"https:\/\/simproject.eu\/de\/wp-json\/wp\/v2\/pages\/1801","targetHints":{"allow":["GET"]}}],"collection":[{"href":"https:\/\/simproject.eu\/de\/wp-json\/wp\/v2\/pages"}],"about":[{"href":"https:\/\/simproject.eu\/de\/wp-json\/wp\/v2\/types\/page"}],"author":[{"embeddable":true,"href":"https:\/\/simproject.eu\/de\/wp-json\/wp\/v2\/users\/3"}],"replies":[{"embeddable":true,"href":"https:\/\/simproject.eu\/de\/wp-json\/wp\/v2\/comments?post=1801"}],"version-history":[{"count":2,"href":"https:\/\/simproject.eu\/de\/wp-json\/wp\/v2\/pages\/1801\/revisions"}],"predecessor-version":[{"id":2105,"href":"https:\/\/simproject.eu\/de\/wp-json\/wp\/v2\/pages\/1801\/revisions\/2105"}],"up":[{"embeddable":true,"href":"https:\/\/simproject.eu\/de\/wp-json\/wp\/v2\/pages\/1921"}],"wp:featuredmedia":[{"embeddable":true,"href":"https:\/\/simproject.eu\/de\/wp-json\/wp\/v2\/media\/1809"}],"wp:attachment":[{"href":"https:\/\/simproject.eu\/de\/wp-json\/wp\/v2\/media?parent=1801"}],"curies":[{"name":"wp","href":"https:\/\/api.w.org\/{rel}","templated":true}]}}