{"id":1418,"date":"2023-10-02T12:02:50","date_gmt":"2023-10-02T12:02:50","guid":{"rendered":"https:\/\/simproject.eu\/conception\/"},"modified":"2025-05-13T14:58:49","modified_gmt":"2025-05-13T14:58:49","slug":"conception","status":"publish","type":"page","link":"https:\/\/simproject.eu\/fr\/conception\/","title":{"rendered":"Conception"},"content":{"rendered":"\t\t<div data-elementor-type=\"wp-page\" data-elementor-id=\"1418\" class=\"elementor elementor-1418 elementor-410\" data-elementor-post-type=\"page\">\n\t\t\t\t\t\t<section class=\"elementor-section elementor-top-section elementor-element elementor-element-e8d15f8 elementor-section-height-full elementor-section-boxed elementor-section-height-default elementor-section-items-middle\" data-id=\"e8d15f8\" data-element_type=\"section\" data-e-type=\"section\" data-settings=\"{&quot;background_background&quot;:&quot;classic&quot;}\">\n\t\t\t\t\t\t\t<div class=\"elementor-background-overlay\"><\/div>\n\t\t\t\t\t\t\t<div class=\"elementor-container elementor-column-gap-default\">\n\t\t\t\t\t<div class=\"elementor-column elementor-col-100 elementor-top-column elementor-element elementor-element-38e40a2\" data-id=\"38e40a2\" data-element_type=\"column\" data-e-type=\"column\">\n\t\t\t<div class=\"elementor-widget-wrap elementor-element-populated\">\n\t\t\t\t\t\t<div class=\"elementor-element elementor-element-13f9285 elementor-widget elementor-widget-heading\" data-id=\"13f9285\" data-element_type=\"widget\" data-e-type=\"widget\" data-widget_type=\"heading.default\">\n\t\t\t\t<div class=\"elementor-widget-container\">\n\t\t\t\t\t<h1 class=\"elementor-heading-title elementor-size-default\">Conception<\/h1>\t\t\t\t<\/div>\n\t\t\t\t<\/div>\n\t\t\t\t<div class=\"elementor-element elementor-element-d95442b elementor-widget elementor-widget-text-editor\" data-id=\"d95442b\" data-element_type=\"widget\" data-e-type=\"widget\" data-widget_type=\"text-editor.default\">\n\t\t\t\t<div class=\"elementor-widget-container\">\n\t\t\t\t\t\t\t\t\t<p>Nous dressons la liste des comp\u00e9tences, des m\u00e9thodes et des r\u00e9sultats d&rsquo;apprentissage du CV SIM et nous co-concevons les programmes de formation qui seront lanc\u00e9s dans cinq pays europ\u00e9ens : Autriche, Croatie, Gr\u00e8ce, France, Italie.<\/p>\t\t\t\t\t\t\t\t<\/div>\n\t\t\t\t<\/div>\n\t\t\t\t\t<\/div>\n\t\t<\/div>\n\t\t\t\t\t<\/div>\n\t\t<\/section>\n\t\t\t\t<section class=\"elementor-section elementor-top-section elementor-element elementor-element-f8f8e5a elementor-section-boxed elementor-section-height-default elementor-section-height-default\" data-id=\"f8f8e5a\" data-element_type=\"section\" data-e-type=\"section\">\n\t\t\t\t\t\t<div class=\"elementor-container elementor-column-gap-default\">\n\t\t\t\t\t<div class=\"elementor-column elementor-col-100 elementor-top-column elementor-element elementor-element-7cd49f4\" data-id=\"7cd49f4\" data-element_type=\"column\" data-e-type=\"column\">\n\t\t\t<div class=\"elementor-widget-wrap elementor-element-populated\">\n\t\t\t\t\t\t<div class=\"elementor-element elementor-element-760a1cb elementor-widget elementor-widget-heading\" data-id=\"760a1cb\" data-element_type=\"widget\" data-e-type=\"widget\" data-widget_type=\"heading.default\">\n\t\t\t\t<div class=\"elementor-widget-container\">\n\t\t\t\t\t<h2 class=\"elementor-heading-title elementor-size-default\">Devenez acteur du changement social et territorial!<\/h2>\t\t\t\t<\/div>\n\t\t\t\t<\/div>\n\t\t\t\t<div class=\"elementor-element elementor-element-15c6006 elementor-widget elementor-widget-button\" data-id=\"15c6006\" data-element_type=\"widget\" data-e-type=\"widget\" data-widget_type=\"button.default\">\n\t\t\t\t<div class=\"elementor-widget-container\">\n\t\t\t\t\t\t\t\t\t<div class=\"elementor-button-wrapper\">\n\t\t\t\t\t<a class=\"elementor-button elementor-button-link elementor-size-sm\" href=\"https:\/\/forms.gle\/i3LJFAKo7fWsEhf76\">\n\t\t\t\t\t\t<span class=\"elementor-button-content-wrapper\">\n\t\t\t\t\t\t\t\t\t<span class=\"elementor-button-text\">Formulaire d'inscription<\/span>\n\t\t\t\t\t<\/span>\n\t\t\t\t\t<\/a>\n\t\t\t\t<\/div>\n\t\t\t\t\t\t\t\t<\/div>\n\t\t\t\t<\/div>\n\t\t\t\t<div class=\"elementor-element elementor-element-f033bb2 elementor-widget elementor-widget-text-editor\" data-id=\"f033bb2\" data-element_type=\"widget\" data-e-type=\"widget\" data-widget_type=\"text-editor.default\">\n\t\t\t\t<div class=\"elementor-widget-container\">\n\t\t\t\t\t\t\t\t\t<p>Vous \u00eates \u00e9tudiant ou professionnel et vous souhaitez \u0153uvrer au renforcement des liens entre entreprises et territoire en d\u00e9veloppant des initiatives \u00e0 impact social ?<\/p>\t\t\t\t\t\t\t\t<\/div>\n\t\t\t\t<\/div>\n\t\t\t\t<div class=\"elementor-element elementor-element-7f0ce93 elementor-widget elementor-widget-heading\" data-id=\"7f0ce93\" data-element_type=\"widget\" data-e-type=\"widget\" data-widget_type=\"heading.default\">\n\t\t\t\t<div class=\"elementor-widget-container\">\n\t\t\t\t\t<h2 class=\"elementor-heading-title elementor-size-default\">Le programme de formation Social Impact Manager est fait pour vous!<\/h2>\t\t\t\t<\/div>\n\t\t\t\t<\/div>\n\t\t\t\t<section class=\"elementor-section elementor-inner-section elementor-element elementor-element-cf4f9a8 elementor-section-boxed elementor-section-height-default elementor-section-height-default\" data-id=\"cf4f9a8\" data-element_type=\"section\" data-e-type=\"section\">\n\t\t\t\t\t\t<div class=\"elementor-container elementor-column-gap-default\">\n\t\t\t\t\t<div class=\"elementor-column elementor-col-100 elementor-inner-column elementor-element elementor-element-f1d89e8\" data-id=\"f1d89e8\" data-element_type=\"column\" data-e-type=\"column\">\n\t\t\t<div class=\"elementor-widget-wrap elementor-element-populated\">\n\t\t\t\t\t\t<div class=\"elementor-element elementor-element-f26c6f9 elementor-widget elementor-widget-text-editor\" data-id=\"f26c6f9\" data-element_type=\"widget\" data-e-type=\"widget\" data-widget_type=\"text-editor.default\">\n\t\t\t\t<div class=\"elementor-widget-container\">\n\t\t\t\t\t\t\t\t\t<p>Coordonn\u00e9e par l&rsquo;Universit\u00e9 Paris 1 Panth\u00e9on-Sorbonne en partenariat avec ESS France, cette formation innovante a \u00e9t\u00e9 d\u00e9velopp\u00e9e dans le cadre d&rsquo;un projet europ\u00e9en Erasmus+ <em>Alliance for Innovations<\/em> r\u00e9unissant 14 partenaires issus de 7 pays, dont 4 universit\u00e9s et 1 organisme de formation professionnelle (<a href=\"https:\/\/simproject.eu\/\">https:\/\/simproject.eu\/<\/a>).<\/p><p>Elle vise \u00e0 faire \u00e9merger un profil professionnel polyvalent, celui du <strong><em>Social Impact Manager<\/em><\/strong><em>, <\/em>figure hybride entre charg\u00e9.e de mission RSE et agent de d\u00e9veloppement local. Ses comp\u00e9tences doivent permettre aux entreprises de mieux s&rsquo;ins\u00e9rer dans leur \u00e9cosyst\u00e8me local afin de maximiser leur impact social, autrement dit de s&rsquo;engager dans une d\u00e9marche de RTE, de <strong>Responsabilit\u00e9 Territoriale<\/strong>.<\/p>\t\t\t\t\t\t\t\t<\/div>\n\t\t\t\t<\/div>\n\t\t\t\t\t<\/div>\n\t\t<\/div>\n\t\t\t\t\t<\/div>\n\t\t<\/section>\n\t\t\t\t<div class=\"elementor-element elementor-element-24c1352 elementor-widget elementor-widget-heading\" data-id=\"24c1352\" data-element_type=\"widget\" data-e-type=\"widget\" data-widget_type=\"heading.default\">\n\t\t\t\t<div class=\"elementor-widget-container\">\n\t\t\t\t\t<h2 class=\"elementor-heading-title elementor-size-default\">Savoir-faire et comp\u00e9tences<\/h2>\t\t\t\t<\/div>\n\t\t\t\t<\/div>\n\t\t\t\t<div class=\"elementor-element elementor-element-b308ec0 elementor-widget elementor-widget-text-editor\" data-id=\"b308ec0\" data-element_type=\"widget\" data-e-type=\"widget\" data-widget_type=\"text-editor.default\">\n\t\t\t\t<div class=\"elementor-widget-container\">\n\t\t\t\t\t\t\t\t\t<p>Le programme SIM vise \u00e0 transformer les participants en acteurs du changement social, en leur fournissant les <strong>comp\u00e9tences cl\u00e9s pour impulser des transformations sociales et \u00e9conomiques durables<\/strong>. Il couvre des domaines essentiels tels que la gouvernance d&rsquo;entreprise responsable, l&rsquo;\u00e9laboration de strat\u00e9gies RSE, l&rsquo;analyse des enjeux d&rsquo;un territoire, l&rsquo;engagement des parties prenantes, la gestion de projets \u00e0 impact social ainsi que l&rsquo;\u00e9valuation et la communication des r\u00e9sultats. Les participants apprendront \u00e0 int\u00e9grer les principes ESG, \u00e0 mobiliser les acteurs locaux, \u00e0 g\u00e9rer des initiatives d&rsquo;impact social et \u00e0 rendre compte de leur contribution au d\u00e9veloppement durable.<\/p>\t\t\t\t\t\t\t\t<\/div>\n\t\t\t\t<\/div>\n\t\t\t\t\t<\/div>\n\t\t<\/div>\n\t\t\t\t\t<\/div>\n\t\t<\/section>\n\t\t\t\t<section class=\"elementor-section elementor-top-section elementor-element elementor-element-4847942 elementor-section-boxed elementor-section-height-default elementor-section-height-default\" data-id=\"4847942\" data-element_type=\"section\" data-e-type=\"section\" data-settings=\"{&quot;background_background&quot;:&quot;classic&quot;}\">\n\t\t\t\t\t\t<div class=\"elementor-container elementor-column-gap-default\">\n\t\t\t\t\t<div class=\"elementor-column elementor-col-50 elementor-top-column elementor-element elementor-element-8ec28eb\" data-id=\"8ec28eb\" data-element_type=\"column\" data-e-type=\"column\">\n\t\t\t<div class=\"elementor-widget-wrap elementor-element-populated\">\n\t\t\t\t\t\t<div class=\"elementor-element elementor-element-bd77c5d elementor-widget elementor-widget-heading\" data-id=\"bd77c5d\" data-element_type=\"widget\" data-e-type=\"widget\" data-widget_type=\"heading.default\">\n\t\t\t\t<div class=\"elementor-widget-container\">\n\t\t\t\t\t<h2 class=\"elementor-heading-title elementor-size-default\">Les + de la formation<\/h2>\t\t\t\t<\/div>\n\t\t\t\t<\/div>\n\t\t\t\t<div class=\"elementor-element elementor-element-13b50c8 elementor-widget elementor-widget-text-editor\" data-id=\"13b50c8\" data-element_type=\"widget\" data-e-type=\"widget\" data-widget_type=\"text-editor.default\">\n\t\t\t\t<div class=\"elementor-widget-container\">\n\t\t\t\t\t\t\t\t\t<ul><li><strong>Approche innovante de la RSE<\/strong> mettant l&rsquo;accent sur l&rsquo;engagement des acteurs locaux et la cr\u00e9ation de partenariats pour favoriser un impact social durable, un des 7 piliers de la RSE (ISO 26000) souvent sous-d\u00e9velopp\u00e9 par les entreprises.<\/li><li><strong>Approche pragmatique<\/strong> int\u00e9grant \u00e9tudes de cas et travail de terrain, pour une application directe des connaissances.<\/li><li><strong>Approche d&rsquo;apprentissage par l&rsquo;action<\/strong> utilisant des m\u00e9thodes d&rsquo;innovation collaborative et permettant aux apprenants de mettre en pratique les comp\u00e9tences acquises lors d&rsquo;un <strong>hackathon<\/strong>.<\/li><li><strong>R\u00e9seautage avec des experts et des professionnels <\/strong>en interagissant avec les autres participants et avec des repr\u00e9sentants d&rsquo;entreprises, d&rsquo;associations et de collectivit\u00e9s publiques.<\/li><li><strong>Ouverture \u00e0 l&rsquo;international<\/strong> en participant \u00e0 l<em>&lsquo;International SIM School<\/em> qui se tiendra \u00e0 Paris en novembre 2025 pour entrer en contact avec un r\u00e9seau mondial de Social Impact Managers, partager des exp\u00e9riences et s&rsquo;inspirer mutuellement.<\/li><li><strong>Formation gratuite <\/strong>pour les apprenants.<\/li><\/ul>\t\t\t\t\t\t\t\t<\/div>\n\t\t\t\t<\/div>\n\t\t\t\t\t<\/div>\n\t\t<\/div>\n\t\t\t\t<div class=\"elementor-column elementor-col-50 elementor-top-column elementor-element elementor-element-57caf95\" data-id=\"57caf95\" data-element_type=\"column\" data-e-type=\"column\">\n\t\t\t<div class=\"elementor-widget-wrap elementor-element-populated\">\n\t\t\t\t\t\t<div class=\"elementor-element elementor-element-2c105cd elementor-widget elementor-widget-heading\" data-id=\"2c105cd\" data-element_type=\"widget\" data-e-type=\"widget\" data-widget_type=\"heading.default\">\n\t\t\t\t<div class=\"elementor-widget-container\">\n\t\t\t\t\t<h2 class=\"elementor-heading-title elementor-size-default\">Quand et o\u00f9?<\/h2>\t\t\t\t<\/div>\n\t\t\t\t<\/div>\n\t\t\t\t<div class=\"elementor-element elementor-element-051b5cf elementor-widget elementor-widget-text-editor\" data-id=\"051b5cf\" data-element_type=\"widget\" data-e-type=\"widget\" data-widget_type=\"text-editor.default\">\n\t\t\t\t<div class=\"elementor-widget-container\">\n\t\t\t\t\t\t\t\t\t<ul><li>5 jours de cours entre le 17 et le 27 juin 2025 \u2013 En pr\u00e9sentiel, Paris 5e<\/li><li>Hackathon le 2 juillet 2025 \u2013 En pr\u00e9sentiel, Paris 13e<\/li><li>D\u00e9veloppement de projets de coop\u00e9ration entre entreprises et acteurs locaux entre le 3 et le 20 juillet 2025 \u2013 A distance<\/li><\/ul>\t\t\t\t\t\t\t\t<\/div>\n\t\t\t\t<\/div>\n\t\t\t\t<div class=\"elementor-element elementor-element-b2c67e2 elementor-widget elementor-widget-text-editor\" data-id=\"b2c67e2\" data-element_type=\"widget\" data-e-type=\"widget\" data-widget_type=\"text-editor.default\">\n\t\t\t\t<div class=\"elementor-widget-container\">\n\t\t\t\t\t\t\t\t\t<p><strong>N&rsquo;attendez plus pour rejoindre la nouvelle g\u00e9n\u00e9ration <\/strong>de responsables capables d\u2019int\u00e9grer le d\u00e9veloppement durable au c\u0153ur des strat\u00e9gies organisationnelles, tout en renfor\u00e7ant les liens avec les communaut\u00e9s locales.<\/p>\t\t\t\t\t\t\t\t<\/div>\n\t\t\t\t<\/div>\n\t\t\t\t<div class=\"elementor-element elementor-element-b2cbae8 elementor-widget elementor-widget-heading\" data-id=\"b2cbae8\" data-element_type=\"widget\" data-e-type=\"widget\" data-widget_type=\"heading.default\">\n\t\t\t\t<div class=\"elementor-widget-container\">\n\t\t\t\t\t<h2 class=\"elementor-heading-title elementor-size-default\">Devenez manager d'impact social!<\/h2>\t\t\t\t<\/div>\n\t\t\t\t<\/div>\n\t\t\t\t<div class=\"elementor-element elementor-element-c424eaa elementor-widget elementor-widget-text-editor\" data-id=\"c424eaa\" data-element_type=\"widget\" data-e-type=\"widget\" data-widget_type=\"text-editor.default\">\n\t\t\t\t<div class=\"elementor-widget-container\">\n\t\t\t\t\t\t\t\t\t<p>Attention! Le nombre de places est limit\u00e9.<\/p>\t\t\t\t\t\t\t\t<\/div>\n\t\t\t\t<\/div>\n\t\t\t\t<div class=\"elementor-element elementor-element-bb1c487 elementor-widget elementor-widget-button\" data-id=\"bb1c487\" data-element_type=\"widget\" data-e-type=\"widget\" data-widget_type=\"button.default\">\n\t\t\t\t<div class=\"elementor-widget-container\">\n\t\t\t\t\t\t\t\t\t<div class=\"elementor-button-wrapper\">\n\t\t\t\t\t<a class=\"elementor-button elementor-button-link elementor-size-sm\" href=\"https:\/\/forms.gle\/i3LJFAKo7fWsEhf76\">\n\t\t\t\t\t\t<span class=\"elementor-button-content-wrapper\">\n\t\t\t\t\t\t\t\t\t<span class=\"elementor-button-text\">Formulaire d'inscription<\/span>\n\t\t\t\t\t<\/span>\n\t\t\t\t\t<\/a>\n\t\t\t\t<\/div>\n\t\t\t\t\t\t\t\t<\/div>\n\t\t\t\t<\/div>\n\t\t\t\t<div class=\"elementor-element elementor-element-b7a3cfc elementor-widget elementor-widget-text-editor\" data-id=\"b7a3cfc\" data-element_type=\"widget\" data-e-type=\"widget\" data-widget_type=\"text-editor.default\">\n\t\t\t\t<div class=\"elementor-widget-container\">\n\t\t\t\t\t\t\t\t\t<p>Plus d&rsquo;infos sur <a href=\"https:\/\/formations.pantheonsorbonne.fr\/fr\/catalogue-des-formations\/formations-courtes-qualifiantes-FCQ\/formations-courtes-qualifiantes-gestion-finance-KCAJ6O0B\/social-impact-manager-sim-MA3RJTE2.html\">Paris 1 Panth\u00e9on-Sorbonne<\/a>.<\/p>\t\t\t\t\t\t\t\t<\/div>\n\t\t\t\t<\/div>\n\t\t\t\t\t<\/div>\n\t\t<\/div>\n\t\t\t\t\t<\/div>\n\t\t<\/section>\n\t\t\t\t<\/div>\n\t\t","protected":false},"excerpt":{"rendered":"<p>Conception Nous dressons la liste des comp\u00e9tences, des m\u00e9thodes et des r\u00e9sultats d&rsquo;apprentissage du CV SIM et nous co-concevons les programmes de formation qui seront lanc\u00e9s dans cinq pays europ\u00e9ens : Autriche, Croatie, Gr\u00e8ce, France, Italie. Devenez acteur du changement social et territorial! Formulaire d&rsquo;inscription Vous \u00eates \u00e9tudiant ou professionnel et vous souhaitez \u0153uvrer au [&hellip;]<\/p>\n","protected":false},"author":3,"featured_media":0,"parent":0,"menu_order":0,"comment_status":"closed","ping_status":"closed","template":"elementor_header_footer","meta":{"h5ap_radio_sources":[],"footnotes":""},"class_list":["post-1418","page","type-page","status-publish","hentry"],"_links":{"self":[{"href":"https:\/\/simproject.eu\/fr\/wp-json\/wp\/v2\/pages\/1418","targetHints":{"allow":["GET"]}}],"collection":[{"href":"https:\/\/simproject.eu\/fr\/wp-json\/wp\/v2\/pages"}],"about":[{"href":"https:\/\/simproject.eu\/fr\/wp-json\/wp\/v2\/types\/page"}],"author":[{"embeddable":true,"href":"https:\/\/simproject.eu\/fr\/wp-json\/wp\/v2\/users\/3"}],"replies":[{"embeddable":true,"href":"https:\/\/simproject.eu\/fr\/wp-json\/wp\/v2\/comments?post=1418"}],"version-history":[{"count":5,"href":"https:\/\/simproject.eu\/fr\/wp-json\/wp\/v2\/pages\/1418\/revisions"}],"predecessor-version":[{"id":2740,"href":"https:\/\/simproject.eu\/fr\/wp-json\/wp\/v2\/pages\/1418\/revisions\/2740"}],"wp:attachment":[{"href":"https:\/\/simproject.eu\/fr\/wp-json\/wp\/v2\/media?parent=1418"}],"curies":[{"name":"wp","href":"https:\/\/api.w.org\/{rel}","templated":true}]}}