{"id":1419,"date":"2024-01-17T15:59:32","date_gmt":"2024-01-17T15:59:32","guid":{"rendered":"https:\/\/simproject.eu\/e-zines\/"},"modified":"2025-02-27T13:23:24","modified_gmt":"2025-02-27T13:23:24","slug":"e-zines","status":"publish","type":"page","link":"https:\/\/simproject.eu\/fr\/e-zines\/","title":{"rendered":"E-zines"},"content":{"rendered":"\t\t<div data-elementor-type=\"wp-page\" data-elementor-id=\"1419\" class=\"elementor elementor-1419 elementor-526\" data-elementor-post-type=\"page\">\n\t\t\t\t\t\t<section class=\"elementor-section elementor-top-section elementor-element elementor-element-5459781 elementor-section-height-min-height elementor-section-boxed elementor-section-height-default elementor-section-items-middle\" data-id=\"5459781\" data-element_type=\"section\" data-e-type=\"section\" data-settings=\"{&quot;background_background&quot;:&quot;classic&quot;}\">\n\t\t\t\t\t\t\t<div class=\"elementor-background-overlay\"><\/div>\n\t\t\t\t\t\t\t<div class=\"elementor-container elementor-column-gap-default\">\n\t\t\t\t\t<div class=\"elementor-column elementor-col-100 elementor-top-column elementor-element elementor-element-83b746c\" data-id=\"83b746c\" data-element_type=\"column\" data-e-type=\"column\">\n\t\t\t<div class=\"elementor-widget-wrap elementor-element-populated\">\n\t\t\t\t\t\t<div class=\"elementor-element elementor-element-5439a90 elementor-widget elementor-widget-heading\" data-id=\"5439a90\" data-element_type=\"widget\" data-e-type=\"widget\" data-widget_type=\"heading.default\">\n\t\t\t\t<div class=\"elementor-widget-container\">\n\t\t\t\t\t<h1 class=\"elementor-heading-title elementor-size-default\">E-zines SIM<\/h1>\t\t\t\t<\/div>\n\t\t\t\t<\/div>\n\t\t\t\t\t<\/div>\n\t\t<\/div>\n\t\t\t\t\t<\/div>\n\t\t<\/section>\n\t\t\t\t<section class=\"elementor-section elementor-top-section elementor-element elementor-element-92ca64d elementor-section-boxed elementor-section-height-default elementor-section-height-default\" data-id=\"92ca64d\" data-element_type=\"section\" data-e-type=\"section\">\n\t\t\t\t\t\t<div class=\"elementor-container elementor-column-gap-default\">\n\t\t\t\t\t<div class=\"elementor-column elementor-col-50 elementor-top-column elementor-element elementor-element-6f1d6a4\" data-id=\"6f1d6a4\" data-element_type=\"column\" data-e-type=\"column\">\n\t\t\t<div class=\"elementor-widget-wrap elementor-element-populated\">\n\t\t\t\t\t\t<div class=\"elementor-element elementor-element-64bfa51 elementor-widget elementor-widget-image\" data-id=\"64bfa51\" data-element_type=\"widget\" data-e-type=\"widget\" data-widget_type=\"image.default\">\n\t\t\t\t<div class=\"elementor-widget-container\">\n\t\t\t\t\t\t\t\t\t\t\t\t\t\t\t<img fetchpriority=\"high\" decoding=\"async\" width=\"2003\" height=\"1464\" src=\"https:\/\/simproject.eu\/wp-content\/uploads\/2025\/01\/SIM-ezine-3-cover.png\" class=\"attachment-full size-full wp-image-1460\" alt=\"\" srcset=\"https:\/\/simproject.eu\/wp-content\/uploads\/2025\/01\/SIM-ezine-3-cover.png 2003w, https:\/\/simproject.eu\/wp-content\/uploads\/2025\/01\/SIM-ezine-3-cover-300x219.png 300w, https:\/\/simproject.eu\/wp-content\/uploads\/2025\/01\/SIM-ezine-3-cover-1024x748.png 1024w, https:\/\/simproject.eu\/wp-content\/uploads\/2025\/01\/SIM-ezine-3-cover-768x561.png 768w, https:\/\/simproject.eu\/wp-content\/uploads\/2025\/01\/SIM-ezine-3-cover-1536x1123.png 1536w\" sizes=\"(max-width: 2003px) 100vw, 2003px\" \/>\t\t\t\t\t\t\t\t\t\t\t\t\t\t\t<\/div>\n\t\t\t\t<\/div>\n\t\t\t\t\t<\/div>\n\t\t<\/div>\n\t\t\t\t<div class=\"elementor-column elementor-col-50 elementor-top-column elementor-element elementor-element-e2ebcd9\" data-id=\"e2ebcd9\" data-element_type=\"column\" data-e-type=\"column\">\n\t\t\t<div class=\"elementor-widget-wrap elementor-element-populated\">\n\t\t\t\t\t\t<div class=\"elementor-element elementor-element-e0f9a81 elementor-widget__width-initial elementor-widget elementor-widget-text-editor\" data-id=\"e0f9a81\" data-element_type=\"widget\" data-e-type=\"widget\" data-widget_type=\"text-editor.default\">\n\t\t\t\t<div class=\"elementor-widget-container\">\n\t\t\t\t\t\t\t\t\t<p>E-ZINE #3<\/p>\t\t\t\t\t\t\t\t<\/div>\n\t\t\t\t<\/div>\n\t\t\t\t<div class=\"elementor-element elementor-element-f302dfd elementor-widget elementor-widget-heading\" data-id=\"f302dfd\" data-element_type=\"widget\" data-e-type=\"widget\" data-widget_type=\"heading.default\">\n\t\t\t\t<div class=\"elementor-widget-container\">\n\t\t\t\t\t<h2 class=\"elementor-heading-title elementor-size-default\">Conception d'un programme d'\u00e9ducation SIM<\/h2>\t\t\t\t<\/div>\n\t\t\t\t<\/div>\n\t\t\t\t<div class=\"elementor-element elementor-element-53c7bd9 elementor-widget__width-initial elementor-widget elementor-widget-text-editor\" data-id=\"53c7bd9\" data-element_type=\"widget\" data-e-type=\"widget\" data-widget_type=\"text-editor.default\">\n\t\t\t\t<div class=\"elementor-widget-container\">\n\t\t\t\t\t\t\t\t\t<p>Dans ce num\u00e9ro, nous nous concentrons sur la conception du programme de formation des gestionnaires d&rsquo;impact social, qui s&rsquo;articule autour de cinq modules de base. Nous c\u00e9l\u00e9brons les journ\u00e9es Erasmus+ en France et nous nous rendons \u00e0 Vienne pour discuter de nos progr\u00e8s et examiner le profil du gestionnaire d&rsquo;impact social.   <\/p>\t\t\t\t\t\t\t\t<\/div>\n\t\t\t\t<\/div>\n\t\t\t\t<div class=\"elementor-element elementor-element-484a984 elementor-widget elementor-widget-button\" data-id=\"484a984\" data-element_type=\"widget\" data-e-type=\"widget\" data-widget_type=\"button.default\">\n\t\t\t\t<div class=\"elementor-widget-container\">\n\t\t\t\t\t\t\t\t\t<div class=\"elementor-button-wrapper\">\n\t\t\t\t\t<a class=\"elementor-button elementor-button-link elementor-size-sm\" href=\"https:\/\/simproject.eu\/download\/1455\/?tmstv=1736515390\">\n\t\t\t\t\t\t<span class=\"elementor-button-content-wrapper\">\n\t\t\t\t\t\t\t\t\t<span class=\"elementor-button-text\">T\u00e9l\u00e9charger<\/span>\n\t\t\t\t\t<\/span>\n\t\t\t\t\t<\/a>\n\t\t\t\t<\/div>\n\t\t\t\t\t\t\t\t<\/div>\n\t\t\t\t<\/div>\n\t\t\t\t<div class=\"elementor-element elementor-element-6fe5c22 elementor-widget elementor-widget-shortcode\" data-id=\"6fe5c22\" data-element_type=\"widget\" data-e-type=\"widget\" data-widget_type=\"shortcode.default\">\n\t\t\t\t<div class=\"elementor-widget-container\">\n\t\t\t\t\t\t\t<div class=\"elementor-shortcode\">T\u00e9l\u00e9charg\u00e9525 fois<\/div>\n\t\t\t\t\t\t<\/div>\n\t\t\t\t<\/div>\n\t\t\t\t\t<\/div>\n\t\t<\/div>\n\t\t\t\t\t<\/div>\n\t\t<\/section>\n\t\t\t\t<section class=\"elementor-section elementor-top-section elementor-element elementor-element-281c2b0 elementor-section-boxed elementor-section-height-default elementor-section-height-default\" data-id=\"281c2b0\" data-element_type=\"section\" data-e-type=\"section\">\n\t\t\t\t\t\t<div class=\"elementor-container elementor-column-gap-default\">\n\t\t\t\t\t<div class=\"elementor-column elementor-col-50 elementor-top-column elementor-element elementor-element-7ee455d\" data-id=\"7ee455d\" data-element_type=\"column\" data-e-type=\"column\">\n\t\t\t<div class=\"elementor-widget-wrap elementor-element-populated\">\n\t\t\t\t\t\t<div class=\"elementor-element elementor-element-76200a4 elementor-widget elementor-widget-image\" data-id=\"76200a4\" data-element_type=\"widget\" data-e-type=\"widget\" data-widget_type=\"image.default\">\n\t\t\t\t<div class=\"elementor-widget-container\">\n\t\t\t\t\t\t\t\t\t\t\t\t\t\t\t<img decoding=\"async\" width=\"1696\" height=\"2560\" src=\"https:\/\/simproject.eu\/wp-content\/uploads\/2023\/08\/shane-rounce-DNkoNXQti3c-unsplash-scaled.jpg\" class=\"attachment-full size-full wp-image-1251\" alt=\"\" srcset=\"https:\/\/simproject.eu\/wp-content\/uploads\/2023\/08\/shane-rounce-DNkoNXQti3c-unsplash-scaled.jpg 1696w, https:\/\/simproject.eu\/wp-content\/uploads\/2023\/08\/shane-rounce-DNkoNXQti3c-unsplash-199x300.jpg 199w, https:\/\/simproject.eu\/wp-content\/uploads\/2023\/08\/shane-rounce-DNkoNXQti3c-unsplash-678x1024.jpg 678w, https:\/\/simproject.eu\/wp-content\/uploads\/2023\/08\/shane-rounce-DNkoNXQti3c-unsplash-768x1160.jpg 768w, https:\/\/simproject.eu\/wp-content\/uploads\/2023\/08\/shane-rounce-DNkoNXQti3c-unsplash-1017x1536.jpg 1017w, https:\/\/simproject.eu\/wp-content\/uploads\/2023\/08\/shane-rounce-DNkoNXQti3c-unsplash-1356x2048.jpg 1356w\" sizes=\"(max-width: 1696px) 100vw, 1696px\" \/>\t\t\t\t\t\t\t\t\t\t\t\t\t\t\t<\/div>\n\t\t\t\t<\/div>\n\t\t\t\t\t<\/div>\n\t\t<\/div>\n\t\t\t\t<div class=\"elementor-column elementor-col-50 elementor-top-column elementor-element elementor-element-85c2291\" data-id=\"85c2291\" data-element_type=\"column\" data-e-type=\"column\">\n\t\t\t<div class=\"elementor-widget-wrap elementor-element-populated\">\n\t\t\t\t\t\t<div class=\"elementor-element elementor-element-dbdc905 elementor-widget__width-initial elementor-widget elementor-widget-text-editor\" data-id=\"dbdc905\" data-element_type=\"widget\" data-e-type=\"widget\" data-widget_type=\"text-editor.default\">\n\t\t\t\t<div class=\"elementor-widget-container\">\n\t\t\t\t\t\t\t\t\t<p>E-ZINE #2<\/p>\t\t\t\t\t\t\t\t<\/div>\n\t\t\t\t<\/div>\n\t\t\t\t<div class=\"elementor-element elementor-element-0e8aa0a elementor-widget elementor-widget-heading\" data-id=\"0e8aa0a\" data-element_type=\"widget\" data-e-type=\"widget\" data-widget_type=\"heading.default\">\n\t\t\t\t<div class=\"elementor-widget-container\">\n\t\t\t\t\t<h2 class=\"elementor-heading-title elementor-size-default\">Aller de l'avant : de la recherche \u00e0 l'action dans le projet SIM<\/h2>\t\t\t\t<\/div>\n\t\t\t\t<\/div>\n\t\t\t\t<div class=\"elementor-element elementor-element-cc5ae43 elementor-widget__width-initial elementor-widget elementor-widget-text-editor\" data-id=\"cc5ae43\" data-element_type=\"widget\" data-e-type=\"widget\" data-widget_type=\"text-editor.default\">\n\t\t\t\t<div class=\"elementor-widget-container\">\n\t\t\t\t\t\t\t\t\t<p>Notre deuxi\u00e8me num\u00e9ro vise \u00e0 cultiver un nouveau profil de gestionnaire, le gestionnaire d&rsquo;impact social, dot\u00e9 d&rsquo;un ensemble diversifi\u00e9 de comp\u00e9tences essentielles pour atteindre non seulement la croissance financi\u00e8re, mais aussi le bien-\u00eatre social et environnemental dans les communaut\u00e9s.<\/p>\t\t\t\t\t\t\t\t<\/div>\n\t\t\t\t<\/div>\n\t\t\t\t<div class=\"elementor-element elementor-element-3fd183f elementor-widget elementor-widget-button\" data-id=\"3fd183f\" data-element_type=\"widget\" data-e-type=\"widget\" data-widget_type=\"button.default\">\n\t\t\t\t<div class=\"elementor-widget-container\">\n\t\t\t\t\t\t\t\t\t<div class=\"elementor-button-wrapper\">\n\t\t\t\t\t<a class=\"elementor-button elementor-button-link elementor-size-sm\" href=\"https:\/\/simproject.eu\/download\/764\/?tmstv=1721137496\">\n\t\t\t\t\t\t<span class=\"elementor-button-content-wrapper\">\n\t\t\t\t\t\t\t\t\t<span class=\"elementor-button-text\">T\u00e9l\u00e9charger<\/span>\n\t\t\t\t\t<\/span>\n\t\t\t\t\t<\/a>\n\t\t\t\t<\/div>\n\t\t\t\t\t\t\t\t<\/div>\n\t\t\t\t<\/div>\n\t\t\t\t<div class=\"elementor-element elementor-element-adcb36b elementor-widget elementor-widget-shortcode\" data-id=\"adcb36b\" data-element_type=\"widget\" data-e-type=\"widget\" data-widget_type=\"shortcode.default\">\n\t\t\t\t<div class=\"elementor-widget-container\">\n\t\t\t\t\t\t\t<div class=\"elementor-shortcode\">T\u00e9l\u00e9charg\u00e9882 fois<\/div>\n\t\t\t\t\t\t<\/div>\n\t\t\t\t<\/div>\n\t\t\t\t\t<\/div>\n\t\t<\/div>\n\t\t\t\t\t<\/div>\n\t\t<\/section>\n\t\t\t\t<section class=\"elementor-section elementor-top-section elementor-element elementor-element-e22a240 elementor-section-boxed elementor-section-height-default elementor-section-height-default\" data-id=\"e22a240\" data-element_type=\"section\" data-e-type=\"section\">\n\t\t\t\t\t\t<div class=\"elementor-container elementor-column-gap-default\">\n\t\t\t\t\t<div class=\"elementor-column elementor-col-50 elementor-top-column elementor-element elementor-element-2c680ef\" data-id=\"2c680ef\" data-element_type=\"column\" data-e-type=\"column\">\n\t\t\t<div class=\"elementor-widget-wrap elementor-element-populated\">\n\t\t\t\t\t\t<div class=\"elementor-element elementor-element-75296f7 elementor-widget elementor-widget-image\" data-id=\"75296f7\" data-element_type=\"widget\" data-e-type=\"widget\" data-widget_type=\"image.default\">\n\t\t\t\t<div class=\"elementor-widget-container\">\n\t\t\t\t\t\t\t\t\t\t\t\t\t\t\t<img decoding=\"async\" width=\"1653\" height=\"1026\" src=\"https:\/\/simproject.eu\/wp-content\/uploads\/2024\/01\/ezine1.jpg\" class=\"attachment-full size-full wp-image-1318\" alt=\"\" srcset=\"https:\/\/simproject.eu\/wp-content\/uploads\/2024\/01\/ezine1.jpg 1653w, https:\/\/simproject.eu\/wp-content\/uploads\/2024\/01\/ezine1-300x186.jpg 300w, https:\/\/simproject.eu\/wp-content\/uploads\/2024\/01\/ezine1-1024x636.jpg 1024w, https:\/\/simproject.eu\/wp-content\/uploads\/2024\/01\/ezine1-768x477.jpg 768w, https:\/\/simproject.eu\/wp-content\/uploads\/2024\/01\/ezine1-1536x953.jpg 1536w\" sizes=\"(max-width: 1653px) 100vw, 1653px\" \/>\t\t\t\t\t\t\t\t\t\t\t\t\t\t\t<\/div>\n\t\t\t\t<\/div>\n\t\t\t\t\t<\/div>\n\t\t<\/div>\n\t\t\t\t<div class=\"elementor-column elementor-col-50 elementor-top-column elementor-element elementor-element-8a2d51a\" data-id=\"8a2d51a\" data-element_type=\"column\" data-e-type=\"column\">\n\t\t\t<div class=\"elementor-widget-wrap elementor-element-populated\">\n\t\t\t\t\t\t<div class=\"elementor-element elementor-element-50bbc95 elementor-widget__width-initial elementor-widget elementor-widget-text-editor\" data-id=\"50bbc95\" data-element_type=\"widget\" data-e-type=\"widget\" data-widget_type=\"text-editor.default\">\n\t\t\t\t<div class=\"elementor-widget-container\">\n\t\t\t\t\t\t\t\t\t<p>E-ZINE #1<\/p>\t\t\t\t\t\t\t\t<\/div>\n\t\t\t\t<\/div>\n\t\t\t\t<div class=\"elementor-element elementor-element-187cb18 elementor-widget elementor-widget-heading\" data-id=\"187cb18\" data-element_type=\"widget\" data-e-type=\"widget\" data-widget_type=\"heading.default\">\n\t\t\t\t<div class=\"elementor-widget-container\">\n\t\t\t\t\t<h2 class=\"elementor-heading-title elementor-size-default\">Faire le lien entre les entreprises et la communaut\u00e9 locale<\/h2>\t\t\t\t<\/div>\n\t\t\t\t<\/div>\n\t\t\t\t<div class=\"elementor-element elementor-element-ea34a94 elementor-widget__width-initial elementor-widget elementor-widget-text-editor\" data-id=\"ea34a94\" data-element_type=\"widget\" data-e-type=\"widget\" data-widget_type=\"text-editor.default\">\n\t\t\t\t<div class=\"elementor-widget-container\">\n\t\t\t\t\t\t\t\t\t<p>Nous sommes ravis de vous pr\u00e9senter le magazine semestriel consacr\u00e9 au Social Impact Manager. Notre premier num\u00e9ro vous encourage \u00e0 explorer le concept, en soulignant la motivation et la vision de notre projet ainsi que les activit\u00e9s cl\u00e9s que les partenaires entreprendront. <\/p>\t\t\t\t\t\t\t\t<\/div>\n\t\t\t\t<\/div>\n\t\t\t\t<div class=\"elementor-element elementor-element-b468f28 elementor-widget elementor-widget-button\" data-id=\"b468f28\" data-element_type=\"widget\" data-e-type=\"widget\" data-widget_type=\"button.default\">\n\t\t\t\t<div class=\"elementor-widget-container\">\n\t\t\t\t\t\t\t\t\t<div class=\"elementor-button-wrapper\">\n\t\t\t\t\t<a class=\"elementor-button elementor-button-link elementor-size-sm\" href=\"https:\/\/simproject.eu\/download\/523\/?tmstv=1705507071\">\n\t\t\t\t\t\t<span class=\"elementor-button-content-wrapper\">\n\t\t\t\t\t\t\t\t\t<span class=\"elementor-button-text\">T\u00e9l\u00e9charger<\/span>\n\t\t\t\t\t<\/span>\n\t\t\t\t\t<\/a>\n\t\t\t\t<\/div>\n\t\t\t\t\t\t\t\t<\/div>\n\t\t\t\t<\/div>\n\t\t\t\t<div class=\"elementor-element elementor-element-1710fe9 elementor-widget elementor-widget-shortcode\" data-id=\"1710fe9\" data-element_type=\"widget\" data-e-type=\"widget\" data-widget_type=\"shortcode.default\">\n\t\t\t\t<div class=\"elementor-widget-container\">\n\t\t\t\t\t\t\t<div class=\"elementor-shortcode\">T\u00e9l\u00e9charg\u00e91086 fois<\/div>\n\t\t\t\t\t\t<\/div>\n\t\t\t\t<\/div>\n\t\t\t\t\t<\/div>\n\t\t<\/div>\n\t\t\t\t\t<\/div>\n\t\t<\/section>\n\t\t\t\t<\/div>\n\t\t","protected":false},"excerpt":{"rendered":"<p>E-zines SIM E-ZINE #3 Conception d&rsquo;un programme d&rsquo;\u00e9ducation SIM Dans ce num\u00e9ro, nous nous concentrons sur la conception du programme de formation des gestionnaires d&rsquo;impact social, qui s&rsquo;articule autour de cinq modules de base. Nous c\u00e9l\u00e9brons les journ\u00e9es Erasmus+ en France et nous nous rendons \u00e0 Vienne pour discuter de nos progr\u00e8s et examiner le [&hellip;]<\/p>\n","protected":false},"author":3,"featured_media":0,"parent":0,"menu_order":0,"comment_status":"closed","ping_status":"closed","template":"elementor_header_footer","meta":{"h5ap_radio_sources":[],"footnotes":""},"class_list":["post-1419","page","type-page","status-publish","hentry"],"_links":{"self":[{"href":"https:\/\/simproject.eu\/fr\/wp-json\/wp\/v2\/pages\/1419","targetHints":{"allow":["GET"]}}],"collection":[{"href":"https:\/\/simproject.eu\/fr\/wp-json\/wp\/v2\/pages"}],"about":[{"href":"https:\/\/simproject.eu\/fr\/wp-json\/wp\/v2\/types\/page"}],"author":[{"embeddable":true,"href":"https:\/\/simproject.eu\/fr\/wp-json\/wp\/v2\/users\/3"}],"replies":[{"embeddable":true,"href":"https:\/\/simproject.eu\/fr\/wp-json\/wp\/v2\/comments?post=1419"}],"version-history":[{"count":2,"href":"https:\/\/simproject.eu\/fr\/wp-json\/wp\/v2\/pages\/1419\/revisions"}],"predecessor-version":[{"id":2212,"href":"https:\/\/simproject.eu\/fr\/wp-json\/wp\/v2\/pages\/1419\/revisions\/2212"}],"wp:attachment":[{"href":"https:\/\/simproject.eu\/fr\/wp-json\/wp\/v2\/media?parent=1419"}],"curies":[{"name":"wp","href":"https:\/\/api.w.org\/{rel}","templated":true}]}}