{"id":1442,"date":"2024-08-01T15:37:18","date_gmt":"2024-08-01T15:37:18","guid":{"rendered":"https:\/\/simproject.eu\/recherche\/autriche\/"},"modified":"2025-02-27T13:21:45","modified_gmt":"2025-02-27T13:21:45","slug":"autriche","status":"publish","type":"page","link":"https:\/\/simproject.eu\/fr\/recherche\/autriche\/","title":{"rendered":"Autriche"},"content":{"rendered":"\t\t<div data-elementor-type=\"wp-page\" data-elementor-id=\"1442\" class=\"elementor elementor-1442 elementor-845\" data-elementor-post-type=\"page\">\n\t\t\t\t\t\t<section class=\"elementor-section elementor-top-section elementor-element elementor-element-fd8cfb8 elementor-section-height-min-height elementor-section-boxed elementor-section-height-default elementor-section-items-middle\" data-id=\"fd8cfb8\" data-element_type=\"section\" data-e-type=\"section\" data-settings=\"{&quot;background_background&quot;:&quot;classic&quot;}\">\n\t\t\t\t\t\t\t<div class=\"elementor-background-overlay\"><\/div>\n\t\t\t\t\t\t\t<div class=\"elementor-container elementor-column-gap-default\">\n\t\t\t\t\t<div class=\"elementor-column elementor-col-100 elementor-top-column elementor-element elementor-element-133cc2d\" data-id=\"133cc2d\" data-element_type=\"column\" data-e-type=\"column\">\n\t\t\t<div class=\"elementor-widget-wrap elementor-element-populated\">\n\t\t\t\t\t\t<div class=\"elementor-element elementor-element-ff9b0e2 elementor-widget elementor-widget-heading\" data-id=\"ff9b0e2\" data-element_type=\"widget\" data-e-type=\"widget\" data-widget_type=\"heading.default\">\n\t\t\t\t<div class=\"elementor-widget-container\">\n\t\t\t\t\t<h1 class=\"elementor-heading-title elementor-size-default\">Autriche<\/h1>\t\t\t\t<\/div>\n\t\t\t\t<\/div>\n\t\t\t\t<div class=\"elementor-element elementor-element-7af80c7 elementor-widget elementor-widget-heading\" data-id=\"7af80c7\" data-element_type=\"widget\" data-e-type=\"widget\" data-widget_type=\"heading.default\">\n\t\t\t\t<div class=\"elementor-widget-container\">\n\t\t\t\t\t<h2 class=\"elementor-heading-title elementor-size-default\">Principaux r\u00e9sultats de la recherche<\/h2>\t\t\t\t<\/div>\n\t\t\t\t<\/div>\n\t\t\t\t\t<\/div>\n\t\t<\/div>\n\t\t\t\t\t<\/div>\n\t\t<\/section>\n\t\t\t\t<section class=\"elementor-section elementor-top-section elementor-element elementor-element-eed2225 elementor-section-boxed elementor-section-height-default elementor-section-height-default\" data-id=\"eed2225\" data-element_type=\"section\" data-e-type=\"section\">\n\t\t\t\t\t\t<div class=\"elementor-container elementor-column-gap-default\">\n\t\t\t\t\t<div class=\"elementor-column elementor-col-100 elementor-top-column elementor-element elementor-element-26b347e\" data-id=\"26b347e\" data-element_type=\"column\" data-e-type=\"column\" data-settings=\"{&quot;background_background&quot;:&quot;classic&quot;}\">\n\t\t\t<div class=\"elementor-widget-wrap elementor-element-populated\">\n\t\t\t\t\t\t<div class=\"elementor-element elementor-element-7bf5a98 elementor-widget elementor-widget-heading\" data-id=\"7bf5a98\" data-element_type=\"widget\" data-e-type=\"widget\" data-widget_type=\"heading.default\">\n\t\t\t\t<div class=\"elementor-widget-container\">\n\t\t\t\t\t<h2 class=\"elementor-heading-title elementor-size-default\">Autriche<\/h2>\t\t\t\t<\/div>\n\t\t\t\t<\/div>\n\t\t\t\t<div class=\"elementor-element elementor-element-965a139 elementor-icon-list--layout-traditional elementor-list-item-link-full_width elementor-widget elementor-widget-icon-list\" data-id=\"965a139\" data-element_type=\"widget\" data-e-type=\"widget\" data-widget_type=\"icon-list.default\">\n\t\t\t\t<div class=\"elementor-widget-container\">\n\t\t\t\t\t\t\t<ul class=\"elementor-icon-list-items\">\n\t\t\t\t\t\t\t<li class=\"elementor-icon-list-item\">\n\t\t\t\t\t\t\t\t\t\t\t<span class=\"elementor-icon-list-icon\">\n\t\t\t\t\t\t\t<i aria-hidden=\"true\" class=\"fas fa-check\"><\/i>\t\t\t\t\t\t<\/span>\n\t\t\t\t\t\t\t\t\t\t<span class=\"elementor-icon-list-text\">L'\u00e9tude men\u00e9e \u00e0 Vienne met en \u00e9vidence le fait que le p\u00f4le \u00e9conomique autrichien est dot\u00e9 de solides engagements en mati\u00e8re de RSE et d'ESG, malgr\u00e9 l'absence de responsables RSE d\u00e9di\u00e9s<\/span>\n\t\t\t\t\t\t\t\t\t<\/li>\n\t\t\t\t\t\t\t\t<li class=\"elementor-icon-list-item\">\n\t\t\t\t\t\t\t\t\t\t\t<span class=\"elementor-icon-list-icon\">\n\t\t\t\t\t\t\t<i aria-hidden=\"true\" class=\"fas fa-check\"><\/i>\t\t\t\t\t\t<\/span>\n\t\t\t\t\t\t\t\t\t\t<span class=\"elementor-icon-list-text\">Les entreprises s'adaptent aux r\u00e9glementations europ\u00e9ennes complexes, encouragent la durabilit\u00e9 et proposent une formation compl\u00e8te en RSE<\/span>\n\t\t\t\t\t\t\t\t\t<\/li>\n\t\t\t\t\t\t\t\t<li class=\"elementor-icon-list-item\">\n\t\t\t\t\t\t\t\t\t\t\t<span class=\"elementor-icon-list-icon\">\n\t\t\t\t\t\t\t<i aria-hidden=\"true\" class=\"fas fa-check\"><\/i>\t\t\t\t\t\t<\/span>\n\t\t\t\t\t\t\t\t\t\t<span class=\"elementor-icon-list-text\">Les r\u00e9ponses \u00e0 l'enqu\u00eate (25) soulignent des d\u00e9fis tels que les lacunes en mati\u00e8re d'exp\u00e9rience pratique et la collaboration avec les partenaires<\/span>\n\t\t\t\t\t\t\t\t\t<\/li>\n\t\t\t\t\t\t\t\t<li class=\"elementor-icon-list-item\">\n\t\t\t\t\t\t\t\t\t\t\t<span class=\"elementor-icon-list-icon\">\n\t\t\t\t\t\t\t<i aria-hidden=\"true\" class=\"fas fa-check\"><\/i>\t\t\t\t\t\t<\/span>\n\t\t\t\t\t\t\t\t\t\t<span class=\"elementor-icon-list-text\">L\u2019int\u00e9gration dans la communaut\u00e9 locale, en particulier pour les jeunes d\u00e9favoris\u00e9s, n\u00e9cessite un encadrement et un investissement financier<\/span>\n\t\t\t\t\t\t\t\t\t<\/li>\n\t\t\t\t\t\t\t\t<li class=\"elementor-icon-list-item\">\n\t\t\t\t\t\t\t\t\t\t\t<span class=\"elementor-icon-list-icon\">\n\t\t\t\t\t\t\t<i aria-hidden=\"true\" class=\"fas fa-check\"><\/i>\t\t\t\t\t\t<\/span>\n\t\t\t\t\t\t\t\t\t\t<span class=\"elementor-icon-list-text\">Les groupes de discussion soulignent l'importance de l'ESG par rapport \u00e0 la RSE traditionnelle, en pr\u00f4nant la transparence et l'inclusion des parties prenantes<\/span>\n\t\t\t\t\t\t\t\t\t<\/li>\n\t\t\t\t\t\t\t\t<li class=\"elementor-icon-list-item\">\n\t\t\t\t\t\t\t\t\t\t\t<span class=\"elementor-icon-list-icon\">\n\t\t\t\t\t\t\t<i aria-hidden=\"true\" class=\"fas fa-check\"><\/i>\t\t\t\t\t\t<\/span>\n\t\t\t\t\t\t\t\t\t\t<span class=\"elementor-icon-list-text\">Les ateliers r\u00e9v\u00e8lent la n\u00e9cessit\u00e9 d'une coop\u00e9ration \u00e0 long terme entre les entreprises et la communaut\u00e9 et d'une plus grande sensibilisation aux besoins des groupes marginalis\u00e9s<\/span>\n\t\t\t\t\t\t\t\t\t<\/li>\n\t\t\t\t\t\t<\/ul>\n\t\t\t\t\t\t<\/div>\n\t\t\t\t<\/div>\n\t\t\t\t\t<\/div>\n\t\t<\/div>\n\t\t\t\t\t<\/div>\n\t\t<\/section>\n\t\t\t\t<section class=\"elementor-section elementor-top-section elementor-element elementor-element-dcd56e3 elementor-section-boxed elementor-section-height-default elementor-section-height-default\" data-id=\"dcd56e3\" data-element_type=\"section\" data-e-type=\"section\">\n\t\t\t\t\t\t<div class=\"elementor-container elementor-column-gap-default\">\n\t\t\t\t\t<div class=\"elementor-column elementor-col-100 elementor-top-column elementor-element elementor-element-0c6f2b0\" data-id=\"0c6f2b0\" data-element_type=\"column\" data-e-type=\"column\">\n\t\t\t<div class=\"elementor-widget-wrap elementor-element-populated\">\n\t\t\t\t\t\t<div class=\"elementor-element elementor-element-945a14b elementor-absolute e-transform elementor-widget elementor-widget-image\" data-id=\"945a14b\" data-element_type=\"widget\" data-e-type=\"widget\" data-settings=\"{&quot;_position&quot;:&quot;absolute&quot;,&quot;_transform_rotateZ_effect&quot;:{&quot;unit&quot;:&quot;px&quot;,&quot;size&quot;:-126,&quot;sizes&quot;:[]},&quot;_transform_rotateZ_effect_tablet&quot;:{&quot;unit&quot;:&quot;deg&quot;,&quot;size&quot;:&quot;&quot;,&quot;sizes&quot;:[]},&quot;_transform_rotateZ_effect_mobile&quot;:{&quot;unit&quot;:&quot;deg&quot;,&quot;size&quot;:&quot;&quot;,&quot;sizes&quot;:[]}}\" data-widget_type=\"image.default\">\n\t\t\t\t<div class=\"elementor-widget-container\">\n\t\t\t\t\t\t\t\t\t\t\t\t\t\t\t<img fetchpriority=\"high\" decoding=\"async\" width=\"772\" height=\"1024\" src=\"https:\/\/simproject.eu\/wp-content\/uploads\/2024\/08\/Picture1-772x1024.png\" class=\"attachment-large size-large wp-image-1366\" alt=\"\" srcset=\"https:\/\/simproject.eu\/wp-content\/uploads\/2024\/08\/Picture1-772x1024.png 772w, https:\/\/simproject.eu\/wp-content\/uploads\/2024\/08\/Picture1-226x300.png 226w, https:\/\/simproject.eu\/wp-content\/uploads\/2024\/08\/Picture1-768x1019.png 768w, https:\/\/simproject.eu\/wp-content\/uploads\/2024\/08\/Picture1.png 896w\" sizes=\"(max-width: 772px) 100vw, 772px\" \/>\t\t\t\t\t\t\t\t\t\t\t\t\t\t\t<\/div>\n\t\t\t\t<\/div>\n\t\t\t\t<div class=\"elementor-element elementor-element-9c9a676 elementor-widget elementor-widget-image\" data-id=\"9c9a676\" data-element_type=\"widget\" data-e-type=\"widget\" data-widget_type=\"image.default\">\n\t\t\t\t<div class=\"elementor-widget-container\">\n\t\t\t\t\t\t\t\t\t\t\t\t\t\t\t\t<a href=\"https:\/\/simproject.eu\/wp-content\/uploads\/2024\/09\/SIM-infographic-5-scaled.jpg\" data-elementor-open-lightbox=\"yes\" data-elementor-lightbox-title=\"SIM infographic 5\" data-e-action-hash=\"#elementor-action%3Aaction%3Dlightbox%26settings%3DeyJpZCI6MTM5MywidXJsIjoiaHR0cHM6XC9cL3NpbXByb2plY3QuZXVcL3dwLWNvbnRlbnRcL3VwbG9hZHNcLzIwMjRcLzA5XC9TSU0taW5mb2dyYXBoaWMtNS1zY2FsZWQuanBnIn0%3D\">\n\t\t\t\t\t\t\t<img decoding=\"async\" width=\"2560\" height=\"1746\" src=\"https:\/\/simproject.eu\/wp-content\/uploads\/2024\/09\/SIM-infographic-5-scaled.jpg\" class=\"attachment-full size-full wp-image-1393\" alt=\"\" srcset=\"https:\/\/simproject.eu\/wp-content\/uploads\/2024\/09\/SIM-infographic-5-scaled.jpg 2560w, https:\/\/simproject.eu\/wp-content\/uploads\/2024\/09\/SIM-infographic-5-300x205.jpg 300w, https:\/\/simproject.eu\/wp-content\/uploads\/2024\/09\/SIM-infographic-5-1024x698.jpg 1024w, https:\/\/simproject.eu\/wp-content\/uploads\/2024\/09\/SIM-infographic-5-768x524.jpg 768w, https:\/\/simproject.eu\/wp-content\/uploads\/2024\/09\/SIM-infographic-5-1536x1048.jpg 1536w, https:\/\/simproject.eu\/wp-content\/uploads\/2024\/09\/SIM-infographic-5-2048x1397.jpg 2048w\" sizes=\"(max-width: 2560px) 100vw, 2560px\" \/>\t\t\t\t\t\t\t\t<\/a>\n\t\t\t\t\t\t\t\t\t\t\t\t\t\t\t<\/div>\n\t\t\t\t<\/div>\n\t\t\t\t\t<\/div>\n\t\t<\/div>\n\t\t\t\t\t<\/div>\n\t\t<\/section>\n\t\t\t\t<section class=\"elementor-section elementor-top-section elementor-element elementor-element-072c533 elementor-section-boxed elementor-section-height-default elementor-section-height-default\" data-id=\"072c533\" data-element_type=\"section\" data-e-type=\"section\">\n\t\t\t\t\t\t<div class=\"elementor-container elementor-column-gap-default\">\n\t\t\t\t\t<div class=\"elementor-column elementor-col-100 elementor-top-column elementor-element elementor-element-65d61d6\" data-id=\"65d61d6\" data-element_type=\"column\" data-e-type=\"column\">\n\t\t\t<div class=\"elementor-widget-wrap elementor-element-populated\">\n\t\t\t\t\t\t<div class=\"elementor-element elementor-element-bceb89b elementor-widget elementor-widget-image\" data-id=\"bceb89b\" data-element_type=\"widget\" data-e-type=\"widget\" data-widget_type=\"image.default\">\n\t\t\t\t<div class=\"elementor-widget-container\">\n\t\t\t\t\t\t\t\t\t\t\t\t\t\t\t<img decoding=\"async\" width=\"212\" height=\"61\" src=\"https:\/\/simproject.eu\/wp-content\/uploads\/2024\/09\/tele.png\" class=\"attachment-large size-large wp-image-1397\" alt=\"\" \/>\t\t\t\t\t\t\t\t\t\t\t\t\t\t\t<\/div>\n\t\t\t\t<\/div>\n\t\t\t\t<div class=\"elementor-element elementor-element-e8841c6 elementor-widget elementor-widget-heading\" data-id=\"e8841c6\" data-element_type=\"widget\" data-e-type=\"widget\" data-widget_type=\"heading.default\">\n\t\t\t\t<div class=\"elementor-widget-container\">\n\t\t\t\t\t<h2 class=\"elementor-heading-title elementor-size-default\">\u00c9TUDE DE CAS : Tele Haase - Autriche<\/h2>\t\t\t\t<\/div>\n\t\t\t\t<\/div>\n\t\t\t\t<div class=\"elementor-element elementor-element-68dcda7 elementor-widget elementor-widget-text-editor\" data-id=\"68dcda7\" data-element_type=\"widget\" data-e-type=\"widget\" data-widget_type=\"text-editor.default\">\n\t\t\t\t<div class=\"elementor-widget-container\">\n\t\t\t\t\t\t\t\t\t<p><a href=\"https:\/\/www.tele-online.com\/\">TELE Haase Steuerger\u00e4te GmbH<\/a> est une entreprise viennoise qui travaille dans le secteur technologique depuis plus de 60 ans. Cette entreprise repr\u00e9sente un cas particulier car, bien qu&rsquo;il n&rsquo;y ait pas de responsable de la RSE au sein de l&rsquo;entreprise, il y a environ 4 \u00e0 5 employ\u00e9s qui travaillent r\u00e9guli\u00e8rement et qui orientent les questions de responsabilit\u00e9 sociale des entreprises. Des groupes de travail ont \u00e9t\u00e9 r\u00e9guli\u00e8rement mis en place pour des projets sp\u00e9cifiques dans lesquels les employ\u00e9s examinent et traitent \u00e9galement les questions relatives \u00e0 la durabilit\u00e9 et \u00e0 la responsabilit\u00e9 sociale, ainsi qu&rsquo;aux op\u00e9rations d&rsquo;\u00e9conomie des ressources. C&rsquo;est pr\u00e9cis\u00e9ment pour cette raison que l&rsquo;entreprise s&rsquo;engage fermement \u00e0 soutenir les communaut\u00e9s locales. Il n&rsquo;y a pas de partenariats pr\u00e9d\u00e9termin\u00e9s, mais plut\u00f4t des collaborations adapt\u00e9es aux objectifs et aux besoins sp\u00e9cifiques identifi\u00e9s par certaines parties des communaut\u00e9s locales et le public cible de chaque projet.     <\/p><p>Voici quelques exemples de leur engagement communautaire diversifi\u00e9 :<\/p><ul><li>Green Up Your Life : Ce projet en cours est ax\u00e9 sur les apprentis et est cens\u00e9 promouvoir la responsabilit\u00e9 environnementale ou le d\u00e9veloppement des comp\u00e9tences.<\/li><li>Christkindlbriefaktion : En collaboration avec Caritas \u00d6sterreich, l&rsquo;entreprise contribue \u00e0 la r\u00e9alisation des souhaits de vacances d&rsquo;enfants, de jeunes et d&rsquo;adultes handicap\u00e9s ou dans le besoin.<\/li><li>Collaboration avec d&rsquo;autres organisations locales : Des projets ant\u00e9rieurs ont impliqu\u00e9 Fond Soziales Wien (fonds social) et SOS Kinderdorf (villages d&rsquo;enfants), soulignant leur implication dans diverses causes sociales. \u25cf Campagnes de collecte de v\u00eatements : En collaborant avec des organisations humanitaires locales, l&rsquo;entreprise participe activement \u00e0 la collecte de dons et de v\u00eatements pour les personnes dans le besoin. <\/li><li>Prochaine initiative : Les apprentis seront encourag\u00e9s \u00e0 faire du b\u00e9n\u00e9volat pendant les heures de travail, probablement pour soutenir des causes locales telles que les maisons de retraite de Vienne. Une \u00e9quipe se consacre aux objectifs de d\u00e9veloppement durable (ODD) des Nations unies. Cette \u00e9quipe discute des activit\u00e9s de RSE avec les communaut\u00e9s locales, recherchant activement des id\u00e9es et des solutions pour un impact positif. Par ailleurs, un nouveau projet de collaboration est en cours avec \u00ab\u00a0Lichtblickerhof\u00a0\u00bb, un centre communautaire local qui soutient les enfants confront\u00e9s \u00e0 des maladies graves, \u00e0 des handicaps ou \u00e0 des traumatismes. En substance, l&rsquo;entreprise fait preuve d&rsquo;une approche flexible et efficace de l&rsquo;engagement communautaire, en adaptant son soutien aux diff\u00e9rents besoins et en s&rsquo;associant \u00e0 diverses organisations locales pour une port\u00e9e maximale.    <\/li><\/ul>\t\t\t\t\t\t\t\t<\/div>\n\t\t\t\t<\/div>\n\t\t\t\t<section class=\"elementor-section elementor-inner-section elementor-element elementor-element-5a17655 elementor-section-boxed elementor-section-height-default elementor-section-height-default\" data-id=\"5a17655\" data-element_type=\"section\" data-e-type=\"section\">\n\t\t\t\t\t\t<div class=\"elementor-container elementor-column-gap-default\">\n\t\t\t\t\t<div class=\"elementor-column elementor-col-50 elementor-inner-column elementor-element elementor-element-376abcd\" data-id=\"376abcd\" data-element_type=\"column\" data-e-type=\"column\">\n\t\t\t<div class=\"elementor-widget-wrap elementor-element-populated\">\n\t\t\t\t\t\t<div class=\"elementor-element elementor-element-b0cecfb elementor-widget elementor-widget-image\" data-id=\"b0cecfb\" data-element_type=\"widget\" data-e-type=\"widget\" data-widget_type=\"image.default\">\n\t\t\t\t<div class=\"elementor-widget-container\">\n\t\t\t\t\t\t\t\t\t\t\t\t\t\t\t<img loading=\"lazy\" decoding=\"async\" width=\"612\" height=\"612\" src=\"https:\/\/simproject.eu\/wp-content\/uploads\/2024\/09\/podcast-badge-icon-stamp-logo-vector-stock-illustration-vector-id1192908503.png\" class=\"attachment-large size-large wp-image-1401\" alt=\"\" srcset=\"https:\/\/simproject.eu\/wp-content\/uploads\/2024\/09\/podcast-badge-icon-stamp-logo-vector-stock-illustration-vector-id1192908503.png 612w, https:\/\/simproject.eu\/wp-content\/uploads\/2024\/09\/podcast-badge-icon-stamp-logo-vector-stock-illustration-vector-id1192908503-300x300.png 300w, https:\/\/simproject.eu\/wp-content\/uploads\/2024\/09\/podcast-badge-icon-stamp-logo-vector-stock-illustration-vector-id1192908503-150x150.png 150w\" sizes=\"(max-width: 612px) 100vw, 612px\" \/>\t\t\t\t\t\t\t\t\t\t\t\t\t\t\t<\/div>\n\t\t\t\t<\/div>\n\t\t\t\t\t<\/div>\n\t\t<\/div>\n\t\t\t\t<div class=\"elementor-column elementor-col-50 elementor-inner-column elementor-element elementor-element-6a4137d\" data-id=\"6a4137d\" data-element_type=\"column\" data-e-type=\"column\">\n\t\t\t<div class=\"elementor-widget-wrap elementor-element-populated\">\n\t\t\t\t\t\t<div class=\"elementor-element elementor-element-61da9b7 elementor-widget elementor-widget-heading\" data-id=\"61da9b7\" data-element_type=\"widget\" data-e-type=\"widget\" data-widget_type=\"heading.default\">\n\t\t\t\t<div class=\"elementor-widget-container\">\n\t\t\t\t\t<h2 class=\"elementor-heading-title elementor-size-default\">Tele Haase - Podcast PbE<\/h2>\t\t\t\t<\/div>\n\t\t\t\t<\/div>\n\t\t\t\t<div class=\"elementor-element elementor-element-5bebb4b elementor-widget elementor-widget-shortcode\" data-id=\"5bebb4b\" data-element_type=\"widget\" data-e-type=\"widget\" data-widget_type=\"shortcode.default\">\n\t\t\t\t<div class=\"elementor-widget-container\">\n\t\t\t\t\t\t\t<div class=\"elementor-shortcode\"><div\n    id=\"h5ap-player-1\"\n    data-id=\"h5ap-player-1\"\n    data-attributes=\"{&quot;uniqueId&quot;:&quot;player988&quot;,&quot;clientId&quot;:&quot;&quot;,&quot;align&quot;:&quot;&quot;,&quot;alignment&quot;:&quot;center&quot;,&quot;source&quot;:&quot;https:\\\/\\\/simproject.eu\\\/wp-content\\\/uploads\\\/2024\\\/08\\\/Tele-Haase-PbE_Podcast_SIM-1.mp3&quot;,&quot;poster&quot;:&quot;&quot;,&quot;title&quot;:&quot;Audio Title&quot;,&quot;artist&quot;:&quot;Author Name&quot;,&quot;color&quot;:&quot;#fff&quot;,&quot;textColor&quot;:&quot;#fff&quot;,&quot;primaryColor&quot;:&quot;#195FF5&quot;,&quot;hoverColor&quot;:&quot;#00B3FF&quot;,&quot;skin&quot;:&quot;Default&quot;,&quot;repeat&quot;:false,&quot;autoplay&quot;:false,&quot;isSticky&quot;:false,&quot;muted&quot;:false,&quot;loader&quot;:true,&quot;saveState&quot;:false,&quot;disablePause&quot;:false,&quot;seekTime&quot;:10,&quot;startTime&quot;:0,&quot;download&quot;:true,&quot;width&quot;:&quot;100%&quot;,&quot;radius&quot;:&quot;10px&quot;,&quot;controls&quot;:{&quot;play&quot;:true,&quot;progress&quot;:true,&quot;duration&quot;:true,&quot;mute&quot;:true,&quot;volume&quot;:true,&quot;settings&quot;:true},&quot;CSS&quot;:&quot;&quot;,&quot;i18n&quot;:{&quot;restart&quot;:&quot;Restart&quot;,&quot;rewind&quot;:&quot;Rewind {seektime}s&quot;,&quot;play&quot;:&quot;Play&quot;,&quot;pause&quot;:&quot;Pause&quot;,&quot;fastForward:&quot;:&quot;Forward {seektime}s&quot;,&quot;seek&quot;:&quot;Seek&quot;,&quot;seekLabel&quot;:&quot;{currentTime} of {duration}&quot;,&quot;played&quot;:&quot;Played&quot;,&quot;buffered&quot;:&quot;Buffered&quot;,&quot;currentTime:&quot;:&quot;Current time&quot;,&quot;duration&quot;:&quot;Duration&quot;,&quot;volume&quot;:&quot;Volume&quot;,&quot;mute&quot;:&quot;Mute&quot;,&quot;unmute&quot;:&quot;Unmute&quot;,&quot;enableCaptions&quot;:&quot;Enable captions&quot;,&quot;disableCaptions&quot;:&quot;Disable captions&quot;,&quot;download&quot;:&quot;Download&quot;,&quot;enterFullscreen&quot;:&quot;Enter fullscreen&quot;,&quot;exitFullscreen&quot;:&quot;Exit fullscreen&quot;,&quot;frameTitle&quot;:&quot;Player for {title}&quot;,&quot;captions&quot;:&quot;Captions&quot;,&quot;settings&quot;:&quot;Settings&quot;,&quot;pip&quot;:&quot;PIP&quot;,&quot;menuBack&quot;:&quot;Go back to previous menu&quot;,&quot;speed&quot;:&quot;Speed&quot;,&quot;normal&quot;:&quot;Normal&quot;,&quot;quality&quot;:&quot;Quality&quot;,&quot;loop&quot;:&quot;Loop&quot;,&quot;start&quot;:&quot;Start&quot;,&quot;end&quot;:&quot;End&quot;,&quot;all&quot;:&quot;All&quot;,&quot;reset&quot;:&quot;Reset&quot;,&quot;disabled&quot;:&quot;Disabled&quot;,&quot;enabled&quot;:&quot;Enabled&quot;,&quot;advertisement&quot;:&quot;Ad&quot;,&quot;qualityBadge&quot;:{&quot;2160&quot;:&quot;4K&quot;,&quot;1440&quot;:&quot;HD&quot;,&quot;1080&quot;:&quot;HD&quot;,&quot;720&quot;:&quot;HD&quot;,&quot;576&quot;:&quot;SD&quot;,&quot;480&quot;:&quot;SD&quot;}},&quot;controlColor&quot;:&quot;#4a5464&quot;,&quot;preload&quot;:&quot;metadata&quot;,&quot;speed&quot;:{&quot;selected&quot;:1,&quot;speed&quot;:[&quot;0.5&quot;,&quot; 0.75&quot;,&quot; 1&quot;,&quot; 1.25&quot;,&quot; 1.5&quot;,&quot; 1.75&quot;,&quot; 2&quot;,&quot; 4&quot;,&quot; 8&quot;]},&quot;multiple_audio&quot;:false,&quot;defaultValue&quot;:{&quot;Default&quot;:{&quot;primaryColor&quot;:&quot;#4A5464&quot;,&quot;controlColor&quot;:&quot;#4A5464&quot;,&quot;bgColor&quot;:&quot;#F5F5F5&quot;},&quot;Fusion&quot;:{&quot;primaryColor&quot;:&quot;#fff&quot;,&quot;bgColor&quot;:&quot;#161616&quot;,&quot;controlColor&quot;:&quot;#fff&quot;},&quot;Stamp&quot;:{&quot;controlColor&quot;:&quot;#fff&quot;,&quot;bgColor&quot;:&quot;#161616&quot;},&quot;Wave&quot;:{&quot;primaryColor&quot;:&quot;#fff&quot;,&quot;controlColor&quot;:&quot;#fff&quot;,&quot;bgColor&quot;:&quot;#161616&quot;,&quot;textColor&quot;:&quot;#fff&quot;},&quot;Card-1&quot;:{&quot;primaryColor&quot;:&quot;#fff&quot;,&quot;controlColor&quot;:&quot;#161616&quot;,&quot;bgColor&quot;:&quot;#161616&quot;,&quot;textColor&quot;:&quot;#fff&quot;},&quot;Card-2&quot;:{&quot;primaryColor&quot;:&quot;#00FBF3&quot;,&quot;controlColor&quot;:&quot;#fff&quot;,&quot;bgColor&quot;:&quot;#161616&quot;,&quot;textColor&quot;:&quot;#fff&quot;},&quot;Simple-1&quot;:{&quot;primaryColor&quot;:&quot;#00dcff&quot;,&quot;controlColor&quot;:&quot;#fff&quot;,&quot;bgColor&quot;:&quot;#161616&quot;,&quot;textColor&quot;:&quot;#00dcff&quot;},&quot;Simple-2&quot;:{&quot;primaryColor&quot;:&quot;#06F7FF00&quot;,&quot;controlColor&quot;:&quot;#fff&quot;,&quot;bgColor&quot;:&quot;#161616&quot;},&quot;Player9&quot;:{&quot;primaryColor&quot;:&quot;#195FF6&quot;,&quot;controlColor&quot;:&quot;#fff&quot;,&quot;bgColor&quot;:&quot;#161616&quot;,&quot;textColor&quot;:&quot;#EDEFF2&quot;},&quot;Player10&quot;:{&quot;primaryColor&quot;:&quot;#195FF6&quot;,&quot;controlColor&quot;:&quot;#fff&quot;,&quot;bgColor&quot;:&quot;#161616&quot;,&quot;textColor&quot;:&quot;#EDEFF2&quot;},&quot;Player11&quot;:{&quot;primaryColor&quot;:&quot;#195FF6&quot;,&quot;controlColor&quot;:&quot;#fff&quot;,&quot;bgColor&quot;:&quot;#161616&quot;,&quot;textColor&quot;:&quot;#fff&quot;}}}\"\n    class=\"wp-block-h5ap-tailwind wp-block-h5ap-audioplayer\">\n            <div class='h5ap_lp'>\n            <div class='bar bar-1'><\/div>\n            <div class='bar bar-1'><\/div>\n        <\/div>\n    <\/div><\/div>\n\t\t\t\t\t\t<\/div>\n\t\t\t\t<\/div>\n\t\t\t\t\t<\/div>\n\t\t<\/div>\n\t\t\t\t\t<\/div>\n\t\t<\/section>\n\t\t\t\t\t<\/div>\n\t\t<\/div>\n\t\t\t\t\t<\/div>\n\t\t<\/section>\n\t\t\t\t<\/div>\n\t\t","protected":false},"excerpt":{"rendered":"<p>Autriche Principaux r\u00e9sultats de la recherche Autriche L&rsquo;\u00e9tude men\u00e9e \u00e0 Vienne met en \u00e9vidence le fait que le p\u00f4le \u00e9conomique autrichien est dot\u00e9 de solides engagements en mati\u00e8re de RSE et d&rsquo;ESG, malgr\u00e9 l&rsquo;absence de responsables RSE d\u00e9di\u00e9s Les entreprises s&rsquo;adaptent aux r\u00e9glementations europ\u00e9ennes complexes, encouragent la durabilit\u00e9 et proposent une formation compl\u00e8te en RSE [&hellip;]<\/p>\n","protected":false},"author":3,"featured_media":0,"parent":1441,"menu_order":0,"comment_status":"closed","ping_status":"closed","template":"elementor_header_footer","meta":{"h5ap_radio_sources":[],"footnotes":""},"class_list":["post-1442","page","type-page","status-publish","hentry"],"_links":{"self":[{"href":"https:\/\/simproject.eu\/fr\/wp-json\/wp\/v2\/pages\/1442","targetHints":{"allow":["GET"]}}],"collection":[{"href":"https:\/\/simproject.eu\/fr\/wp-json\/wp\/v2\/pages"}],"about":[{"href":"https:\/\/simproject.eu\/fr\/wp-json\/wp\/v2\/types\/page"}],"author":[{"embeddable":true,"href":"https:\/\/simproject.eu\/fr\/wp-json\/wp\/v2\/users\/3"}],"replies":[{"embeddable":true,"href":"https:\/\/simproject.eu\/fr\/wp-json\/wp\/v2\/comments?post=1442"}],"version-history":[{"count":2,"href":"https:\/\/simproject.eu\/fr\/wp-json\/wp\/v2\/pages\/1442\/revisions"}],"predecessor-version":[{"id":2201,"href":"https:\/\/simproject.eu\/fr\/wp-json\/wp\/v2\/pages\/1442\/revisions\/2201"}],"up":[{"embeddable":true,"href":"https:\/\/simproject.eu\/fr\/wp-json\/wp\/v2\/pages\/1441"}],"wp:attachment":[{"href":"https:\/\/simproject.eu\/fr\/wp-json\/wp\/v2\/media?parent=1442"}],"curies":[{"name":"wp","href":"https:\/\/api.w.org\/{rel}","templated":true}]}}