{"id":1449,"date":"2023-10-02T12:01:42","date_gmt":"2023-10-02T12:01:42","guid":{"rendered":"https:\/\/simproject.eu\/sengager\/"},"modified":"2025-02-27T12:52:16","modified_gmt":"2025-02-27T12:52:16","slug":"sengager","status":"publish","type":"page","link":"https:\/\/simproject.eu\/fr\/sengager\/","title":{"rendered":"S&rsquo;engager"},"content":{"rendered":"\t\t<div data-elementor-type=\"wp-page\" data-elementor-id=\"1449\" class=\"elementor elementor-1449 elementor-408\" data-elementor-post-type=\"page\">\n\t\t\t\t\t\t<section class=\"elementor-section elementor-top-section elementor-element elementor-element-8061407 elementor-section-height-min-height elementor-section-boxed elementor-section-height-default elementor-section-items-middle\" data-id=\"8061407\" data-element_type=\"section\" data-e-type=\"section\" data-settings=\"{&quot;background_background&quot;:&quot;classic&quot;}\">\n\t\t\t\t\t\t\t<div class=\"elementor-background-overlay\"><\/div>\n\t\t\t\t\t\t\t<div class=\"elementor-container elementor-column-gap-default\">\n\t\t\t\t\t<div class=\"elementor-column elementor-col-100 elementor-top-column elementor-element elementor-element-12f1343\" data-id=\"12f1343\" data-element_type=\"column\" data-e-type=\"column\">\n\t\t\t<div class=\"elementor-widget-wrap elementor-element-populated\">\n\t\t\t\t\t\t<div class=\"elementor-element elementor-element-b064a52 elementor-widget elementor-widget-heading\" data-id=\"b064a52\" data-element_type=\"widget\" data-e-type=\"widget\" data-widget_type=\"heading.default\">\n\t\t\t\t<div class=\"elementor-widget-container\">\n\t\t\t\t\t<h1 class=\"elementor-heading-title elementor-size-default\">S'engager<\/h1>\t\t\t\t<\/div>\n\t\t\t\t<\/div>\n\t\t\t\t<div class=\"elementor-element elementor-element-dbe9ac3 elementor-widget elementor-widget-text-editor\" data-id=\"dbe9ac3\" data-element_type=\"widget\" data-e-type=\"widget\" data-widget_type=\"text-editor.default\">\n\t\t\t\t<div class=\"elementor-widget-container\">\n\t\t\t\t\t\t\t\t\t<p>Sur la base des enqu\u00eates, des entretiens et des groupes de discussion men\u00e9s par les partenaires, nous avons cartographi\u00e9 et \u00e9tudi\u00e9 ces donn\u00e9es primaires afin d&rsquo;\u00e9valuer les besoins des entreprises et des communaut\u00e9s locales.<\/p>\t\t\t\t\t\t\t\t<\/div>\n\t\t\t\t<\/div>\n\t\t\t\t\t<\/div>\n\t\t<\/div>\n\t\t\t\t\t<\/div>\n\t\t<\/section>\n\t\t\t\t<section class=\"elementor-section elementor-top-section elementor-element elementor-element-b831de8 elementor-section-boxed elementor-section-height-default elementor-section-height-default\" data-id=\"b831de8\" data-element_type=\"section\" data-e-type=\"section\">\n\t\t\t\t\t\t<div class=\"elementor-container elementor-column-gap-default\">\n\t\t\t\t\t<div class=\"elementor-column elementor-col-50 elementor-top-column elementor-element elementor-element-068c6d1\" data-id=\"068c6d1\" data-element_type=\"column\" data-e-type=\"column\">\n\t\t\t<div class=\"elementor-widget-wrap elementor-element-populated\">\n\t\t\t\t\t\t<div class=\"elementor-element elementor-element-4f30213 elementor-widget elementor-widget-heading\" data-id=\"4f30213\" data-element_type=\"widget\" data-e-type=\"widget\" data-widget_type=\"heading.default\">\n\t\t\t\t<div class=\"elementor-widget-container\">\n\t\t\t\t\t<h2 class=\"elementor-heading-title elementor-size-default\">RSE et d\u00e9veloppement communautaire : Une analyse compl\u00e8te<\/h2>\t\t\t\t<\/div>\n\t\t\t\t<\/div>\n\t\t\t\t<div class=\"elementor-element elementor-element-b669d3b elementor-widget elementor-widget-text-editor\" data-id=\"b669d3b\" data-element_type=\"widget\" data-e-type=\"widget\" data-widget_type=\"text-editor.default\">\n\t\t\t\t<div class=\"elementor-widget-container\">\n\t\t\t\t\t\t\t\t\t<p>Les chefs de file du WP2, l&rsquo;\u00e9cole de projet, ont entrepris une analyse compl\u00e8te des m\u00e9thodes et pratiques de RSE et de d\u00e9veloppement communautaire en place dans cinq pays partenaires : Autriche, Croatie, France, Gr\u00e8ce et Italie.<\/p>\t\t\t\t\t\t\t\t<\/div>\n\t\t\t\t<\/div>\n\t\t\t\t<div class=\"elementor-element elementor-element-6122277 elementor-widget elementor-widget-text-editor\" data-id=\"6122277\" data-element_type=\"widget\" data-e-type=\"widget\" data-widget_type=\"text-editor.default\">\n\t\t\t\t<div class=\"elementor-widget-container\">\n\t\t\t\t\t\t\t\t\t<p>T\u00e9l\u00e9chargez les rapports d&rsquo;analyse pour les d\u00e9couvrir :<\/p><p>&#8211; R\u00e9sultats de la recherche au niveau des entreprises et des autorit\u00e9s locales dans les cinq pays.<\/p><p>&#8211; Tendances et diff\u00e9rences entre les diff\u00e9rents pays en ce qui concerne la relation entre la RSE et le d\u00e9veloppement communautaire.<\/p><p>&#8211; Profil d&rsquo;une entreprise socialement responsable vis-\u00e0-vis de sa communaut\u00e9 locale.<\/p><p>Les connaissances issues de cette analyse constituent l&rsquo;un des \u00e9l\u00e9ments cl\u00e9s de notre projet, car elles permettent la transformation et le d\u00e9veloppement de la communaut\u00e9 en se concentrant sur ce qui existe d\u00e9j\u00e0 en termes de d\u00e9fis, de d\u00e9sirs, de besoins et d&rsquo;attentes. Elle responsabilise \u00e9galement les parties prenantes (entreprises locales et communaut\u00e9s) en promouvant des relations horizontales, en r\u00e9ponse aux d\u00e9fis que nous avons identifi\u00e9s au niveau local. <\/p>\t\t\t\t\t\t\t\t<\/div>\n\t\t\t\t<\/div>\n\t\t\t\t\t<\/div>\n\t\t<\/div>\n\t\t\t\t<div class=\"elementor-column elementor-col-50 elementor-top-column elementor-element elementor-element-de39aa3\" data-id=\"de39aa3\" data-element_type=\"column\" data-e-type=\"column\">\n\t\t\t<div class=\"elementor-widget-wrap elementor-element-populated\">\n\t\t\t\t\t\t<div class=\"elementor-element elementor-element-1fd52e0 elementor-widget__width-initial elementor-widget elementor-widget-image\" data-id=\"1fd52e0\" data-element_type=\"widget\" data-e-type=\"widget\" data-widget_type=\"image.default\">\n\t\t\t\t<div class=\"elementor-widget-container\">\n\t\t\t\t\t\t\t\t\t\t\t\t\t\t\t\t<a href=\"https:\/\/simproject.eu\/download\/613\/?tmstv=1720715386\">\n\t\t\t\t\t\t\t<img fetchpriority=\"high\" decoding=\"async\" width=\"491\" height=\"693\" src=\"https:\/\/simproject.eu\/wp-content\/uploads\/2024\/08\/image.png\" class=\"attachment-large size-large wp-image-1372\" alt=\"\" srcset=\"https:\/\/simproject.eu\/wp-content\/uploads\/2024\/08\/image.png 491w, https:\/\/simproject.eu\/wp-content\/uploads\/2024\/08\/image-213x300.png 213w\" sizes=\"(max-width: 491px) 100vw, 491px\" \/>\t\t\t\t\t\t\t\t<\/a>\n\t\t\t\t\t\t\t\t\t\t\t\t\t\t\t<\/div>\n\t\t\t\t<\/div>\n\t\t\t\t\t<\/div>\n\t\t<\/div>\n\t\t\t\t\t<\/div>\n\t\t<\/section>\n\t\t\t\t<section class=\"elementor-section elementor-top-section elementor-element elementor-element-d2dccac elementor-section-boxed elementor-section-height-default elementor-section-height-default\" data-id=\"d2dccac\" data-element_type=\"section\" data-e-type=\"section\">\n\t\t\t\t\t\t<div class=\"elementor-container elementor-column-gap-default\">\n\t\t\t\t\t<div class=\"elementor-column elementor-col-100 elementor-top-column elementor-element elementor-element-a16f294\" data-id=\"a16f294\" data-element_type=\"column\" data-e-type=\"column\">\n\t\t\t<div class=\"elementor-widget-wrap elementor-element-populated\">\n\t\t\t\t\t\t<div class=\"elementor-element elementor-element-475b6c5 elementor-widget elementor-widget-heading\" data-id=\"475b6c5\" data-element_type=\"widget\" data-e-type=\"widget\" data-widget_type=\"heading.default\">\n\t\t\t\t<div class=\"elementor-widget-container\">\n\t\t\t\t\t<h2 class=\"elementor-heading-title elementor-size-default\">T\u00e9l\u00e9chargez le rapport sur la RSE et le d\u00e9veloppement communautaire<\/h2>\t\t\t\t<\/div>\n\t\t\t\t<\/div>\n\t\t\t\t<div class=\"elementor-element elementor-element-c4a022c elementor-widget-divider--view-line elementor-widget elementor-widget-divider\" data-id=\"c4a022c\" data-element_type=\"widget\" data-e-type=\"widget\" data-widget_type=\"divider.default\">\n\t\t\t\t<div class=\"elementor-widget-container\">\n\t\t\t\t\t\t\t<div class=\"elementor-divider\">\n\t\t\t<span class=\"elementor-divider-separator\">\n\t\t\t\t\t\t<\/span>\n\t\t<\/div>\n\t\t\t\t\t\t<\/div>\n\t\t\t\t<\/div>\n\t\t\t\t\t<\/div>\n\t\t<\/div>\n\t\t\t\t\t<\/div>\n\t\t<\/section>\n\t\t\t\t<section class=\"elementor-section elementor-top-section elementor-element elementor-element-8cffa21 elementor-section-boxed elementor-section-height-default elementor-section-height-default\" data-id=\"8cffa21\" data-element_type=\"section\" data-e-type=\"section\">\n\t\t\t\t\t\t<div class=\"elementor-container elementor-column-gap-default\">\n\t\t\t\t\t<div class=\"elementor-column elementor-col-33 elementor-top-column elementor-element elementor-element-1db3a33\" data-id=\"1db3a33\" data-element_type=\"column\" data-e-type=\"column\">\n\t\t\t<div class=\"elementor-widget-wrap elementor-element-populated\">\n\t\t\t\t\t\t<div class=\"elementor-element elementor-element-0995c20 elementor-widget elementor-widget-heading\" data-id=\"0995c20\" data-element_type=\"widget\" data-e-type=\"widget\" data-widget_type=\"heading.default\">\n\t\t\t\t<div class=\"elementor-widget-container\">\n\t\t\t\t\t<h2 class=\"elementor-heading-title elementor-size-default\">Anglais<\/h2>\t\t\t\t<\/div>\n\t\t\t\t<\/div>\n\t\t\t\t<div class=\"elementor-element elementor-element-daca468 elementor-widget elementor-widget-image\" data-id=\"daca468\" data-element_type=\"widget\" data-e-type=\"widget\" data-widget_type=\"image.default\">\n\t\t\t\t<div class=\"elementor-widget-container\">\n\t\t\t\t\t\t\t\t\t\t\t\t\t\t\t<img decoding=\"async\" width=\"800\" height=\"534\" src=\"https:\/\/simproject.eu\/wp-content\/uploads\/2024\/07\/group-volunteers-collecting-garbage-1024x683.jpg\" class=\"attachment-large size-large wp-image-1346\" alt=\"\" srcset=\"https:\/\/simproject.eu\/wp-content\/uploads\/2024\/07\/group-volunteers-collecting-garbage-1024x683.jpg 1024w, https:\/\/simproject.eu\/wp-content\/uploads\/2024\/07\/group-volunteers-collecting-garbage-300x200.jpg 300w, https:\/\/simproject.eu\/wp-content\/uploads\/2024\/07\/group-volunteers-collecting-garbage-768x512.jpg 768w, https:\/\/simproject.eu\/wp-content\/uploads\/2024\/07\/group-volunteers-collecting-garbage-1536x1024.jpg 1536w, https:\/\/simproject.eu\/wp-content\/uploads\/2024\/07\/group-volunteers-collecting-garbage-2048x1365.jpg 2048w\" sizes=\"(max-width: 800px) 100vw, 800px\" \/>\t\t\t\t\t\t\t\t\t\t\t\t\t\t\t<\/div>\n\t\t\t\t<\/div>\n\t\t\t\t<div class=\"elementor-element elementor-element-6f7c0ff elementor-widget elementor-widget-text-editor\" data-id=\"6f7c0ff\" data-element_type=\"widget\" data-e-type=\"widget\" data-widget_type=\"text-editor.default\">\n\t\t\t\t<div class=\"elementor-widget-container\">\n\t\t\t\t\t\t\t\t\t<p><a href=\"https:\/\/simproject.eu\/download\/613\/?tmstv=1720715386\">T\u00c9L\u00c9CHARGER LE PDF<\/a><\/p>\t\t\t\t\t\t\t\t<\/div>\n\t\t\t\t<\/div>\n\t\t\t\t\t<\/div>\n\t\t<\/div>\n\t\t\t\t<div class=\"elementor-column elementor-col-33 elementor-top-column elementor-element elementor-element-6d6f316\" data-id=\"6d6f316\" data-element_type=\"column\" data-e-type=\"column\">\n\t\t\t<div class=\"elementor-widget-wrap elementor-element-populated\">\n\t\t\t\t\t\t<div class=\"elementor-element elementor-element-d740b1a elementor-widget elementor-widget-heading\" data-id=\"d740b1a\" data-element_type=\"widget\" data-e-type=\"widget\" data-widget_type=\"heading.default\">\n\t\t\t\t<div class=\"elementor-widget-container\">\n\t\t\t\t\t<h2 class=\"elementor-heading-title elementor-size-default\">Italien<\/h2>\t\t\t\t<\/div>\n\t\t\t\t<\/div>\n\t\t\t\t<div class=\"elementor-element elementor-element-7fc873e elementor-widget elementor-widget-image\" data-id=\"7fc873e\" data-element_type=\"widget\" data-e-type=\"widget\" data-widget_type=\"image.default\">\n\t\t\t\t<div class=\"elementor-widget-container\">\n\t\t\t\t\t\t\t\t\t\t\t\t\t\t\t<img decoding=\"async\" width=\"800\" height=\"534\" src=\"https:\/\/simproject.eu\/wp-content\/uploads\/2024\/07\/close-up-people-with-food-donations-1024x683.jpg\" class=\"attachment-large size-large wp-image-1345\" alt=\"\" srcset=\"https:\/\/simproject.eu\/wp-content\/uploads\/2024\/07\/close-up-people-with-food-donations-1024x683.jpg 1024w, https:\/\/simproject.eu\/wp-content\/uploads\/2024\/07\/close-up-people-with-food-donations-300x200.jpg 300w, https:\/\/simproject.eu\/wp-content\/uploads\/2024\/07\/close-up-people-with-food-donations-768x512.jpg 768w, https:\/\/simproject.eu\/wp-content\/uploads\/2024\/07\/close-up-people-with-food-donations-1536x1024.jpg 1536w, https:\/\/simproject.eu\/wp-content\/uploads\/2024\/07\/close-up-people-with-food-donations-2048x1365.jpg 2048w\" sizes=\"(max-width: 800px) 100vw, 800px\" \/>\t\t\t\t\t\t\t\t\t\t\t\t\t\t\t<\/div>\n\t\t\t\t<\/div>\n\t\t\t\t<div class=\"elementor-element elementor-element-3d0c51e elementor-widget elementor-widget-text-editor\" data-id=\"3d0c51e\" data-element_type=\"widget\" data-e-type=\"widget\" data-widget_type=\"text-editor.default\">\n\t\t\t\t<div class=\"elementor-widget-container\">\n\t\t\t\t\t\t\t\t\t<p><a href=\"https:\/\/simproject.eu\/download\/619\/?tmstv=1720715386\">T\u00c9L\u00c9CHARGER LE PDF<\/a><\/p>\t\t\t\t\t\t\t\t<\/div>\n\t\t\t\t<\/div>\n\t\t\t\t\t<\/div>\n\t\t<\/div>\n\t\t\t\t<div class=\"elementor-column elementor-col-33 elementor-top-column elementor-element elementor-element-c58821b\" data-id=\"c58821b\" data-element_type=\"column\" data-e-type=\"column\">\n\t\t\t<div class=\"elementor-widget-wrap elementor-element-populated\">\n\t\t\t\t\t\t<div class=\"elementor-element elementor-element-94b78a6 elementor-widget elementor-widget-heading\" data-id=\"94b78a6\" data-element_type=\"widget\" data-e-type=\"widget\" data-widget_type=\"heading.default\">\n\t\t\t\t<div class=\"elementor-widget-container\">\n\t\t\t\t\t<h2 class=\"elementor-heading-title elementor-size-default\">Allemand<\/h2>\t\t\t\t<\/div>\n\t\t\t\t<\/div>\n\t\t\t\t<div class=\"elementor-element elementor-element-bbc414a elementor-widget elementor-widget-image\" data-id=\"bbc414a\" data-element_type=\"widget\" data-e-type=\"widget\" data-widget_type=\"image.default\">\n\t\t\t\t<div class=\"elementor-widget-container\">\n\t\t\t\t\t\t\t\t\t\t\t\t\t\t\t<img loading=\"lazy\" decoding=\"async\" width=\"800\" height=\"534\" src=\"https:\/\/simproject.eu\/wp-content\/uploads\/2024\/07\/pexels-rdne-6647013-1024x683.jpg\" class=\"attachment-large size-large wp-image-1347\" alt=\"\" srcset=\"https:\/\/simproject.eu\/wp-content\/uploads\/2024\/07\/pexels-rdne-6647013-1024x683.jpg 1024w, https:\/\/simproject.eu\/wp-content\/uploads\/2024\/07\/pexels-rdne-6647013-300x200.jpg 300w, https:\/\/simproject.eu\/wp-content\/uploads\/2024\/07\/pexels-rdne-6647013-768x512.jpg 768w, https:\/\/simproject.eu\/wp-content\/uploads\/2024\/07\/pexels-rdne-6647013-1536x1024.jpg 1536w, https:\/\/simproject.eu\/wp-content\/uploads\/2024\/07\/pexels-rdne-6647013-2048x1365.jpg 2048w\" sizes=\"(max-width: 800px) 100vw, 800px\" \/>\t\t\t\t\t\t\t\t\t\t\t\t\t\t\t<\/div>\n\t\t\t\t<\/div>\n\t\t\t\t<div class=\"elementor-element elementor-element-348edd3 elementor-widget elementor-widget-text-editor\" data-id=\"348edd3\" data-element_type=\"widget\" data-e-type=\"widget\" data-widget_type=\"text-editor.default\">\n\t\t\t\t<div class=\"elementor-widget-container\">\n\t\t\t\t\t\t\t\t\t<p><a href=\"https:\/\/simproject.eu\/download\/625\/?tmstv=1720715386\">T\u00c9L\u00c9CHARGER LE PDF<\/a><\/p>\t\t\t\t\t\t\t\t<\/div>\n\t\t\t\t<\/div>\n\t\t\t\t\t<\/div>\n\t\t<\/div>\n\t\t\t\t\t<\/div>\n\t\t<\/section>\n\t\t\t\t<section class=\"elementor-section elementor-top-section elementor-element elementor-element-12926c4 elementor-section-boxed elementor-section-height-default elementor-section-height-default\" data-id=\"12926c4\" data-element_type=\"section\" data-e-type=\"section\">\n\t\t\t\t\t\t<div class=\"elementor-container elementor-column-gap-default\">\n\t\t\t\t\t<div class=\"elementor-column elementor-col-33 elementor-top-column elementor-element elementor-element-2a5de2e\" data-id=\"2a5de2e\" data-element_type=\"column\" data-e-type=\"column\">\n\t\t\t<div class=\"elementor-widget-wrap elementor-element-populated\">\n\t\t\t\t\t\t<div class=\"elementor-element elementor-element-a42ae52 elementor-widget elementor-widget-heading\" data-id=\"a42ae52\" data-element_type=\"widget\" data-e-type=\"widget\" data-widget_type=\"heading.default\">\n\t\t\t\t<div class=\"elementor-widget-container\">\n\t\t\t\t\t<h2 class=\"elementor-heading-title elementor-size-default\">Fran\u00e7ais<\/h2>\t\t\t\t<\/div>\n\t\t\t\t<\/div>\n\t\t\t\t<div class=\"elementor-element elementor-element-3aa9080 elementor-widget elementor-widget-image\" data-id=\"3aa9080\" data-element_type=\"widget\" data-e-type=\"widget\" data-widget_type=\"image.default\">\n\t\t\t\t<div class=\"elementor-widget-container\">\n\t\t\t\t\t\t\t\t\t\t\t\t\t\t\t<img loading=\"lazy\" decoding=\"async\" width=\"800\" height=\"534\" src=\"https:\/\/simproject.eu\/wp-content\/uploads\/2024\/07\/pexels-sora-shimazaki-5668838-1024x683.jpg\" class=\"attachment-large size-large wp-image-1348\" alt=\"\" srcset=\"https:\/\/simproject.eu\/wp-content\/uploads\/2024\/07\/pexels-sora-shimazaki-5668838-1024x683.jpg 1024w, https:\/\/simproject.eu\/wp-content\/uploads\/2024\/07\/pexels-sora-shimazaki-5668838-300x200.jpg 300w, https:\/\/simproject.eu\/wp-content\/uploads\/2024\/07\/pexels-sora-shimazaki-5668838-768x512.jpg 768w, https:\/\/simproject.eu\/wp-content\/uploads\/2024\/07\/pexels-sora-shimazaki-5668838-1536x1024.jpg 1536w, https:\/\/simproject.eu\/wp-content\/uploads\/2024\/07\/pexels-sora-shimazaki-5668838-2048x1365.jpg 2048w\" sizes=\"(max-width: 800px) 100vw, 800px\" \/>\t\t\t\t\t\t\t\t\t\t\t\t\t\t\t<\/div>\n\t\t\t\t<\/div>\n\t\t\t\t<div class=\"elementor-element elementor-element-d4a8ad0 elementor-widget elementor-widget-text-editor\" data-id=\"d4a8ad0\" data-element_type=\"widget\" data-e-type=\"widget\" data-widget_type=\"text-editor.default\">\n\t\t\t\t<div class=\"elementor-widget-container\">\n\t\t\t\t\t\t\t\t\t<p><a href=\"https:\/\/simproject.eu\/download\/631\/?tmstv=1720715386\">T\u00c9L\u00c9CHARGER LE PDF<\/a><\/p>\t\t\t\t\t\t\t\t<\/div>\n\t\t\t\t<\/div>\n\t\t\t\t\t<\/div>\n\t\t<\/div>\n\t\t\t\t<div class=\"elementor-column elementor-col-33 elementor-top-column elementor-element elementor-element-7404e8d\" data-id=\"7404e8d\" data-element_type=\"column\" data-e-type=\"column\">\n\t\t\t<div class=\"elementor-widget-wrap elementor-element-populated\">\n\t\t\t\t\t\t<div class=\"elementor-element elementor-element-f9e5aed elementor-widget elementor-widget-heading\" data-id=\"f9e5aed\" data-element_type=\"widget\" data-e-type=\"widget\" data-widget_type=\"heading.default\">\n\t\t\t\t<div class=\"elementor-widget-container\">\n\t\t\t\t\t<h2 class=\"elementor-heading-title elementor-size-default\">Grecque<\/h2>\t\t\t\t<\/div>\n\t\t\t\t<\/div>\n\t\t\t\t<div class=\"elementor-element elementor-element-300a16c elementor-widget elementor-widget-image\" data-id=\"300a16c\" data-element_type=\"widget\" data-e-type=\"widget\" data-widget_type=\"image.default\">\n\t\t\t\t<div class=\"elementor-widget-container\">\n\t\t\t\t\t\t\t\t\t\t\t\t\t\t\t<img loading=\"lazy\" decoding=\"async\" width=\"800\" height=\"534\" src=\"https:\/\/simproject.eu\/wp-content\/uploads\/2024\/07\/group-young-volunteers-park-they-are-planting-tree-seedling-1024x683.jpg\" class=\"attachment-large size-large wp-image-1349\" alt=\"\" srcset=\"https:\/\/simproject.eu\/wp-content\/uploads\/2024\/07\/group-young-volunteers-park-they-are-planting-tree-seedling-1024x683.jpg 1024w, https:\/\/simproject.eu\/wp-content\/uploads\/2024\/07\/group-young-volunteers-park-they-are-planting-tree-seedling-300x200.jpg 300w, https:\/\/simproject.eu\/wp-content\/uploads\/2024\/07\/group-young-volunteers-park-they-are-planting-tree-seedling-768x512.jpg 768w, https:\/\/simproject.eu\/wp-content\/uploads\/2024\/07\/group-young-volunteers-park-they-are-planting-tree-seedling-1536x1024.jpg 1536w, https:\/\/simproject.eu\/wp-content\/uploads\/2024\/07\/group-young-volunteers-park-they-are-planting-tree-seedling-2048x1365.jpg 2048w\" sizes=\"(max-width: 800px) 100vw, 800px\" \/>\t\t\t\t\t\t\t\t\t\t\t\t\t\t\t<\/div>\n\t\t\t\t<\/div>\n\t\t\t\t<div class=\"elementor-element elementor-element-7d0e221 elementor-widget elementor-widget-text-editor\" data-id=\"7d0e221\" data-element_type=\"widget\" data-e-type=\"widget\" data-widget_type=\"text-editor.default\">\n\t\t\t\t<div class=\"elementor-widget-container\">\n\t\t\t\t\t\t\t\t\t<p><a href=\"https:\/\/simproject.eu\/download\/637\/?tmstv=1720715386\">T\u00c9L\u00c9CHARGER LE PDF<\/a><\/p>\t\t\t\t\t\t\t\t<\/div>\n\t\t\t\t<\/div>\n\t\t\t\t\t<\/div>\n\t\t<\/div>\n\t\t\t\t<div class=\"elementor-column elementor-col-33 elementor-top-column elementor-element elementor-element-5304448\" data-id=\"5304448\" data-element_type=\"column\" data-e-type=\"column\">\n\t\t\t<div class=\"elementor-widget-wrap elementor-element-populated\">\n\t\t\t\t\t\t<div class=\"elementor-element elementor-element-4b20b5f elementor-widget elementor-widget-heading\" data-id=\"4b20b5f\" data-element_type=\"widget\" data-e-type=\"widget\" data-widget_type=\"heading.default\">\n\t\t\t\t<div class=\"elementor-widget-container\">\n\t\t\t\t\t<h2 class=\"elementor-heading-title elementor-size-default\">Croate<\/h2>\t\t\t\t<\/div>\n\t\t\t\t<\/div>\n\t\t\t\t<div class=\"elementor-element elementor-element-6e59c83 elementor-widget elementor-widget-image\" data-id=\"6e59c83\" data-element_type=\"widget\" data-e-type=\"widget\" data-widget_type=\"image.default\">\n\t\t\t\t<div class=\"elementor-widget-container\">\n\t\t\t\t\t\t\t\t\t\t\t\t\t\t\t<img loading=\"lazy\" decoding=\"async\" width=\"683\" height=\"1024\" src=\"https:\/\/simproject.eu\/wp-content\/uploads\/2024\/07\/s-o-c-i-a-l-c-u-t-U2GqTMLGRi8-unsplash-683x1024.jpg\" class=\"attachment-large size-large wp-image-1350\" alt=\"\" srcset=\"https:\/\/simproject.eu\/wp-content\/uploads\/2024\/07\/s-o-c-i-a-l-c-u-t-U2GqTMLGRi8-unsplash-683x1024.jpg 683w, https:\/\/simproject.eu\/wp-content\/uploads\/2024\/07\/s-o-c-i-a-l-c-u-t-U2GqTMLGRi8-unsplash-200x300.jpg 200w, https:\/\/simproject.eu\/wp-content\/uploads\/2024\/07\/s-o-c-i-a-l-c-u-t-U2GqTMLGRi8-unsplash-768x1152.jpg 768w, https:\/\/simproject.eu\/wp-content\/uploads\/2024\/07\/s-o-c-i-a-l-c-u-t-U2GqTMLGRi8-unsplash-1024x1536.jpg 1024w, https:\/\/simproject.eu\/wp-content\/uploads\/2024\/07\/s-o-c-i-a-l-c-u-t-U2GqTMLGRi8-unsplash-1365x2048.jpg 1365w, https:\/\/simproject.eu\/wp-content\/uploads\/2024\/07\/s-o-c-i-a-l-c-u-t-U2GqTMLGRi8-unsplash-scaled.jpg 1707w\" sizes=\"(max-width: 683px) 100vw, 683px\" \/>\t\t\t\t\t\t\t\t\t\t\t\t\t\t\t<\/div>\n\t\t\t\t<\/div>\n\t\t\t\t<div class=\"elementor-element elementor-element-82413ac elementor-widget elementor-widget-text-editor\" data-id=\"82413ac\" data-element_type=\"widget\" data-e-type=\"widget\" data-widget_type=\"text-editor.default\">\n\t\t\t\t<div class=\"elementor-widget-container\">\n\t\t\t\t\t\t\t\t\t<p><a href=\"https:\/\/simproject.eu\/download\/643\/?tmstv=1720715386\">T\u00c9L\u00c9CHARGER LE PDF<\/a><\/p>\t\t\t\t\t\t\t\t<\/div>\n\t\t\t\t<\/div>\n\t\t\t\t\t<\/div>\n\t\t<\/div>\n\t\t\t\t\t<\/div>\n\t\t<\/section>\n\t\t\t\t<\/div>\n\t\t","protected":false},"excerpt":{"rendered":"<p>S&rsquo;engager Sur la base des enqu\u00eates, des entretiens et des groupes de discussion men\u00e9s par les partenaires, nous avons cartographi\u00e9 et \u00e9tudi\u00e9 ces donn\u00e9es primaires afin d&rsquo;\u00e9valuer les besoins des entreprises et des communaut\u00e9s locales. RSE et d\u00e9veloppement communautaire : Une analyse compl\u00e8te Les chefs de file du WP2, l&rsquo;\u00e9cole de projet, ont entrepris une [&hellip;]<\/p>\n","protected":false},"author":3,"featured_media":0,"parent":0,"menu_order":0,"comment_status":"closed","ping_status":"closed","template":"elementor_header_footer","meta":{"h5ap_radio_sources":[],"footnotes":""},"class_list":["post-1449","page","type-page","status-publish","hentry"],"_links":{"self":[{"href":"https:\/\/simproject.eu\/fr\/wp-json\/wp\/v2\/pages\/1449","targetHints":{"allow":["GET"]}}],"collection":[{"href":"https:\/\/simproject.eu\/fr\/wp-json\/wp\/v2\/pages"}],"about":[{"href":"https:\/\/simproject.eu\/fr\/wp-json\/wp\/v2\/types\/page"}],"author":[{"embeddable":true,"href":"https:\/\/simproject.eu\/fr\/wp-json\/wp\/v2\/users\/3"}],"replies":[{"embeddable":true,"href":"https:\/\/simproject.eu\/fr\/wp-json\/wp\/v2\/comments?post=1449"}],"version-history":[{"count":2,"href":"https:\/\/simproject.eu\/fr\/wp-json\/wp\/v2\/pages\/1449\/revisions"}],"predecessor-version":[{"id":2130,"href":"https:\/\/simproject.eu\/fr\/wp-json\/wp\/v2\/pages\/1449\/revisions\/2130"}],"wp:attachment":[{"href":"https:\/\/simproject.eu\/fr\/wp-json\/wp\/v2\/media?parent=1449"}],"curies":[{"name":"wp","href":"https:\/\/api.w.org\/{rel}","templated":true}]}}