{"id":1949,"date":"2024-08-01T15:33:21","date_gmt":"2024-08-01T15:33:21","guid":{"rendered":"https:\/\/simproject.eu\/istrazivanje\/francuska\/"},"modified":"2025-02-27T13:16:48","modified_gmt":"2025-02-27T13:16:48","slug":"francuska","status":"publish","type":"page","link":"https:\/\/simproject.eu\/hr\/istrazivanje\/francuska\/","title":{"rendered":"Francuska"},"content":{"rendered":"\t\t<div data-elementor-type=\"wp-page\" data-elementor-id=\"1949\" class=\"elementor elementor-1949 elementor-834\" data-elementor-post-type=\"page\">\n\t\t\t\t\t\t<section class=\"elementor-section elementor-top-section elementor-element elementor-element-fd8cfb8 elementor-section-height-min-height elementor-section-boxed elementor-section-height-default elementor-section-items-middle\" data-id=\"fd8cfb8\" data-element_type=\"section\" data-e-type=\"section\" data-settings=\"{&quot;background_background&quot;:&quot;classic&quot;}\">\n\t\t\t\t\t\t\t<div class=\"elementor-background-overlay\"><\/div>\n\t\t\t\t\t\t\t<div class=\"elementor-container elementor-column-gap-default\">\n\t\t\t\t\t<div class=\"elementor-column elementor-col-100 elementor-top-column elementor-element elementor-element-133cc2d\" data-id=\"133cc2d\" data-element_type=\"column\" data-e-type=\"column\">\n\t\t\t<div class=\"elementor-widget-wrap elementor-element-populated\">\n\t\t\t\t\t\t<div class=\"elementor-element elementor-element-ff9b0e2 elementor-widget elementor-widget-heading\" data-id=\"ff9b0e2\" data-element_type=\"widget\" data-e-type=\"widget\" data-widget_type=\"heading.default\">\n\t\t\t\t<div class=\"elementor-widget-container\">\n\t\t\t\t\t<h1 class=\"elementor-heading-title elementor-size-default\">Francuska<\/h1>\t\t\t\t<\/div>\n\t\t\t\t<\/div>\n\t\t\t\t<div class=\"elementor-element elementor-element-7af80c7 elementor-widget elementor-widget-heading\" data-id=\"7af80c7\" data-element_type=\"widget\" data-e-type=\"widget\" data-widget_type=\"heading.default\">\n\t\t\t\t<div class=\"elementor-widget-container\">\n\t\t\t\t\t<h2 class=\"elementor-heading-title elementor-size-default\">Glavni rezultati istra\u017eivanja<\/h2>\t\t\t\t<\/div>\n\t\t\t\t<\/div>\n\t\t\t\t\t<\/div>\n\t\t<\/div>\n\t\t\t\t\t<\/div>\n\t\t<\/section>\n\t\t\t\t<section class=\"elementor-section elementor-top-section elementor-element elementor-element-eed2225 elementor-section-boxed elementor-section-height-default elementor-section-height-default\" data-id=\"eed2225\" data-element_type=\"section\" data-e-type=\"section\">\n\t\t\t\t\t\t<div class=\"elementor-container elementor-column-gap-default\">\n\t\t\t\t\t<div class=\"elementor-column elementor-col-100 elementor-top-column elementor-element elementor-element-26b347e\" data-id=\"26b347e\" data-element_type=\"column\" data-e-type=\"column\" data-settings=\"{&quot;background_background&quot;:&quot;classic&quot;}\">\n\t\t\t<div class=\"elementor-widget-wrap elementor-element-populated\">\n\t\t\t\t\t\t<div class=\"elementor-element elementor-element-7bf5a98 elementor-widget elementor-widget-heading\" data-id=\"7bf5a98\" data-element_type=\"widget\" data-e-type=\"widget\" data-widget_type=\"heading.default\">\n\t\t\t\t<div class=\"elementor-widget-container\">\n\t\t\t\t\t<h2 class=\"elementor-heading-title elementor-size-default\">Francuska<\/h2>\t\t\t\t<\/div>\n\t\t\t\t<\/div>\n\t\t\t\t<div class=\"elementor-element elementor-element-c082c8e elementor-icon-list--layout-traditional elementor-list-item-link-full_width elementor-widget elementor-widget-icon-list\" data-id=\"c082c8e\" data-element_type=\"widget\" data-e-type=\"widget\" data-widget_type=\"icon-list.default\">\n\t\t\t\t<div class=\"elementor-widget-container\">\n\t\t\t\t\t\t\t<ul class=\"elementor-icon-list-items\">\n\t\t\t\t\t\t\t<li class=\"elementor-icon-list-item\">\n\t\t\t\t\t\t\t\t\t\t\t<span class=\"elementor-icon-list-icon\">\n\t\t\t\t\t\t\t<i aria-hidden=\"true\" class=\"fas fa-check\"><\/i>\t\t\t\t\t\t<\/span>\n\t\t\t\t\t\t\t\t\t\t<span class=\"elementor-icon-list-text\">ESS France predstavlja socijalnu ekonomiju u Francuskoj, fokusiraju\u0107i se na tvrtke s demokratskim upravljanjem i ograni\u010denom profitabilno\u0161\u0107u<\/span>\n\t\t\t\t\t\t\t\t\t<\/li>\n\t\t\t\t\t\t\t\t<li class=\"elementor-icon-list-item\">\n\t\t\t\t\t\t\t\t\t\t\t<span class=\"elementor-icon-list-icon\">\n\t\t\t\t\t\t\t<i aria-hidden=\"true\" class=\"fas fa-check\"><\/i>\t\t\t\t\t\t<\/span>\n\t\t\t\t\t\t\t\t\t\t<span class=\"elementor-icon-list-text\">Regija \u00cele-de-France, u kojoj \u017eivi 20% francuskog stanovni\u0161tva, prikazuje tvrtke socijalne ekonomije koje \u010dine 7% lokalnih poduze\u0107a i radnih mjesta<\/span>\n\t\t\t\t\t\t\t\t\t<\/li>\n\t\t\t\t\t\t\t\t<li class=\"elementor-icon-list-item\">\n\t\t\t\t\t\t\t\t\t\t\t<span class=\"elementor-icon-list-icon\">\n\t\t\t\t\t\t\t<i aria-hidden=\"true\" class=\"fas fa-check\"><\/i>\t\t\t\t\t\t<\/span>\n\t\t\t\t\t\t\t\t\t\t<span class=\"elementor-icon-list-text\">Odgovori dobiveni od 32 tvrtke pokazuju da se tvrtke u ovoj regiji uklju\u010duju u regionalnu suradnju, sklapaju\u0107i partnerstva s javnim i privatnim sektorom<\/span>\n\t\t\t\t\t\t\t\t\t<\/li>\n\t\t\t\t\t\t\t\t<li class=\"elementor-icon-list-item\">\n\t\t\t\t\t\t\t\t\t\t\t<span class=\"elementor-icon-list-icon\">\n\t\t\t\t\t\t\t<i aria-hidden=\"true\" class=\"fas fa-check\"><\/i>\t\t\t\t\t\t<\/span>\n\t\t\t\t\t\t\t\t\t\t<span class=\"elementor-icon-list-text\">DOP inicijative uklju\u010duju smanjenje otpada i energetsku u\u010dinkovitost<\/span>\n\t\t\t\t\t\t\t\t\t<\/li>\n\t\t\t\t\t\t\t\t<li class=\"elementor-icon-list-item\">\n\t\t\t\t\t\t\t\t\t\t\t<span class=\"elementor-icon-list-icon\">\n\t\t\t\t\t\t\t<i aria-hidden=\"true\" class=\"fas fa-check\"><\/i>\t\t\t\t\t\t<\/span>\n\t\t\t\t\t\t\t\t\t\t<span class=\"elementor-icon-list-text\">Izazovi uklju\u010duju integraciju DOP-a u poslovanje i rje\u0161avanje slo\u017eenosti opskrbnog lanca<\/span>\n\t\t\t\t\t\t\t\t\t<\/li>\n\t\t\t\t\t\t\t\t<li class=\"elementor-icon-list-item\">\n\t\t\t\t\t\t\t\t\t\t\t<span class=\"elementor-icon-list-icon\">\n\t\t\t\t\t\t\t<i aria-hidden=\"true\" class=\"fas fa-check\"><\/i>\t\t\t\t\t\t<\/span>\n\t\t\t\t\t\t\t\t\t\t<span class=\"elementor-icon-list-text\">Lokalne suradnje nagla\u0161avaju anga\u017eman zajednice i gospodarsku suradnju<\/span>\n\t\t\t\t\t\t\t\t\t<\/li>\n\t\t\t\t\t\t<\/ul>\n\t\t\t\t\t\t<\/div>\n\t\t\t\t<\/div>\n\t\t\t\t\t<\/div>\n\t\t<\/div>\n\t\t\t\t\t<\/div>\n\t\t<\/section>\n\t\t\t\t<section class=\"elementor-section elementor-top-section elementor-element elementor-element-dcd56e3 elementor-section-boxed elementor-section-height-default elementor-section-height-default\" data-id=\"dcd56e3\" data-element_type=\"section\" data-e-type=\"section\">\n\t\t\t\t\t\t<div class=\"elementor-container elementor-column-gap-default\">\n\t\t\t\t\t<div class=\"elementor-column elementor-col-100 elementor-top-column elementor-element elementor-element-0c6f2b0\" data-id=\"0c6f2b0\" data-element_type=\"column\" data-e-type=\"column\">\n\t\t\t<div class=\"elementor-widget-wrap elementor-element-populated\">\n\t\t\t\t\t\t<div class=\"elementor-element elementor-element-945a14b elementor-absolute e-transform elementor-widget elementor-widget-image\" data-id=\"945a14b\" data-element_type=\"widget\" data-e-type=\"widget\" data-settings=\"{&quot;_position&quot;:&quot;absolute&quot;,&quot;_transform_rotateZ_effect&quot;:{&quot;unit&quot;:&quot;px&quot;,&quot;size&quot;:-126,&quot;sizes&quot;:[]},&quot;_transform_rotateZ_effect_tablet&quot;:{&quot;unit&quot;:&quot;deg&quot;,&quot;size&quot;:&quot;&quot;,&quot;sizes&quot;:[]},&quot;_transform_rotateZ_effect_mobile&quot;:{&quot;unit&quot;:&quot;deg&quot;,&quot;size&quot;:&quot;&quot;,&quot;sizes&quot;:[]}}\" data-widget_type=\"image.default\">\n\t\t\t\t<div class=\"elementor-widget-container\">\n\t\t\t\t\t\t\t\t\t\t\t\t\t\t\t<img fetchpriority=\"high\" decoding=\"async\" width=\"772\" height=\"1024\" src=\"https:\/\/simproject.eu\/wp-content\/uploads\/2024\/08\/Picture1-772x1024.png\" class=\"attachment-large size-large wp-image-1973\" alt=\"\" srcset=\"https:\/\/simproject.eu\/wp-content\/uploads\/2024\/08\/Picture1-772x1024.png 772w, https:\/\/simproject.eu\/wp-content\/uploads\/2024\/08\/Picture1-226x300.png 226w, https:\/\/simproject.eu\/wp-content\/uploads\/2024\/08\/Picture1-768x1019.png 768w, https:\/\/simproject.eu\/wp-content\/uploads\/2024\/08\/Picture1.png 896w\" sizes=\"(max-width: 772px) 100vw, 772px\" \/>\t\t\t\t\t\t\t\t\t\t\t\t\t\t\t<\/div>\n\t\t\t\t<\/div>\n\t\t\t\t<div class=\"elementor-element elementor-element-9c9a676 elementor-widget elementor-widget-image\" data-id=\"9c9a676\" data-element_type=\"widget\" data-e-type=\"widget\" data-widget_type=\"image.default\">\n\t\t\t\t<div class=\"elementor-widget-container\">\n\t\t\t\t\t\t\t\t\t\t\t\t\t\t\t\t<a href=\"https:\/\/simproject.eu\/wp-content\/uploads\/2024\/09\/SIM-infographic-3-scaled.jpg\" data-elementor-open-lightbox=\"yes\" data-elementor-lightbox-title=\"SIM infographic 3\" data-e-action-hash=\"#elementor-action%3Aaction%3Dlightbox%26settings%3DeyJpZCI6MTk0MywidXJsIjoiaHR0cHM6XC9cL3NpbXByb2plY3QuZXVcL3dwLWNvbnRlbnRcL3VwbG9hZHNcLzIwMjRcLzA5XC9TSU0taW5mb2dyYXBoaWMtMy1zY2FsZWQuanBnIn0%3D\">\n\t\t\t\t\t\t\t<img decoding=\"async\" width=\"2560\" height=\"1746\" src=\"https:\/\/simproject.eu\/wp-content\/uploads\/2024\/09\/SIM-infographic-3-scaled.jpg\" class=\"attachment-full size-full wp-image-1943\" alt=\"\" srcset=\"https:\/\/simproject.eu\/wp-content\/uploads\/2024\/09\/SIM-infographic-3-scaled.jpg 2560w, https:\/\/simproject.eu\/wp-content\/uploads\/2024\/09\/SIM-infographic-3-300x205.jpg 300w, https:\/\/simproject.eu\/wp-content\/uploads\/2024\/09\/SIM-infographic-3-1024x698.jpg 1024w, https:\/\/simproject.eu\/wp-content\/uploads\/2024\/09\/SIM-infographic-3-768x524.jpg 768w, https:\/\/simproject.eu\/wp-content\/uploads\/2024\/09\/SIM-infographic-3-1536x1048.jpg 1536w, https:\/\/simproject.eu\/wp-content\/uploads\/2024\/09\/SIM-infographic-3-2048x1397.jpg 2048w\" sizes=\"(max-width: 2560px) 100vw, 2560px\" \/>\t\t\t\t\t\t\t\t<\/a>\n\t\t\t\t\t\t\t\t\t\t\t\t\t\t\t<\/div>\n\t\t\t\t<\/div>\n\t\t\t\t\t<\/div>\n\t\t<\/div>\n\t\t\t\t\t<\/div>\n\t\t<\/section>\n\t\t\t\t<section class=\"elementor-section elementor-top-section elementor-element elementor-element-4176cdd elementor-section-boxed elementor-section-height-default elementor-section-height-default\" data-id=\"4176cdd\" data-element_type=\"section\" data-e-type=\"section\">\n\t\t\t\t\t\t<div class=\"elementor-container elementor-column-gap-default\">\n\t\t\t\t\t<div class=\"elementor-column elementor-col-100 elementor-top-column elementor-element elementor-element-e4bd9a0\" data-id=\"e4bd9a0\" data-element_type=\"column\" data-e-type=\"column\">\n\t\t\t<div class=\"elementor-widget-wrap elementor-element-populated\">\n\t\t\t\t\t\t<div class=\"elementor-element elementor-element-12aba56 elementor-widget elementor-widget-image\" data-id=\"12aba56\" data-element_type=\"widget\" data-e-type=\"widget\" data-widget_type=\"image.default\">\n\t\t\t\t<div class=\"elementor-widget-container\">\n\t\t\t\t\t\t\t\t\t\t\t\t\t\t\t<img decoding=\"async\" width=\"255\" height=\"85\" src=\"https:\/\/simproject.eu\/wp-content\/uploads\/2024\/09\/citiz-reseau-logo.png\" class=\"attachment-large size-large wp-image-1951\" alt=\"\" \/>\t\t\t\t\t\t\t\t\t\t\t\t\t\t\t<\/div>\n\t\t\t\t<\/div>\n\t\t\t\t<div class=\"elementor-element elementor-element-b0eb228 elementor-widget elementor-widget-heading\" data-id=\"b0eb228\" data-element_type=\"widget\" data-e-type=\"widget\" data-widget_type=\"heading.default\">\n\t\t\t\t<div class=\"elementor-widget-container\">\n\t\t\t\t\t<h2 class=\"elementor-heading-title elementor-size-default\">Citiz \u2013 ESS France Podcast<\/h2>\t\t\t\t<\/div>\n\t\t\t\t<\/div>\n\t\t\t\t<div class=\"elementor-element elementor-element-517d4fe elementor-widget elementor-widget-text-editor\" data-id=\"517d4fe\" data-element_type=\"widget\" data-e-type=\"widget\" data-widget_type=\"text-editor.default\">\n\t\t\t\t<div class=\"elementor-widget-container\">\n\t\t\t\t\t\t\t\t\t<p><a href=\"https:\/\/citiz.coop\/english\">Citiz<\/a> je mre\u017ea za dijeljenje automobila u Francuskoj. Osnovana 2002. godine pod imenom France-Autopartage, mre\u017ea Citiz je zadruga koju su stvorili pioniri dijeljenja automobila u Francuskoj (grupe stanovnika Marseillea, Lyona, Grenoblea i Strasbourga). Tvrtka je razvila usluge dijeljenja automobila blizu regija i korisnika, mre\u017ea Citiz sada uklju\u010duje 14 neovisnih lokalnih operatera dijeljenja automobila.  <\/p><p>Mala tvrtka s manje od 10 zaposlenih, djeluje kao neprofitna zadruga za stvaranje mre\u017ee razli\u010ditih vrsta vozila povezanih s javnim prijevozom. Svojim uslugama dijeljenja automobila poma\u017ee smanjiti gu\u017eve u gradu i smanjiti emisije CO2. Od velike va\u017enosti za SIM projekt, Citiz lokalno provode javna poduze\u0107a i neprofitne zadruge. Korisnici i lokalne vlasti sudjeluju u dono\u0161enju odluka uzimaju\u0107i u obzir politiku, pravila i propise, u interesu svih.   <\/p><p>Stoga je sasvim prirodno da je mre\u017ea koja okuplja te strukture poprimila oblik zadru\u017enog potro\u0161a\u010dkog dru\u0161tva. Kapital i odluke uglavnom su u rukama lokalnih struktura dijeljenja automobila, koje svakodnevno ula\u017eu u pobolj\u0161anje i razvoj dijeljenja automobila diljem Francuske. Misija mre\u017ee Citiz je olak\u0161ati \u017eivot korisnicima dijeljenja automobila i podr\u017eati odr\u017eivost lokalnih usluga dijeljenja automobila. Zajedni\u010dki automobili mre\u017ee dostupni su u 190 francuskih gradova, uklju\u010duju\u0107i oko 60 SNCF stanica. Ove usluge omogu\u0107uju da 50.000 korisnika dijeli kori\u0161tenje 2.000 samoposlu\u017enih automobila.    <\/p><p>Poslu\u0161ajte Jossie Ravomanana, ESS Francuska i njezino predstavljanje Citiza.<\/p>\t\t\t\t\t\t\t\t<\/div>\n\t\t\t\t<\/div>\n\t\t\t\t<section class=\"elementor-section elementor-inner-section elementor-element elementor-element-e978b00 elementor-section-boxed elementor-section-height-default elementor-section-height-default\" data-id=\"e978b00\" data-element_type=\"section\" data-e-type=\"section\">\n\t\t\t\t\t\t<div class=\"elementor-container elementor-column-gap-default\">\n\t\t\t\t\t<div class=\"elementor-column elementor-col-50 elementor-inner-column elementor-element elementor-element-5e072cf\" data-id=\"5e072cf\" data-element_type=\"column\" data-e-type=\"column\">\n\t\t\t<div class=\"elementor-widget-wrap elementor-element-populated\">\n\t\t\t\t\t\t<div class=\"elementor-element elementor-element-6a24edb elementor-widget elementor-widget-image\" data-id=\"6a24edb\" data-element_type=\"widget\" data-e-type=\"widget\" data-widget_type=\"image.default\">\n\t\t\t\t<div class=\"elementor-widget-container\">\n\t\t\t\t\t\t\t\t\t\t\t\t\t\t\t<img loading=\"lazy\" decoding=\"async\" width=\"612\" height=\"612\" src=\"https:\/\/simproject.eu\/wp-content\/uploads\/2024\/09\/podcast-badge-icon-stamp-logo-vector-stock-illustration-vector-id1192908503.png\" class=\"attachment-large size-large wp-image-1977\" alt=\"\" srcset=\"https:\/\/simproject.eu\/wp-content\/uploads\/2024\/09\/podcast-badge-icon-stamp-logo-vector-stock-illustration-vector-id1192908503.png 612w, https:\/\/simproject.eu\/wp-content\/uploads\/2024\/09\/podcast-badge-icon-stamp-logo-vector-stock-illustration-vector-id1192908503-300x300.png 300w, https:\/\/simproject.eu\/wp-content\/uploads\/2024\/09\/podcast-badge-icon-stamp-logo-vector-stock-illustration-vector-id1192908503-150x150.png 150w\" sizes=\"(max-width: 612px) 100vw, 612px\" \/>\t\t\t\t\t\t\t\t\t\t\t\t\t\t\t<\/div>\n\t\t\t\t<\/div>\n\t\t\t\t\t<\/div>\n\t\t<\/div>\n\t\t\t\t<div class=\"elementor-column elementor-col-50 elementor-inner-column elementor-element elementor-element-2758582\" data-id=\"2758582\" data-element_type=\"column\" data-e-type=\"column\">\n\t\t\t<div class=\"elementor-widget-wrap elementor-element-populated\">\n\t\t\t\t\t\t<div class=\"elementor-element elementor-element-e62abb5 elementor-widget elementor-widget-heading\" data-id=\"e62abb5\" data-element_type=\"widget\" data-e-type=\"widget\" data-widget_type=\"heading.default\">\n\t\t\t\t<div class=\"elementor-widget-container\">\n\t\t\t\t\t<h2 class=\"elementor-heading-title elementor-size-default\">Citiz \u2013 ESS France Podcast<\/h2>\t\t\t\t<\/div>\n\t\t\t\t<\/div>\n\t\t\t\t<div class=\"elementor-element elementor-element-7add750 elementor-widget elementor-widget-shortcode\" data-id=\"7add750\" data-element_type=\"widget\" data-e-type=\"widget\" data-widget_type=\"shortcode.default\">\n\t\t\t\t<div class=\"elementor-widget-container\">\n\t\t\t\t\t\t\t<div class=\"elementor-shortcode\"><div\n    id=\"h5ap-player-1\"\n    data-id=\"h5ap-player-1\"\n    data-attributes=\"{&quot;uniqueId&quot;:&quot;player992&quot;,&quot;clientId&quot;:&quot;&quot;,&quot;align&quot;:&quot;&quot;,&quot;alignment&quot;:&quot;center&quot;,&quot;source&quot;:&quot;https:\\\/\\\/simproject.eu\\\/wp-content\\\/uploads\\\/2024\\\/08\\\/ESS-France-SIM-podcast.mp3&quot;,&quot;poster&quot;:&quot;&quot;,&quot;title&quot;:&quot;Audio Title&quot;,&quot;artist&quot;:&quot;Author Name&quot;,&quot;color&quot;:&quot;#fff&quot;,&quot;textColor&quot;:&quot;#fff&quot;,&quot;primaryColor&quot;:&quot;#195FF5&quot;,&quot;hoverColor&quot;:&quot;#00B3FF&quot;,&quot;skin&quot;:&quot;Default&quot;,&quot;repeat&quot;:false,&quot;autoplay&quot;:false,&quot;isSticky&quot;:false,&quot;muted&quot;:false,&quot;loader&quot;:true,&quot;saveState&quot;:false,&quot;disablePause&quot;:false,&quot;seekTime&quot;:10,&quot;startTime&quot;:0,&quot;download&quot;:true,&quot;width&quot;:&quot;100%&quot;,&quot;radius&quot;:&quot;10px&quot;,&quot;controls&quot;:{&quot;play&quot;:true,&quot;progress&quot;:true,&quot;duration&quot;:true,&quot;mute&quot;:true,&quot;volume&quot;:true,&quot;settings&quot;:true},&quot;CSS&quot;:&quot;&quot;,&quot;i18n&quot;:{&quot;restart&quot;:&quot;Restart&quot;,&quot;rewind&quot;:&quot;Rewind {seektime}s&quot;,&quot;play&quot;:&quot;Play&quot;,&quot;pause&quot;:&quot;Pause&quot;,&quot;fastForward:&quot;:&quot;Forward {seektime}s&quot;,&quot;seek&quot;:&quot;Seek&quot;,&quot;seekLabel&quot;:&quot;{currentTime} of {duration}&quot;,&quot;played&quot;:&quot;Played&quot;,&quot;buffered&quot;:&quot;Buffered&quot;,&quot;currentTime:&quot;:&quot;Current time&quot;,&quot;duration&quot;:&quot;Duration&quot;,&quot;volume&quot;:&quot;Volume&quot;,&quot;mute&quot;:&quot;Mute&quot;,&quot;unmute&quot;:&quot;Unmute&quot;,&quot;enableCaptions&quot;:&quot;Enable captions&quot;,&quot;disableCaptions&quot;:&quot;Disable captions&quot;,&quot;download&quot;:&quot;Download&quot;,&quot;enterFullscreen&quot;:&quot;Enter fullscreen&quot;,&quot;exitFullscreen&quot;:&quot;Exit fullscreen&quot;,&quot;frameTitle&quot;:&quot;Player for {title}&quot;,&quot;captions&quot;:&quot;Captions&quot;,&quot;settings&quot;:&quot;Settings&quot;,&quot;pip&quot;:&quot;PIP&quot;,&quot;menuBack&quot;:&quot;Go back to previous menu&quot;,&quot;speed&quot;:&quot;Speed&quot;,&quot;normal&quot;:&quot;Normal&quot;,&quot;quality&quot;:&quot;Quality&quot;,&quot;loop&quot;:&quot;Loop&quot;,&quot;start&quot;:&quot;Start&quot;,&quot;end&quot;:&quot;End&quot;,&quot;all&quot;:&quot;All&quot;,&quot;reset&quot;:&quot;Reset&quot;,&quot;disabled&quot;:&quot;Disabled&quot;,&quot;enabled&quot;:&quot;Enabled&quot;,&quot;advertisement&quot;:&quot;Ad&quot;,&quot;qualityBadge&quot;:{&quot;2160&quot;:&quot;4K&quot;,&quot;1440&quot;:&quot;HD&quot;,&quot;1080&quot;:&quot;HD&quot;,&quot;720&quot;:&quot;HD&quot;,&quot;576&quot;:&quot;SD&quot;,&quot;480&quot;:&quot;SD&quot;}},&quot;controlColor&quot;:&quot;#4a5464&quot;,&quot;preload&quot;:&quot;metadata&quot;,&quot;speed&quot;:{&quot;selected&quot;:1,&quot;speed&quot;:[&quot;0.5&quot;,&quot; 0.75&quot;,&quot; 1&quot;,&quot; 1.25&quot;,&quot; 1.5&quot;,&quot; 1.75&quot;,&quot; 2&quot;,&quot; 4&quot;,&quot; 8&quot;]},&quot;multiple_audio&quot;:false,&quot;defaultValue&quot;:{&quot;Default&quot;:{&quot;primaryColor&quot;:&quot;#4A5464&quot;,&quot;controlColor&quot;:&quot;#4A5464&quot;,&quot;bgColor&quot;:&quot;#F5F5F5&quot;},&quot;Fusion&quot;:{&quot;primaryColor&quot;:&quot;#fff&quot;,&quot;bgColor&quot;:&quot;#161616&quot;,&quot;controlColor&quot;:&quot;#fff&quot;},&quot;Stamp&quot;:{&quot;controlColor&quot;:&quot;#fff&quot;,&quot;bgColor&quot;:&quot;#161616&quot;},&quot;Wave&quot;:{&quot;primaryColor&quot;:&quot;#fff&quot;,&quot;controlColor&quot;:&quot;#fff&quot;,&quot;bgColor&quot;:&quot;#161616&quot;,&quot;textColor&quot;:&quot;#fff&quot;},&quot;Card-1&quot;:{&quot;primaryColor&quot;:&quot;#fff&quot;,&quot;controlColor&quot;:&quot;#161616&quot;,&quot;bgColor&quot;:&quot;#161616&quot;,&quot;textColor&quot;:&quot;#fff&quot;},&quot;Card-2&quot;:{&quot;primaryColor&quot;:&quot;#00FBF3&quot;,&quot;controlColor&quot;:&quot;#fff&quot;,&quot;bgColor&quot;:&quot;#161616&quot;,&quot;textColor&quot;:&quot;#fff&quot;},&quot;Simple-1&quot;:{&quot;primaryColor&quot;:&quot;#00dcff&quot;,&quot;controlColor&quot;:&quot;#fff&quot;,&quot;bgColor&quot;:&quot;#161616&quot;,&quot;textColor&quot;:&quot;#00dcff&quot;},&quot;Simple-2&quot;:{&quot;primaryColor&quot;:&quot;#06F7FF00&quot;,&quot;controlColor&quot;:&quot;#fff&quot;,&quot;bgColor&quot;:&quot;#161616&quot;},&quot;Player9&quot;:{&quot;primaryColor&quot;:&quot;#195FF6&quot;,&quot;controlColor&quot;:&quot;#fff&quot;,&quot;bgColor&quot;:&quot;#161616&quot;,&quot;textColor&quot;:&quot;#EDEFF2&quot;},&quot;Player10&quot;:{&quot;primaryColor&quot;:&quot;#195FF6&quot;,&quot;controlColor&quot;:&quot;#fff&quot;,&quot;bgColor&quot;:&quot;#161616&quot;,&quot;textColor&quot;:&quot;#EDEFF2&quot;},&quot;Player11&quot;:{&quot;primaryColor&quot;:&quot;#195FF6&quot;,&quot;controlColor&quot;:&quot;#fff&quot;,&quot;bgColor&quot;:&quot;#161616&quot;,&quot;textColor&quot;:&quot;#fff&quot;}}}\"\n    class=\"wp-block-h5ap-tailwind wp-block-h5ap-audioplayer\">\n            <div class='h5ap_lp'>\n            <div class='bar bar-1'><\/div>\n            <div class='bar bar-1'><\/div>\n        <\/div>\n    <\/div><\/div>\n\t\t\t\t\t\t<\/div>\n\t\t\t\t<\/div>\n\t\t\t\t\t<\/div>\n\t\t<\/div>\n\t\t\t\t\t<\/div>\n\t\t<\/section>\n\t\t\t\t\t<\/div>\n\t\t<\/div>\n\t\t\t\t\t<\/div>\n\t\t<\/section>\n\t\t\t\t<\/div>\n\t\t","protected":false},"excerpt":{"rendered":"<p>Francuska Glavni rezultati istra\u017eivanja Francuska ESS France predstavlja socijalnu ekonomiju u Francuskoj, fokusiraju\u0107i se na tvrtke s demokratskim upravljanjem i ograni\u010denom profitabilno\u0161\u0107u Regija \u00cele-de-France, u kojoj \u017eivi 20% francuskog stanovni\u0161tva, prikazuje tvrtke socijalne ekonomije koje \u010dine 7% lokalnih poduze\u0107a i radnih mjesta Odgovori dobiveni od 32 tvrtke pokazuju da se tvrtke u ovoj regiji uklju\u010duju [&hellip;]<\/p>\n","protected":false},"author":3,"featured_media":0,"parent":1937,"menu_order":0,"comment_status":"closed","ping_status":"closed","template":"elementor_header_footer","meta":{"h5ap_radio_sources":[],"footnotes":""},"class_list":["post-1949","page","type-page","status-publish","hentry"],"_links":{"self":[{"href":"https:\/\/simproject.eu\/hr\/wp-json\/wp\/v2\/pages\/1949","targetHints":{"allow":["GET"]}}],"collection":[{"href":"https:\/\/simproject.eu\/hr\/wp-json\/wp\/v2\/pages"}],"about":[{"href":"https:\/\/simproject.eu\/hr\/wp-json\/wp\/v2\/types\/page"}],"author":[{"embeddable":true,"href":"https:\/\/simproject.eu\/hr\/wp-json\/wp\/v2\/users\/3"}],"replies":[{"embeddable":true,"href":"https:\/\/simproject.eu\/hr\/wp-json\/wp\/v2\/comments?post=1949"}],"version-history":[{"count":2,"href":"https:\/\/simproject.eu\/hr\/wp-json\/wp\/v2\/pages\/1949\/revisions"}],"predecessor-version":[{"id":2188,"href":"https:\/\/simproject.eu\/hr\/wp-json\/wp\/v2\/pages\/1949\/revisions\/2188"}],"up":[{"embeddable":true,"href":"https:\/\/simproject.eu\/hr\/wp-json\/wp\/v2\/pages\/1937"}],"wp:attachment":[{"href":"https:\/\/simproject.eu\/hr\/wp-json\/wp\/v2\/media?parent=1949"}],"curies":[{"name":"wp","href":"https:\/\/api.w.org\/{rel}","templated":true}]}}