{"id":1952,"date":"2023-10-02T12:02:50","date_gmt":"2023-10-02T12:02:50","guid":{"rendered":"https:\/\/simproject.eu\/dizajn\/"},"modified":"2025-04-09T13:10:27","modified_gmt":"2025-04-09T13:10:27","slug":"trening","status":"publish","type":"page","link":"https:\/\/simproject.eu\/hr\/trening\/","title":{"rendered":"Trening"},"content":{"rendered":"\t\t<div data-elementor-type=\"wp-page\" data-elementor-id=\"1952\" class=\"elementor elementor-1952 elementor-410\" data-elementor-post-type=\"page\">\n\t\t\t\t\t\t<section class=\"elementor-section elementor-top-section elementor-element elementor-element-e8d15f8 elementor-section-height-full elementor-section-boxed elementor-section-height-default elementor-section-items-middle\" data-id=\"e8d15f8\" data-element_type=\"section\" data-e-type=\"section\" data-settings=\"{&quot;background_background&quot;:&quot;classic&quot;}\">\n\t\t\t\t\t\t\t<div class=\"elementor-background-overlay\"><\/div>\n\t\t\t\t\t\t\t<div class=\"elementor-container elementor-column-gap-default\">\n\t\t\t\t\t<div class=\"elementor-column elementor-col-100 elementor-top-column elementor-element elementor-element-38e40a2\" data-id=\"38e40a2\" data-element_type=\"column\" data-e-type=\"column\">\n\t\t\t<div class=\"elementor-widget-wrap elementor-element-populated\">\n\t\t\t\t\t\t<div class=\"elementor-element elementor-element-13f9285 elementor-widget elementor-widget-heading\" data-id=\"13f9285\" data-element_type=\"widget\" data-e-type=\"widget\" data-widget_type=\"heading.default\">\n\t\t\t\t<div class=\"elementor-widget-container\">\n\t\t\t\t\t<h1 class=\"elementor-heading-title elementor-size-default\">Trening<\/h1>\t\t\t\t<\/div>\n\t\t\t\t<\/div>\n\t\t\t\t<div class=\"elementor-element elementor-element-d95442b elementor-widget elementor-widget-text-editor\" data-id=\"d95442b\" data-element_type=\"widget\" data-e-type=\"widget\" data-widget_type=\"text-editor.default\">\n\t\t\t\t<div class=\"elementor-widget-container\">\n\t\t\t\t\t\t\t\t\t<p>Navodimo vje\u0161tine, metode i ishode u\u010denja iz SIM CV-a te zajedno osmi\u0161ljavamo obrazovne programe koji \u0107e se pokrenuti u pet europskih zemalja: Austriji, Hrvatskoj, Gr\u010dkoj, Francuskoj, Italiji.<\/p>\t\t\t\t\t\t\t\t<\/div>\n\t\t\t\t<\/div>\n\t\t\t\t\t<\/div>\n\t\t<\/div>\n\t\t\t\t\t<\/div>\n\t\t<\/section>\n\t\t\t\t<section class=\"elementor-section elementor-top-section elementor-element elementor-element-9af479c elementor-section-boxed elementor-section-height-default elementor-section-height-default\" data-id=\"9af479c\" data-element_type=\"section\" data-e-type=\"section\">\n\t\t\t\t\t\t<div class=\"elementor-container elementor-column-gap-default\">\n\t\t\t\t\t<div class=\"elementor-column elementor-col-50 elementor-top-column elementor-element elementor-element-9af2f5a\" data-id=\"9af2f5a\" data-element_type=\"column\" data-e-type=\"column\">\n\t\t\t<div class=\"elementor-widget-wrap elementor-element-populated\">\n\t\t\t\t\t\t<div class=\"elementor-element elementor-element-a5f6b85 elementor-widget elementor-widget-text-editor\" data-id=\"a5f6b85\" data-element_type=\"widget\" data-e-type=\"widget\" data-widget_type=\"text-editor.default\">\n\t\t\t\t<div class=\"elementor-widget-container\">\n\t\t\t\t\t\t\t\t\t<p>Ekonomski fakultet Sveu\u010dili\u0161ta u Rijeci, zajedno s \u010detiri partnera iz EU, razvio je program cjelo\u017eivotnog u\u010denja\u00a0<strong><em>Social Impact Manager<\/em><\/strong>. Cilj ovog programa je osna\u017eiti novu generaciju menad\u017eera da pokrenu zna\u010dajne promjene u svojim organizacijama i zajednicama. Program je osmi\u0161ljen kako bi pru\u017eio osnovne vje\u0161tine i znanja koja su dana\u0161njim menad\u017eerima potrebna kako bi pomogli svojim organizacijama da postanu dru\u0161tveno odgovorne i razviju odr\u017eive poslovne modele koji razumiju, uklju\u010duju i po\u0161tuju potrebe zajednice.<\/p>\t\t\t\t\t\t\t\t<\/div>\n\t\t\t\t<\/div>\n\t\t\t\t<div class=\"elementor-element elementor-element-2a469bc elementor-widget elementor-widget-text-editor\" data-id=\"2a469bc\" data-element_type=\"widget\" data-e-type=\"widget\" data-widget_type=\"text-editor.default\">\n\t\t\t\t<div class=\"elementor-widget-container\">\n\t\t\t\t\t\t\t\t\t<p>Tijekom programa polaznici \u0107e nau\u010diti kako prou\u010davati lokalne ekonomske i ekolo\u0161ke podatke, prepoznati klju\u010dne izazove i osmisliti projekte koji podr\u017eavaju dobrobit zajednice i ekonomski rast. Rade\u0107i s javnim i privatnim poduze\u0107ima i udrugama civilnog dru\u0161tva, polaznici \u0107e mo\u0107i predlo\u017eiti rje\u0161enja koja uzimaju u obzir dru\u0161tvene, ekonomske i eti\u010dke \u010dimbenike.<\/p>\t\t\t\t\t\t\t\t<\/div>\n\t\t\t\t<\/div>\n\t\t\t\t\t<\/div>\n\t\t<\/div>\n\t\t\t\t<div class=\"elementor-column elementor-col-50 elementor-top-column elementor-element elementor-element-74e2c4c\" data-id=\"74e2c4c\" data-element_type=\"column\" data-e-type=\"column\">\n\t\t\t<div class=\"elementor-widget-wrap elementor-element-populated\">\n\t\t\t\t\t\t<div class=\"elementor-element elementor-element-cf65b80 elementor-widget elementor-widget-heading\" data-id=\"cf65b80\" data-element_type=\"widget\" data-e-type=\"widget\" data-widget_type=\"heading.default\">\n\t\t\t\t<div class=\"elementor-widget-container\">\n\t\t\t\t\t<h2 class=\"elementor-heading-title elementor-size-default\">Ukoliko \u017eelite napraviti stvarnu promjenu dok gradite vje\u0161tine za ja\u010danje karijere, pridru\u017eite se na\u0161em dinami\u010dnom programu i:<\/h2>\t\t\t\t<\/div>\n\t\t\t\t<\/div>\n\t\t\t\t<div class=\"elementor-element elementor-element-3994a9d elementor-icon-list--layout-traditional elementor-list-item-link-full_width elementor-widget elementor-widget-icon-list\" data-id=\"3994a9d\" data-element_type=\"widget\" data-e-type=\"widget\" data-widget_type=\"icon-list.default\">\n\t\t\t\t<div class=\"elementor-widget-container\">\n\t\t\t\t\t\t\t<ul class=\"elementor-icon-list-items\">\n\t\t\t\t\t\t\t<li class=\"elementor-icon-list-item\">\n\t\t\t\t\t\t\t\t\t\t\t<span class=\"elementor-icon-list-icon\">\n\t\t\t\t\t\t\t<i aria-hidden=\"true\" class=\"fas fa-check\"><\/i>\t\t\t\t\t\t<\/span>\n\t\t\t\t\t\t\t\t\t\t<span class=\"elementor-icon-list-text\">De\u0161ifrirajte lokalne izazove \u2013 uronite u ekonomske i ekolo\u0161ke podatke iz stvarnog svijeta kako biste otkrili klju\u010dne probleme<\/span>\n\t\t\t\t\t\t\t\t\t<\/li>\n\t\t\t\t\t\t\t\t<li class=\"elementor-icon-list-item\">\n\t\t\t\t\t\t\t\t\t\t\t<span class=\"elementor-icon-list-icon\">\n\t\t\t\t\t\t\t<i aria-hidden=\"true\" class=\"fas fa-check\"><\/i>\t\t\t\t\t\t<\/span>\n\t\t\t\t\t\t\t\t\t\t<span class=\"elementor-icon-list-text\">Dizajnirajte projekte koji mijenjaju pravila igre \u2013 stvorite rje\u0161enja koja pokre\u0107u dobrobit zajednice i gospodarski rast<\/span>\n\t\t\t\t\t\t\t\t\t<\/li>\n\t\t\t\t\t\t\t\t<li class=\"elementor-icon-list-item\">\n\t\t\t\t\t\t\t\t\t\t\t<span class=\"elementor-icon-list-icon\">\n\t\t\t\t\t\t\t<i aria-hidden=\"true\" class=\"fas fa-check\"><\/i>\t\t\t\t\t\t<\/span>\n\t\t\t\t\t\t\t\t\t\t<span class=\"elementor-icon-list-text\">Sura\u0111ujte s donositeljima odluka \u2013 sura\u0111ujte s javnim i privatnim poduze\u0107ima i udrugama civilnog dru\u0161tva u kreiranju rje\u0161enja za uo\u010dene probleme<\/span>\n\t\t\t\t\t\t\t\t\t<\/li>\n\t\t\t\t\t\t<\/ul>\n\t\t\t\t\t\t<\/div>\n\t\t\t\t<\/div>\n\t\t\t\t\t<\/div>\n\t\t<\/div>\n\t\t\t\t\t<\/div>\n\t\t<\/section>\n\t\t\t\t<section class=\"elementor-section elementor-top-section elementor-element elementor-element-ae1ba39 elementor-section-boxed elementor-section-height-default elementor-section-height-default\" data-id=\"ae1ba39\" data-element_type=\"section\" data-e-type=\"section\" data-settings=\"{&quot;background_background&quot;:&quot;classic&quot;}\">\n\t\t\t\t\t\t<div class=\"elementor-container elementor-column-gap-default\">\n\t\t\t\t\t<div class=\"elementor-column elementor-col-50 elementor-top-column elementor-element elementor-element-f80d71a\" data-id=\"f80d71a\" data-element_type=\"column\" data-e-type=\"column\">\n\t\t\t<div class=\"elementor-widget-wrap elementor-element-populated\">\n\t\t\t\t\t\t<div class=\"elementor-element elementor-element-a1b404f elementor-widget elementor-widget-heading\" data-id=\"a1b404f\" data-element_type=\"widget\" data-e-type=\"widget\" data-widget_type=\"heading.default\">\n\t\t\t\t<div class=\"elementor-widget-container\">\n\t\t\t\t\t<h3 class=\"elementor-heading-title elementor-size-default\">U poslovnom svijetu koji se stalno razvija, postoji sve ve\u0107a potra\u017enja za stru\u010dnjacima koji razumiju utjecaj poslovnih aktivnosti na dru\u0161tvo, tr\u017ei\u0161ne trendove i dru\u0161tvena o\u010dekivanja. Duboko razumijevanje \u0161irih poslovnih i dru\u0161tvenih potreba omogu\u0107uje stru\u010dnjacima i njihovim poduze\u0107ima da pobolj\u0161aju svoju konkurentnost na tr\u017ei\u0161tu rada i podr\u017eava njihov financijski i nefinancijski uspjeh.<\/h3>\t\t\t\t<\/div>\n\t\t\t\t<\/div>\n\t\t\t\t\t<\/div>\n\t\t<\/div>\n\t\t\t\t<div class=\"elementor-column elementor-col-50 elementor-top-column elementor-element elementor-element-a866250\" data-id=\"a866250\" data-element_type=\"column\" data-e-type=\"column\" data-settings=\"{&quot;background_background&quot;:&quot;classic&quot;}\">\n\t\t\t<div class=\"elementor-widget-wrap elementor-element-populated\">\n\t\t\t\t\t\t<div class=\"elementor-element elementor-element-85d516a elementor-widget elementor-widget-heading\" data-id=\"85d516a\" data-element_type=\"widget\" data-e-type=\"widget\" data-widget_type=\"heading.default\">\n\t\t\t\t<div class=\"elementor-widget-container\">\n\t\t\t\t\t<h3 class=\"elementor-heading-title elementor-size-default\">\u0160to nudimo polaznicima programa?<\/h3>\t\t\t\t<\/div>\n\t\t\t\t<\/div>\n\t\t\t\t<div class=\"elementor-element elementor-element-69247da elementor-widget elementor-widget-text-editor\" data-id=\"69247da\" data-element_type=\"widget\" data-e-type=\"widget\" data-widget_type=\"text-editor.default\">\n\t\t\t\t<div class=\"elementor-widget-container\">\n\t\t\t\t\t\t\t\t\t<ul><li><strong>Program je besplatan<\/strong>\u00a0za prvu generaciju polaznika<\/li><li>Uspje\u0161nim zavr\u0161etkom programa polaznici ostvaruju 5 ECTS-a<\/li><li>Program se istovremeno provodi u 5 dr\u017eava \u010dlanica EU<\/li><li>Program podr\u017eavaju javna i privatna poduze\u0107a te udruge civilnog dru\u0161tva<\/li><li>Program se izvodi kroz 30 sati nastave (5 tjedana, 6 sati tjedno)<\/li><li>Program uklju\u010duje sudjelovanje na Hackatonu i studijski posjet<\/li><li>Polaznici \u0107e sura\u0111ivati s lokalnim poduze\u0107ima i udrugama civilnog dru\u0161tva na razvoju kreativnih rje\u0161enja<\/li><\/ul>\t\t\t\t\t\t\t\t<\/div>\n\t\t\t\t<\/div>\n\t\t\t\t\t<\/div>\n\t\t<\/div>\n\t\t\t\t\t<\/div>\n\t\t<\/section>\n\t\t\t\t<section class=\"elementor-section elementor-top-section elementor-element elementor-element-21e4142 elementor-section-boxed elementor-section-height-default elementor-section-height-default\" data-id=\"21e4142\" data-element_type=\"section\" data-e-type=\"section\">\n\t\t\t\t\t\t<div class=\"elementor-container elementor-column-gap-default\">\n\t\t\t\t\t<div class=\"elementor-column elementor-col-50 elementor-top-column elementor-element elementor-element-b44b93f\" data-id=\"b44b93f\" data-element_type=\"column\" data-e-type=\"column\">\n\t\t\t<div class=\"elementor-widget-wrap elementor-element-populated\">\n\t\t\t\t\t\t<div class=\"elementor-element elementor-element-bd0d377 elementor-widget elementor-widget-heading\" data-id=\"bd0d377\" data-element_type=\"widget\" data-e-type=\"widget\" data-widget_type=\"heading.default\">\n\t\t\t\t<div class=\"elementor-widget-container\">\n\t\t\t\t\t<h2 class=\"elementor-heading-title elementor-size-default\">To nije sve!<\/h2>\t\t\t\t<\/div>\n\t\t\t\t<\/div>\n\t\t\t\t<div class=\"elementor-element elementor-element-e1d70d3 elementor-widget elementor-widget-heading\" data-id=\"e1d70d3\" data-element_type=\"widget\" data-e-type=\"widget\" data-widget_type=\"heading.default\">\n\t\t\t\t<div class=\"elementor-widget-container\">\n\t\t\t\t\t<h3 class=\"elementor-heading-title elementor-size-default\">Najbolji sudionici imat \u0107e priliku prisustvovati Me\u0111unarodnoj SIM \u0161koli, trodnevnom doga\u0111aju koji \u0107e se odr\u017eati u Parizu, Francuska, u studenom 2025.<\/h3>\t\t\t\t<\/div>\n\t\t\t\t<\/div>\n\t\t\t\t<div class=\"elementor-element elementor-element-25aa2ad elementor-widget elementor-widget-text-editor\" data-id=\"25aa2ad\" data-element_type=\"widget\" data-e-type=\"widget\" data-widget_type=\"text-editor.default\">\n\t\t\t\t<div class=\"elementor-widget-container\">\n\t\t\t\t\t\t\t\t\t<p>Tijekom Me\u0111unarodne SIM \u0161kole sudionici \u0107e dijeliti ste\u010dena znanja, inspirirati jedni druge i osje\u0107ati se dijelom ne\u010deg ve\u0107eg &#8211; dijelom mre\u017ee menad\u017eera dru\u0161tvenog utjecaja!<\/p>\t\t\t\t\t\t\t\t<\/div>\n\t\t\t\t<\/div>\n\t\t\t\t\t<\/div>\n\t\t<\/div>\n\t\t\t\t<div class=\"elementor-column elementor-col-50 elementor-top-column elementor-element elementor-element-d5bba4d\" data-id=\"d5bba4d\" data-element_type=\"column\" data-e-type=\"column\">\n\t\t\t<div class=\"elementor-widget-wrap elementor-element-populated\">\n\t\t\t\t\t\t<div class=\"elementor-element elementor-element-5b0ec3e elementor-widget elementor-widget-heading\" data-id=\"5b0ec3e\" data-element_type=\"widget\" data-e-type=\"widget\" data-widget_type=\"heading.default\">\n\t\t\t\t<div class=\"elementor-widget-container\">\n\t\t\t\t\t<h2 class=\"elementor-heading-title elementor-size-default\">Vi\u0161e o programu<\/h2>\t\t\t\t<\/div>\n\t\t\t\t<\/div>\n\t\t\t\t<div class=\"elementor-element elementor-element-dba721b elementor-widget elementor-widget-text-editor\" data-id=\"dba721b\" data-element_type=\"widget\" data-e-type=\"widget\" data-widget_type=\"text-editor.default\">\n\t\t\t\t<div class=\"elementor-widget-container\">\n\t\t\t\t\t\t\t\t\t<p>Program provodi Ekonomski fakultet u suradnji sa Step Ri znanstveno-tehnologijski park Sveu\u010dili\u0161ta u Rijeci, JGL d.d., udrugom DIP &#8211; Dru\u0161tvo za istra\u017eivanje i potporu, udrugom za razvoj civilnog dru\u0161tva SMART i Teodorom Petri\u010devi\u0107em.<\/p>\t\t\t\t\t\t\t\t<\/div>\n\t\t\t\t<\/div>\n\t\t\t\t<div class=\"elementor-element elementor-element-469638e elementor-widget elementor-widget-button\" data-id=\"469638e\" data-element_type=\"widget\" data-e-type=\"widget\" data-widget_type=\"button.default\">\n\t\t\t\t<div class=\"elementor-widget-container\">\n\t\t\t\t\t\t\t\t\t<div class=\"elementor-button-wrapper\">\n\t\t\t\t\t<a class=\"elementor-button elementor-button-link elementor-size-sm\" href=\"https:\/\/www.efri.uniri.hr\/hr\/vise_o_programu\/3695\/468\">\n\t\t\t\t\t\t<span class=\"elementor-button-content-wrapper\">\n\t\t\t\t\t\t\t\t\t<span class=\"elementor-button-text\">Saznaj vi\u0161e<\/span>\n\t\t\t\t\t<\/span>\n\t\t\t\t\t<\/a>\n\t\t\t\t<\/div>\n\t\t\t\t\t\t\t\t<\/div>\n\t\t\t\t<\/div>\n\t\t\t\t\t<\/div>\n\t\t<\/div>\n\t\t\t\t\t<\/div>\n\t\t<\/section>\n\t\t\t\t<\/div>\n\t\t","protected":false},"excerpt":{"rendered":"<p>Trening Navodimo vje\u0161tine, metode i ishode u\u010denja iz SIM CV-a te zajedno osmi\u0161ljavamo obrazovne programe koji \u0107e se pokrenuti u pet europskih zemalja: Austriji, Hrvatskoj, Gr\u010dkoj, Francuskoj, Italiji. Ekonomski fakultet Sveu\u010dili\u0161ta u Rijeci, zajedno s \u010detiri partnera iz EU, razvio je program cjelo\u017eivotnog u\u010denja\u00a0Social Impact Manager. Cilj ovog programa je osna\u017eiti novu generaciju menad\u017eera da [&hellip;]<\/p>\n","protected":false},"author":3,"featured_media":0,"parent":0,"menu_order":0,"comment_status":"closed","ping_status":"closed","template":"elementor_header_footer","meta":{"h5ap_radio_sources":[],"footnotes":""},"class_list":["post-1952","page","type-page","status-publish","hentry"],"_links":{"self":[{"href":"https:\/\/simproject.eu\/hr\/wp-json\/wp\/v2\/pages\/1952","targetHints":{"allow":["GET"]}}],"collection":[{"href":"https:\/\/simproject.eu\/hr\/wp-json\/wp\/v2\/pages"}],"about":[{"href":"https:\/\/simproject.eu\/hr\/wp-json\/wp\/v2\/types\/page"}],"author":[{"embeddable":true,"href":"https:\/\/simproject.eu\/hr\/wp-json\/wp\/v2\/users\/3"}],"replies":[{"embeddable":true,"href":"https:\/\/simproject.eu\/hr\/wp-json\/wp\/v2\/comments?post=1952"}],"version-history":[{"count":12,"href":"https:\/\/simproject.eu\/hr\/wp-json\/wp\/v2\/pages\/1952\/revisions"}],"predecessor-version":[{"id":2630,"href":"https:\/\/simproject.eu\/hr\/wp-json\/wp\/v2\/pages\/1952\/revisions\/2630"}],"wp:attachment":[{"href":"https:\/\/simproject.eu\/hr\/wp-json\/wp\/v2\/media?parent=1952"}],"curies":[{"name":"wp","href":"https:\/\/api.w.org\/{rel}","templated":true}]}}