{"id":1981,"date":"2024-08-01T15:20:50","date_gmt":"2024-08-01T15:20:50","guid":{"rendered":"https:\/\/simproject.eu\/istrazivanje\/grcka\/"},"modified":"2025-02-27T13:15:31","modified_gmt":"2025-02-27T13:15:31","slug":"grcka","status":"publish","type":"page","link":"https:\/\/simproject.eu\/hr\/istrazivanje\/grcka\/","title":{"rendered":"Gr\u010dka"},"content":{"rendered":"\t\t<div data-elementor-type=\"wp-page\" data-elementor-id=\"1981\" class=\"elementor elementor-1981 elementor-828\" data-elementor-post-type=\"page\">\n\t\t\t\t\t\t<section class=\"elementor-section elementor-top-section elementor-element elementor-element-fd8cfb8 elementor-section-height-min-height elementor-section-boxed elementor-section-height-default elementor-section-items-middle\" data-id=\"fd8cfb8\" data-element_type=\"section\" data-e-type=\"section\" data-settings=\"{&quot;background_background&quot;:&quot;classic&quot;}\">\n\t\t\t\t\t\t\t<div class=\"elementor-background-overlay\"><\/div>\n\t\t\t\t\t\t\t<div class=\"elementor-container elementor-column-gap-default\">\n\t\t\t\t\t<div class=\"elementor-column elementor-col-100 elementor-top-column elementor-element elementor-element-133cc2d\" data-id=\"133cc2d\" data-element_type=\"column\" data-e-type=\"column\">\n\t\t\t<div class=\"elementor-widget-wrap elementor-element-populated\">\n\t\t\t\t\t\t<div class=\"elementor-element elementor-element-ff9b0e2 elementor-widget elementor-widget-heading\" data-id=\"ff9b0e2\" data-element_type=\"widget\" data-e-type=\"widget\" data-widget_type=\"heading.default\">\n\t\t\t\t<div class=\"elementor-widget-container\">\n\t\t\t\t\t<h1 class=\"elementor-heading-title elementor-size-default\">Gr\u010dka<\/h1>\t\t\t\t<\/div>\n\t\t\t\t<\/div>\n\t\t\t\t<div class=\"elementor-element elementor-element-7af80c7 elementor-widget elementor-widget-heading\" data-id=\"7af80c7\" data-element_type=\"widget\" data-e-type=\"widget\" data-widget_type=\"heading.default\">\n\t\t\t\t<div class=\"elementor-widget-container\">\n\t\t\t\t\t<h2 class=\"elementor-heading-title elementor-size-default\">Glavni rezultati istra\u017eivanja<\/h2>\t\t\t\t<\/div>\n\t\t\t\t<\/div>\n\t\t\t\t\t<\/div>\n\t\t<\/div>\n\t\t\t\t\t<\/div>\n\t\t<\/section>\n\t\t\t\t<section class=\"elementor-section elementor-top-section elementor-element elementor-element-eed2225 elementor-section-boxed elementor-section-height-default elementor-section-height-default\" data-id=\"eed2225\" data-element_type=\"section\" data-e-type=\"section\">\n\t\t\t\t\t\t<div class=\"elementor-container elementor-column-gap-default\">\n\t\t\t\t\t<div class=\"elementor-column elementor-col-100 elementor-top-column elementor-element elementor-element-26b347e\" data-id=\"26b347e\" data-element_type=\"column\" data-e-type=\"column\" data-settings=\"{&quot;background_background&quot;:&quot;classic&quot;}\">\n\t\t\t<div class=\"elementor-widget-wrap elementor-element-populated\">\n\t\t\t\t\t\t<div class=\"elementor-element elementor-element-7bf5a98 elementor-widget elementor-widget-heading\" data-id=\"7bf5a98\" data-element_type=\"widget\" data-e-type=\"widget\" data-widget_type=\"heading.default\">\n\t\t\t\t<div class=\"elementor-widget-container\">\n\t\t\t\t\t<h2 class=\"elementor-heading-title elementor-size-default\">Gr\u010dka<\/h2>\t\t\t\t<\/div>\n\t\t\t\t<\/div>\n\t\t\t\t<div class=\"elementor-element elementor-element-17b558f elementor-icon-list--layout-traditional elementor-list-item-link-full_width elementor-widget elementor-widget-icon-list\" data-id=\"17b558f\" data-element_type=\"widget\" data-e-type=\"widget\" data-widget_type=\"icon-list.default\">\n\t\t\t\t<div class=\"elementor-widget-container\">\n\t\t\t\t\t\t\t<ul class=\"elementor-icon-list-items\">\n\t\t\t\t\t\t\t<li class=\"elementor-icon-list-item\">\n\t\t\t\t\t\t\t\t\t\t\t<span class=\"elementor-icon-list-icon\">\n\t\t\t\t\t\t\t<i aria-hidden=\"true\" class=\"fas fa-check\"><\/i>\t\t\t\t\t\t<\/span>\n\t\t\t\t\t\t\t\t\t\t<span class=\"elementor-icon-list-text\">U sjevernoj Gr\u010dkoj, tvrtke u Solunu, Serresu i Komotiniju, koje obuhva\u0107aju industrije od ekolo\u0161ke tehnologije do agrobiznisa, aktivno sudjeluju u doga\u0111anjima lokalne zajednice i gra\u0111anskim aktivnostima<\/span>\n\t\t\t\t\t\t\t\t\t<\/li>\n\t\t\t\t\t\t\t\t<li class=\"elementor-icon-list-item\">\n\t\t\t\t\t\t\t\t\t\t\t<span class=\"elementor-icon-list-icon\">\n\t\t\t\t\t\t\t<i aria-hidden=\"true\" class=\"fas fa-check\"><\/i>\t\t\t\t\t\t<\/span>\n\t\t\t\t\t\t\t\t\t\t<span class=\"elementor-icon-list-text\">Odgovori u anketi (33) otkrili su da se unato\u010d nepostojanju posve\u0107enih uloga u dru\u0161tveno odgovornom poslovanju te tvrtke bave za\u0161titom okoli\u0161a, odr\u017eivo\u0161\u0107u i dru\u0161tvenim pitanjima kroz razli\u010dite inicijative<\/span>\n\t\t\t\t\t\t\t\t\t<\/li>\n\t\t\t\t\t\t\t\t<li class=\"elementor-icon-list-item\">\n\t\t\t\t\t\t\t\t\t\t\t<span class=\"elementor-icon-list-icon\">\n\t\t\t\t\t\t\t<i aria-hidden=\"true\" class=\"fas fa-check\"><\/i>\t\t\t\t\t\t<\/span>\n\t\t\t\t\t\t\t\t\t\t<span class=\"elementor-icon-list-text\">Sudioni\u010dka radionica u Ateni potaknula je suradnju me\u0111u razli\u010ditim dionicima, \u0161to je rezultiralo strate\u0161kim rje\u0161enjima poput programa vje\u0161tina do posla i javno-privatnih partnerstava<\/span>\n\t\t\t\t\t\t\t\t\t<\/li>\n\t\t\t\t\t\t\t\t<li class=\"elementor-icon-list-item\">\n\t\t\t\t\t\t\t\t\t\t\t<span class=\"elementor-icon-list-icon\">\n\t\t\t\t\t\t\t<i aria-hidden=\"true\" class=\"fas fa-check\"><\/i>\t\t\t\t\t\t<\/span>\n\t\t\t\t\t\t\t\t\t\t<span class=\"elementor-icon-list-text\">Izazovi uklju\u010duju uskla\u0111ivanje vrijednosti s nevladinim organizacijama, osiguravanje utjecajnih partnerstava i svladavanje birokratskih prepreka<\/span>\n\t\t\t\t\t\t\t\t\t<\/li>\n\t\t\t\t\t\t\t\t<li class=\"elementor-icon-list-item\">\n\t\t\t\t\t\t\t\t\t\t\t<span class=\"elementor-icon-list-icon\">\n\t\t\t\t\t\t\t<i aria-hidden=\"true\" class=\"fas fa-check\"><\/i>\t\t\t\t\t\t<\/span>\n\t\t\t\t\t\t\t\t\t\t<span class=\"elementor-icon-list-text\">Nagla\u0161eni su zajedni\u010dki napori i razmjena najbolje prakse za ja\u010de odnose zajednice i poduze\u0107a<\/span>\n\t\t\t\t\t\t\t\t\t<\/li>\n\t\t\t\t\t\t<\/ul>\n\t\t\t\t\t\t<\/div>\n\t\t\t\t<\/div>\n\t\t\t\t\t<\/div>\n\t\t<\/div>\n\t\t\t\t\t<\/div>\n\t\t<\/section>\n\t\t\t\t<section class=\"elementor-section elementor-top-section elementor-element elementor-element-dcd56e3 elementor-section-boxed elementor-section-height-default elementor-section-height-default\" data-id=\"dcd56e3\" data-element_type=\"section\" data-e-type=\"section\">\n\t\t\t\t\t\t<div class=\"elementor-container elementor-column-gap-default\">\n\t\t\t\t\t<div class=\"elementor-column elementor-col-100 elementor-top-column elementor-element elementor-element-0c6f2b0\" data-id=\"0c6f2b0\" data-element_type=\"column\" data-e-type=\"column\">\n\t\t\t<div class=\"elementor-widget-wrap elementor-element-populated\">\n\t\t\t\t\t\t<div class=\"elementor-element elementor-element-945a14b elementor-absolute e-transform elementor-widget elementor-widget-image\" data-id=\"945a14b\" data-element_type=\"widget\" data-e-type=\"widget\" data-settings=\"{&quot;_position&quot;:&quot;absolute&quot;,&quot;_transform_rotateZ_effect&quot;:{&quot;unit&quot;:&quot;px&quot;,&quot;size&quot;:-126,&quot;sizes&quot;:[]},&quot;_transform_rotateZ_effect_tablet&quot;:{&quot;unit&quot;:&quot;deg&quot;,&quot;size&quot;:&quot;&quot;,&quot;sizes&quot;:[]},&quot;_transform_rotateZ_effect_mobile&quot;:{&quot;unit&quot;:&quot;deg&quot;,&quot;size&quot;:&quot;&quot;,&quot;sizes&quot;:[]}}\" data-widget_type=\"image.default\">\n\t\t\t\t<div class=\"elementor-widget-container\">\n\t\t\t\t\t\t\t\t\t\t\t\t\t\t\t<img fetchpriority=\"high\" decoding=\"async\" width=\"772\" height=\"1024\" src=\"https:\/\/simproject.eu\/wp-content\/uploads\/2024\/08\/Picture1-772x1024.png\" class=\"attachment-large size-large wp-image-1973\" alt=\"\" srcset=\"https:\/\/simproject.eu\/wp-content\/uploads\/2024\/08\/Picture1-772x1024.png 772w, https:\/\/simproject.eu\/wp-content\/uploads\/2024\/08\/Picture1-226x300.png 226w, https:\/\/simproject.eu\/wp-content\/uploads\/2024\/08\/Picture1-768x1019.png 768w, https:\/\/simproject.eu\/wp-content\/uploads\/2024\/08\/Picture1.png 896w\" sizes=\"(max-width: 772px) 100vw, 772px\" \/>\t\t\t\t\t\t\t\t\t\t\t\t\t\t\t<\/div>\n\t\t\t\t<\/div>\n\t\t\t\t<div class=\"elementor-element elementor-element-9c9a676 elementor-widget elementor-widget-image\" data-id=\"9c9a676\" data-element_type=\"widget\" data-e-type=\"widget\" data-widget_type=\"image.default\">\n\t\t\t\t<div class=\"elementor-widget-container\">\n\t\t\t\t\t\t\t\t\t\t\t\t\t\t\t\t<a href=\"https:\/\/simproject.eu\/wp-content\/uploads\/2024\/09\/SIM-infographic-6-scaled.jpg\" data-elementor-open-lightbox=\"yes\" data-elementor-lightbox-title=\"SIM infographic 6\" data-e-action-hash=\"#elementor-action%3Aaction%3Dlightbox%26settings%3DeyJpZCI6MTk0MiwidXJsIjoiaHR0cHM6XC9cL3NpbXByb2plY3QuZXVcL3dwLWNvbnRlbnRcL3VwbG9hZHNcLzIwMjRcLzA5XC9TSU0taW5mb2dyYXBoaWMtNi1zY2FsZWQuanBnIn0%3D\">\n\t\t\t\t\t\t\t<img decoding=\"async\" width=\"2560\" height=\"1746\" src=\"https:\/\/simproject.eu\/wp-content\/uploads\/2024\/09\/SIM-infographic-6-scaled.jpg\" class=\"attachment-full size-full wp-image-1942\" alt=\"\" srcset=\"https:\/\/simproject.eu\/wp-content\/uploads\/2024\/09\/SIM-infographic-6-scaled.jpg 2560w, https:\/\/simproject.eu\/wp-content\/uploads\/2024\/09\/SIM-infographic-6-300x205.jpg 300w, https:\/\/simproject.eu\/wp-content\/uploads\/2024\/09\/SIM-infographic-6-1024x698.jpg 1024w, https:\/\/simproject.eu\/wp-content\/uploads\/2024\/09\/SIM-infographic-6-768x524.jpg 768w, https:\/\/simproject.eu\/wp-content\/uploads\/2024\/09\/SIM-infographic-6-1536x1048.jpg 1536w, https:\/\/simproject.eu\/wp-content\/uploads\/2024\/09\/SIM-infographic-6-2048x1397.jpg 2048w\" sizes=\"(max-width: 2560px) 100vw, 2560px\" \/>\t\t\t\t\t\t\t\t<\/a>\n\t\t\t\t\t\t\t\t\t\t\t\t\t\t\t<\/div>\n\t\t\t\t<\/div>\n\t\t\t\t\t<\/div>\n\t\t<\/div>\n\t\t\t\t\t<\/div>\n\t\t<\/section>\n\t\t\t\t<section class=\"elementor-section elementor-top-section elementor-element elementor-element-1424aa7 elementor-section-boxed elementor-section-height-default elementor-section-height-default\" data-id=\"1424aa7\" data-element_type=\"section\" data-e-type=\"section\">\n\t\t\t\t\t\t<div class=\"elementor-container elementor-column-gap-default\">\n\t\t\t\t\t<div class=\"elementor-column elementor-col-100 elementor-top-column elementor-element elementor-element-3996645\" data-id=\"3996645\" data-element_type=\"column\" data-e-type=\"column\">\n\t\t\t<div class=\"elementor-widget-wrap elementor-element-populated\">\n\t\t\t\t\t\t<div class=\"elementor-element elementor-element-5abd90e elementor-widget elementor-widget-image\" data-id=\"5abd90e\" data-element_type=\"widget\" data-e-type=\"widget\" data-widget_type=\"image.default\">\n\t\t\t\t<div class=\"elementor-widget-container\">\n\t\t\t\t\t\t\t\t\t\t\t\t\t\t\t<img decoding=\"async\" width=\"200\" height=\"200\" src=\"https:\/\/simproject.eu\/wp-content\/uploads\/2024\/09\/interplast_sa_logo.jpeg\" class=\"attachment-large size-large wp-image-1987\" alt=\"\" srcset=\"https:\/\/simproject.eu\/wp-content\/uploads\/2024\/09\/interplast_sa_logo.jpeg 200w, https:\/\/simproject.eu\/wp-content\/uploads\/2024\/09\/interplast_sa_logo-150x150.jpeg 150w\" sizes=\"(max-width: 200px) 100vw, 200px\" \/>\t\t\t\t\t\t\t\t\t\t\t\t\t\t\t<\/div>\n\t\t\t\t<\/div>\n\t\t\t\t<div class=\"elementor-element elementor-element-d2667d6 elementor-widget elementor-widget-heading\" data-id=\"d2667d6\" data-element_type=\"widget\" data-e-type=\"widget\" data-widget_type=\"heading.default\">\n\t\t\t\t<div class=\"elementor-widget-container\">\n\t\t\t\t\t<h2 class=\"elementor-heading-title elementor-size-default\">STUDIJA SLU\u010cAJA: Interplast - Gr\u010dka<\/h2>\t\t\t\t<\/div>\n\t\t\t\t<\/div>\n\t\t\t\t<div class=\"elementor-element elementor-element-2c38a34 elementor-widget elementor-widget-text-editor\" data-id=\"2c38a34\" data-element_type=\"widget\" data-e-type=\"widget\" data-widget_type=\"text-editor.default\">\n\t\t\t\t<div class=\"elementor-widget-container\">\n\t\t\t\t\t\t\t\t\t<p>Jo\u0161 jedan primjer poduze\u0107a koje \u010dini razliku u svojoj zajednici je <a href=\"https:\/\/interplast.gr\/en\">Interplast<\/a> , gr\u010dka tvrtka poznata po proizvodnji integriranih sustava za vodoopskrbu, grijanje, klimatizaciju i odvodnju.<\/p><p>U sredi\u0161tu Interplastovih CSR inicijativa je gospo\u0111a Zoe Rizopoulou, uz podr\u0161ku svog oca. Oni vode napore za izgradnju jakih odnosa unutar lokalne zajednice i \u0161ire regije Isto\u010dne Makedonije i Trakije. Zajedno razvijaju CSR plan tvrtke i provode utjecajne inicijative u nekoliko klju\u010dnih podru\u010dja:  <\/p><p>Odgovorno financijsko upravljanje temelj je njihova pristupa, osiguravaju\u0107i zdravu gospodarsku praksu. Upravljanje okoli\u0161em je prioritet, s fokusom na smanjenje zaga\u0111iva\u010da i minimiziranje utjecaja na okoli\u0161. <\/p><p>Njihova predanost zajednici o\u010dituje se kroz aktivno sudjelovanje u kulturnim i dru\u0161tvenim aktivnostima. Poma\u017eu onima koji prvi reagiraju nagra\u0111uju\u0107i vatrogasce i doniraju\u0107i osnovnu opremu poput maski, pokazuju\u0107i svoju predanost javnoj sigurnosti. <\/p><p>Promi\u010du\u0107i odr\u017eivost, organiziraju forum s Tehni\u010dkom komorom Trakije i op\u0107inom Komotini kako bi se usredoto\u010dili na u\u0161tedu energije. Njihova regionalna suradnja uklju\u010duje stalnu komunikaciju, podr\u017eavaju\u0107i rastu\u0107i industrijski sektor u regiji. Njihov anga\u017eman u zajednici nagla\u0161en je organiziranjem velikog foruma u Komotiniju sa 700 gostiju iz cijele Gr\u010dke.  <\/p><p>Obrazovanje je jo\u0161 jedan stup dok sura\u0111uju s regionalnim sveu\u010dili\u0161tima na osnivanju novog odjela, isti\u010du\u0107i svoje uvjerenje u snagu obrazovanja. Kona\u010dno, partnerstvo s organizacijama poput lokalne crkve ja\u010da njihove veze u zajednici i pokazuje njihovu potporu razli\u010ditim institucijama. Kroz njihovu predanost, duh suradnje i lokalne inicijative, Interplast ima pozitivan i trajan utjecaj na svoju zajednicu i regiju.  <\/p>\t\t\t\t\t\t\t\t<\/div>\n\t\t\t\t<\/div>\n\t\t\t\t<section class=\"elementor-section elementor-inner-section elementor-element elementor-element-b7d5ec8 elementor-section-boxed elementor-section-height-default elementor-section-height-default\" data-id=\"b7d5ec8\" data-element_type=\"section\" data-e-type=\"section\">\n\t\t\t\t\t\t<div class=\"elementor-container elementor-column-gap-default\">\n\t\t\t\t\t<div class=\"elementor-column elementor-col-50 elementor-inner-column elementor-element elementor-element-ff37dab\" data-id=\"ff37dab\" data-element_type=\"column\" data-e-type=\"column\">\n\t\t\t<div class=\"elementor-widget-wrap elementor-element-populated\">\n\t\t\t\t\t\t<div class=\"elementor-element elementor-element-515d363 elementor-widget elementor-widget-image\" data-id=\"515d363\" data-element_type=\"widget\" data-e-type=\"widget\" data-widget_type=\"image.default\">\n\t\t\t\t<div class=\"elementor-widget-container\">\n\t\t\t\t\t\t\t\t\t\t\t\t\t\t\t<img loading=\"lazy\" decoding=\"async\" width=\"612\" height=\"612\" src=\"https:\/\/simproject.eu\/wp-content\/uploads\/2024\/09\/podcast-badge-icon-stamp-logo-vector-stock-illustration-vector-id1192908503.png\" class=\"attachment-large size-large wp-image-1977\" alt=\"\" srcset=\"https:\/\/simproject.eu\/wp-content\/uploads\/2024\/09\/podcast-badge-icon-stamp-logo-vector-stock-illustration-vector-id1192908503.png 612w, https:\/\/simproject.eu\/wp-content\/uploads\/2024\/09\/podcast-badge-icon-stamp-logo-vector-stock-illustration-vector-id1192908503-300x300.png 300w, https:\/\/simproject.eu\/wp-content\/uploads\/2024\/09\/podcast-badge-icon-stamp-logo-vector-stock-illustration-vector-id1192908503-150x150.png 150w\" sizes=\"(max-width: 612px) 100vw, 612px\" \/>\t\t\t\t\t\t\t\t\t\t\t\t\t\t\t<\/div>\n\t\t\t\t<\/div>\n\t\t\t\t\t<\/div>\n\t\t<\/div>\n\t\t\t\t<div class=\"elementor-column elementor-col-50 elementor-inner-column elementor-element elementor-element-150a657\" data-id=\"150a657\" data-element_type=\"column\" data-e-type=\"column\">\n\t\t\t<div class=\"elementor-widget-wrap elementor-element-populated\">\n\t\t\t\t\t\t<div class=\"elementor-element elementor-element-84601d8 elementor-widget elementor-widget-heading\" data-id=\"84601d8\" data-element_type=\"widget\" data-e-type=\"widget\" data-widget_type=\"heading.default\">\n\t\t\t\t<div class=\"elementor-widget-container\">\n\t\t\t\t\t<h2 class=\"elementor-heading-title elementor-size-default\">Interplast Gr\u010dka \u2013 SIM Podcast<\/h2>\t\t\t\t<\/div>\n\t\t\t\t<\/div>\n\t\t\t\t<div class=\"elementor-element elementor-element-44b6f54 elementor-widget elementor-widget-shortcode\" data-id=\"44b6f54\" data-element_type=\"widget\" data-e-type=\"widget\" data-widget_type=\"shortcode.default\">\n\t\t\t\t<div class=\"elementor-widget-container\">\n\t\t\t\t\t\t\t<div class=\"elementor-shortcode\"><div\n    id=\"h5ap-player-1\"\n    data-id=\"h5ap-player-1\"\n    data-attributes=\"{&quot;uniqueId&quot;:&quot;player996&quot;,&quot;clientId&quot;:&quot;&quot;,&quot;align&quot;:&quot;&quot;,&quot;alignment&quot;:&quot;center&quot;,&quot;source&quot;:&quot;https:\\\/\\\/simproject.eu\\\/wp-content\\\/uploads\\\/2024\\\/08\\\/INTERPLAST-GREECE.mp3&quot;,&quot;poster&quot;:&quot;&quot;,&quot;title&quot;:&quot;Audio Title&quot;,&quot;artist&quot;:&quot;Author Name&quot;,&quot;color&quot;:&quot;#fff&quot;,&quot;textColor&quot;:&quot;#fff&quot;,&quot;primaryColor&quot;:&quot;#195FF5&quot;,&quot;hoverColor&quot;:&quot;#00B3FF&quot;,&quot;skin&quot;:&quot;Default&quot;,&quot;repeat&quot;:false,&quot;autoplay&quot;:false,&quot;isSticky&quot;:false,&quot;muted&quot;:false,&quot;loader&quot;:true,&quot;saveState&quot;:false,&quot;disablePause&quot;:false,&quot;seekTime&quot;:10,&quot;startTime&quot;:0,&quot;download&quot;:true,&quot;width&quot;:&quot;100%&quot;,&quot;radius&quot;:&quot;10px&quot;,&quot;controls&quot;:{&quot;play&quot;:true,&quot;progress&quot;:true,&quot;duration&quot;:true,&quot;mute&quot;:true,&quot;volume&quot;:true,&quot;settings&quot;:true},&quot;CSS&quot;:&quot;&quot;,&quot;i18n&quot;:{&quot;restart&quot;:&quot;Restart&quot;,&quot;rewind&quot;:&quot;Rewind {seektime}s&quot;,&quot;play&quot;:&quot;Play&quot;,&quot;pause&quot;:&quot;Pause&quot;,&quot;fastForward:&quot;:&quot;Forward {seektime}s&quot;,&quot;seek&quot;:&quot;Seek&quot;,&quot;seekLabel&quot;:&quot;{currentTime} of {duration}&quot;,&quot;played&quot;:&quot;Played&quot;,&quot;buffered&quot;:&quot;Buffered&quot;,&quot;currentTime:&quot;:&quot;Current time&quot;,&quot;duration&quot;:&quot;Duration&quot;,&quot;volume&quot;:&quot;Volume&quot;,&quot;mute&quot;:&quot;Mute&quot;,&quot;unmute&quot;:&quot;Unmute&quot;,&quot;enableCaptions&quot;:&quot;Enable captions&quot;,&quot;disableCaptions&quot;:&quot;Disable captions&quot;,&quot;download&quot;:&quot;Download&quot;,&quot;enterFullscreen&quot;:&quot;Enter fullscreen&quot;,&quot;exitFullscreen&quot;:&quot;Exit fullscreen&quot;,&quot;frameTitle&quot;:&quot;Player for {title}&quot;,&quot;captions&quot;:&quot;Captions&quot;,&quot;settings&quot;:&quot;Settings&quot;,&quot;pip&quot;:&quot;PIP&quot;,&quot;menuBack&quot;:&quot;Go back to previous menu&quot;,&quot;speed&quot;:&quot;Speed&quot;,&quot;normal&quot;:&quot;Normal&quot;,&quot;quality&quot;:&quot;Quality&quot;,&quot;loop&quot;:&quot;Loop&quot;,&quot;start&quot;:&quot;Start&quot;,&quot;end&quot;:&quot;End&quot;,&quot;all&quot;:&quot;All&quot;,&quot;reset&quot;:&quot;Reset&quot;,&quot;disabled&quot;:&quot;Disabled&quot;,&quot;enabled&quot;:&quot;Enabled&quot;,&quot;advertisement&quot;:&quot;Ad&quot;,&quot;qualityBadge&quot;:{&quot;2160&quot;:&quot;4K&quot;,&quot;1440&quot;:&quot;HD&quot;,&quot;1080&quot;:&quot;HD&quot;,&quot;720&quot;:&quot;HD&quot;,&quot;576&quot;:&quot;SD&quot;,&quot;480&quot;:&quot;SD&quot;}},&quot;controlColor&quot;:&quot;#4a5464&quot;,&quot;preload&quot;:&quot;metadata&quot;,&quot;speed&quot;:{&quot;selected&quot;:1,&quot;speed&quot;:[&quot;0.5&quot;,&quot; 0.75&quot;,&quot; 1&quot;,&quot; 1.25&quot;,&quot; 1.5&quot;,&quot; 1.75&quot;,&quot; 2&quot;,&quot; 4&quot;,&quot; 8&quot;]},&quot;multiple_audio&quot;:false,&quot;defaultValue&quot;:{&quot;Default&quot;:{&quot;primaryColor&quot;:&quot;#4A5464&quot;,&quot;controlColor&quot;:&quot;#4A5464&quot;,&quot;bgColor&quot;:&quot;#F5F5F5&quot;},&quot;Fusion&quot;:{&quot;primaryColor&quot;:&quot;#fff&quot;,&quot;bgColor&quot;:&quot;#161616&quot;,&quot;controlColor&quot;:&quot;#fff&quot;},&quot;Stamp&quot;:{&quot;controlColor&quot;:&quot;#fff&quot;,&quot;bgColor&quot;:&quot;#161616&quot;},&quot;Wave&quot;:{&quot;primaryColor&quot;:&quot;#fff&quot;,&quot;controlColor&quot;:&quot;#fff&quot;,&quot;bgColor&quot;:&quot;#161616&quot;,&quot;textColor&quot;:&quot;#fff&quot;},&quot;Card-1&quot;:{&quot;primaryColor&quot;:&quot;#fff&quot;,&quot;controlColor&quot;:&quot;#161616&quot;,&quot;bgColor&quot;:&quot;#161616&quot;,&quot;textColor&quot;:&quot;#fff&quot;},&quot;Card-2&quot;:{&quot;primaryColor&quot;:&quot;#00FBF3&quot;,&quot;controlColor&quot;:&quot;#fff&quot;,&quot;bgColor&quot;:&quot;#161616&quot;,&quot;textColor&quot;:&quot;#fff&quot;},&quot;Simple-1&quot;:{&quot;primaryColor&quot;:&quot;#00dcff&quot;,&quot;controlColor&quot;:&quot;#fff&quot;,&quot;bgColor&quot;:&quot;#161616&quot;,&quot;textColor&quot;:&quot;#00dcff&quot;},&quot;Simple-2&quot;:{&quot;primaryColor&quot;:&quot;#06F7FF00&quot;,&quot;controlColor&quot;:&quot;#fff&quot;,&quot;bgColor&quot;:&quot;#161616&quot;},&quot;Player9&quot;:{&quot;primaryColor&quot;:&quot;#195FF6&quot;,&quot;controlColor&quot;:&quot;#fff&quot;,&quot;bgColor&quot;:&quot;#161616&quot;,&quot;textColor&quot;:&quot;#EDEFF2&quot;},&quot;Player10&quot;:{&quot;primaryColor&quot;:&quot;#195FF6&quot;,&quot;controlColor&quot;:&quot;#fff&quot;,&quot;bgColor&quot;:&quot;#161616&quot;,&quot;textColor&quot;:&quot;#EDEFF2&quot;},&quot;Player11&quot;:{&quot;primaryColor&quot;:&quot;#195FF6&quot;,&quot;controlColor&quot;:&quot;#fff&quot;,&quot;bgColor&quot;:&quot;#161616&quot;,&quot;textColor&quot;:&quot;#fff&quot;}}}\"\n    class=\"wp-block-h5ap-tailwind wp-block-h5ap-audioplayer\">\n            <div class='h5ap_lp'>\n            <div class='bar bar-1'><\/div>\n            <div class='bar bar-1'><\/div>\n        <\/div>\n    <\/div><\/div>\n\t\t\t\t\t\t<\/div>\n\t\t\t\t<\/div>\n\t\t\t\t\t<\/div>\n\t\t<\/div>\n\t\t\t\t\t<\/div>\n\t\t<\/section>\n\t\t\t\t\t<\/div>\n\t\t<\/div>\n\t\t\t\t\t<\/div>\n\t\t<\/section>\n\t\t\t\t<\/div>\n\t\t","protected":false},"excerpt":{"rendered":"<p>Gr\u010dka Glavni rezultati istra\u017eivanja Gr\u010dka U sjevernoj Gr\u010dkoj, tvrtke u Solunu, Serresu i Komotiniju, koje obuhva\u0107aju industrije od ekolo\u0161ke tehnologije do agrobiznisa, aktivno sudjeluju u doga\u0111anjima lokalne zajednice i gra\u0111anskim aktivnostima Odgovori u anketi (33) otkrili su da se unato\u010d nepostojanju posve\u0107enih uloga u dru\u0161tveno odgovornom poslovanju te tvrtke bave za\u0161titom okoli\u0161a, odr\u017eivo\u0161\u0107u i dru\u0161tvenim [&hellip;]<\/p>\n","protected":false},"author":3,"featured_media":0,"parent":1937,"menu_order":0,"comment_status":"closed","ping_status":"closed","template":"elementor_header_footer","meta":{"h5ap_radio_sources":[],"footnotes":""},"class_list":["post-1981","page","type-page","status-publish","hentry"],"_links":{"self":[{"href":"https:\/\/simproject.eu\/hr\/wp-json\/wp\/v2\/pages\/1981","targetHints":{"allow":["GET"]}}],"collection":[{"href":"https:\/\/simproject.eu\/hr\/wp-json\/wp\/v2\/pages"}],"about":[{"href":"https:\/\/simproject.eu\/hr\/wp-json\/wp\/v2\/types\/page"}],"author":[{"embeddable":true,"href":"https:\/\/simproject.eu\/hr\/wp-json\/wp\/v2\/users\/3"}],"replies":[{"embeddable":true,"href":"https:\/\/simproject.eu\/hr\/wp-json\/wp\/v2\/comments?post=1981"}],"version-history":[{"count":2,"href":"https:\/\/simproject.eu\/hr\/wp-json\/wp\/v2\/pages\/1981\/revisions"}],"predecessor-version":[{"id":2180,"href":"https:\/\/simproject.eu\/hr\/wp-json\/wp\/v2\/pages\/1981\/revisions\/2180"}],"up":[{"embeddable":true,"href":"https:\/\/simproject.eu\/hr\/wp-json\/wp\/v2\/pages\/1937"}],"wp:attachment":[{"href":"https:\/\/simproject.eu\/hr\/wp-json\/wp\/v2\/media?parent=1981"}],"curies":[{"name":"wp","href":"https:\/\/api.w.org\/{rel}","templated":true}]}}