{"id":2054,"date":"2024-01-17T15:59:32","date_gmt":"2024-01-17T15:59:32","guid":{"rendered":"https:\/\/simproject.eu\/e-zinovi\/"},"modified":"2025-02-27T13:23:24","modified_gmt":"2025-02-27T13:23:24","slug":"e-zinovi","status":"publish","type":"page","link":"https:\/\/simproject.eu\/hr\/e-zinovi\/","title":{"rendered":"E-zinovi"},"content":{"rendered":"\t\t<div data-elementor-type=\"wp-page\" data-elementor-id=\"2054\" class=\"elementor elementor-2054 elementor-526\" data-elementor-post-type=\"page\">\n\t\t\t\t\t\t<section class=\"elementor-section elementor-top-section elementor-element elementor-element-5459781 elementor-section-height-min-height elementor-section-boxed elementor-section-height-default elementor-section-items-middle\" data-id=\"5459781\" data-element_type=\"section\" data-e-type=\"section\" data-settings=\"{&quot;background_background&quot;:&quot;classic&quot;}\">\n\t\t\t\t\t\t\t<div class=\"elementor-background-overlay\"><\/div>\n\t\t\t\t\t\t\t<div class=\"elementor-container elementor-column-gap-default\">\n\t\t\t\t\t<div class=\"elementor-column elementor-col-100 elementor-top-column elementor-element elementor-element-83b746c\" data-id=\"83b746c\" data-element_type=\"column\" data-e-type=\"column\">\n\t\t\t<div class=\"elementor-widget-wrap elementor-element-populated\">\n\t\t\t\t\t\t<div class=\"elementor-element elementor-element-5439a90 elementor-widget elementor-widget-heading\" data-id=\"5439a90\" data-element_type=\"widget\" data-e-type=\"widget\" data-widget_type=\"heading.default\">\n\t\t\t\t<div class=\"elementor-widget-container\">\n\t\t\t\t\t<h1 class=\"elementor-heading-title elementor-size-default\">SIM E-zinovi<\/h1>\t\t\t\t<\/div>\n\t\t\t\t<\/div>\n\t\t\t\t\t<\/div>\n\t\t<\/div>\n\t\t\t\t\t<\/div>\n\t\t<\/section>\n\t\t\t\t<section class=\"elementor-section elementor-top-section elementor-element elementor-element-92ca64d elementor-section-boxed elementor-section-height-default elementor-section-height-default\" data-id=\"92ca64d\" data-element_type=\"section\" data-e-type=\"section\">\n\t\t\t\t\t\t<div class=\"elementor-container elementor-column-gap-default\">\n\t\t\t\t\t<div class=\"elementor-column elementor-col-50 elementor-top-column elementor-element elementor-element-6f1d6a4\" data-id=\"6f1d6a4\" data-element_type=\"column\" data-e-type=\"column\">\n\t\t\t<div class=\"elementor-widget-wrap elementor-element-populated\">\n\t\t\t\t\t\t<div class=\"elementor-element elementor-element-64bfa51 elementor-widget elementor-widget-image\" data-id=\"64bfa51\" data-element_type=\"widget\" data-e-type=\"widget\" data-widget_type=\"image.default\">\n\t\t\t\t<div class=\"elementor-widget-container\">\n\t\t\t\t\t\t\t\t\t\t\t\t\t\t\t<img fetchpriority=\"high\" decoding=\"async\" width=\"2003\" height=\"1464\" src=\"https:\/\/simproject.eu\/wp-content\/uploads\/2025\/01\/SIM-ezine-3-cover.png\" class=\"attachment-full size-full wp-image-2057\" alt=\"\" srcset=\"https:\/\/simproject.eu\/wp-content\/uploads\/2025\/01\/SIM-ezine-3-cover.png 2003w, https:\/\/simproject.eu\/wp-content\/uploads\/2025\/01\/SIM-ezine-3-cover-300x219.png 300w, https:\/\/simproject.eu\/wp-content\/uploads\/2025\/01\/SIM-ezine-3-cover-1024x748.png 1024w, https:\/\/simproject.eu\/wp-content\/uploads\/2025\/01\/SIM-ezine-3-cover-768x561.png 768w, https:\/\/simproject.eu\/wp-content\/uploads\/2025\/01\/SIM-ezine-3-cover-1536x1123.png 1536w\" sizes=\"(max-width: 2003px) 100vw, 2003px\" \/>\t\t\t\t\t\t\t\t\t\t\t\t\t\t\t<\/div>\n\t\t\t\t<\/div>\n\t\t\t\t\t<\/div>\n\t\t<\/div>\n\t\t\t\t<div class=\"elementor-column elementor-col-50 elementor-top-column elementor-element elementor-element-e2ebcd9\" data-id=\"e2ebcd9\" data-element_type=\"column\" data-e-type=\"column\">\n\t\t\t<div class=\"elementor-widget-wrap elementor-element-populated\">\n\t\t\t\t\t\t<div class=\"elementor-element elementor-element-e0f9a81 elementor-widget__width-initial elementor-widget elementor-widget-text-editor\" data-id=\"e0f9a81\" data-element_type=\"widget\" data-e-type=\"widget\" data-widget_type=\"text-editor.default\">\n\t\t\t\t<div class=\"elementor-widget-container\">\n\t\t\t\t\t\t\t\t\t<p>E-ZINE #3<\/p>\t\t\t\t\t\t\t\t<\/div>\n\t\t\t\t<\/div>\n\t\t\t\t<div class=\"elementor-element elementor-element-f302dfd elementor-widget elementor-widget-heading\" data-id=\"f302dfd\" data-element_type=\"widget\" data-e-type=\"widget\" data-widget_type=\"heading.default\">\n\t\t\t\t<div class=\"elementor-widget-container\">\n\t\t\t\t\t<h2 class=\"elementor-heading-title elementor-size-default\">Osmi\u0161ljavanje SIM programa edukacije<\/h2>\t\t\t\t<\/div>\n\t\t\t\t<\/div>\n\t\t\t\t<div class=\"elementor-element elementor-element-53c7bd9 elementor-widget__width-initial elementor-widget elementor-widget-text-editor\" data-id=\"53c7bd9\" data-element_type=\"widget\" data-e-type=\"widget\" data-widget_type=\"text-editor.default\">\n\t\t\t\t<div class=\"elementor-widget-container\">\n\t\t\t\t\t\t\t\t\t<p>U ovom broju fokusiramo se na dizajn obrazovnog programa Social Impact Manager koji se gradi oko pet temeljnih modula. Slavimo Erasmus+ dane u Francuskoj i posje\u0107ujemo Be\u010d kako bismo razgovarali o na\u0161em napretku, kao i pogledali profil Social Impact Managera.   <\/p>\t\t\t\t\t\t\t\t<\/div>\n\t\t\t\t<\/div>\n\t\t\t\t<div class=\"elementor-element elementor-element-484a984 elementor-widget elementor-widget-button\" data-id=\"484a984\" data-element_type=\"widget\" data-e-type=\"widget\" data-widget_type=\"button.default\">\n\t\t\t\t<div class=\"elementor-widget-container\">\n\t\t\t\t\t\t\t\t\t<div class=\"elementor-button-wrapper\">\n\t\t\t\t\t<a class=\"elementor-button elementor-button-link elementor-size-sm\" href=\"https:\/\/simproject.eu\/download\/1455\/?tmstv=1736515390\">\n\t\t\t\t\t\t<span class=\"elementor-button-content-wrapper\">\n\t\t\t\t\t\t\t\t\t<span class=\"elementor-button-text\">preuzimanje<\/span>\n\t\t\t\t\t<\/span>\n\t\t\t\t\t<\/a>\n\t\t\t\t<\/div>\n\t\t\t\t\t\t\t\t<\/div>\n\t\t\t\t<\/div>\n\t\t\t\t<div class=\"elementor-element elementor-element-6fe5c22 elementor-widget elementor-widget-shortcode\" data-id=\"6fe5c22\" data-element_type=\"widget\" data-e-type=\"widget\" data-widget_type=\"shortcode.default\">\n\t\t\t\t<div class=\"elementor-widget-container\">\n\t\t\t\t\t\t\t<div class=\"elementor-shortcode\">Preuzeto516 puta<\/div>\n\t\t\t\t\t\t<\/div>\n\t\t\t\t<\/div>\n\t\t\t\t\t<\/div>\n\t\t<\/div>\n\t\t\t\t\t<\/div>\n\t\t<\/section>\n\t\t\t\t<section class=\"elementor-section elementor-top-section elementor-element elementor-element-281c2b0 elementor-section-boxed elementor-section-height-default elementor-section-height-default\" data-id=\"281c2b0\" data-element_type=\"section\" data-e-type=\"section\">\n\t\t\t\t\t\t<div class=\"elementor-container elementor-column-gap-default\">\n\t\t\t\t\t<div class=\"elementor-column elementor-col-50 elementor-top-column elementor-element elementor-element-7ee455d\" data-id=\"7ee455d\" data-element_type=\"column\" data-e-type=\"column\">\n\t\t\t<div class=\"elementor-widget-wrap elementor-element-populated\">\n\t\t\t\t\t\t<div class=\"elementor-element elementor-element-76200a4 elementor-widget elementor-widget-image\" data-id=\"76200a4\" data-element_type=\"widget\" data-e-type=\"widget\" data-widget_type=\"image.default\">\n\t\t\t\t<div class=\"elementor-widget-container\">\n\t\t\t\t\t\t\t\t\t\t\t\t\t\t\t<img decoding=\"async\" width=\"1696\" height=\"2560\" src=\"https:\/\/simproject.eu\/wp-content\/uploads\/2023\/08\/shane-rounce-DNkoNXQti3c-unsplash-scaled.jpg\" class=\"attachment-full size-full wp-image-51\" alt=\"\" srcset=\"https:\/\/simproject.eu\/wp-content\/uploads\/2023\/08\/shane-rounce-DNkoNXQti3c-unsplash-scaled.jpg 1696w, https:\/\/simproject.eu\/wp-content\/uploads\/2023\/08\/shane-rounce-DNkoNXQti3c-unsplash-199x300.jpg 199w, https:\/\/simproject.eu\/wp-content\/uploads\/2023\/08\/shane-rounce-DNkoNXQti3c-unsplash-678x1024.jpg 678w, https:\/\/simproject.eu\/wp-content\/uploads\/2023\/08\/shane-rounce-DNkoNXQti3c-unsplash-768x1160.jpg 768w, https:\/\/simproject.eu\/wp-content\/uploads\/2023\/08\/shane-rounce-DNkoNXQti3c-unsplash-1017x1536.jpg 1017w, https:\/\/simproject.eu\/wp-content\/uploads\/2023\/08\/shane-rounce-DNkoNXQti3c-unsplash-1356x2048.jpg 1356w\" sizes=\"(max-width: 1696px) 100vw, 1696px\" \/>\t\t\t\t\t\t\t\t\t\t\t\t\t\t\t<\/div>\n\t\t\t\t<\/div>\n\t\t\t\t\t<\/div>\n\t\t<\/div>\n\t\t\t\t<div class=\"elementor-column elementor-col-50 elementor-top-column elementor-element elementor-element-85c2291\" data-id=\"85c2291\" data-element_type=\"column\" data-e-type=\"column\">\n\t\t\t<div class=\"elementor-widget-wrap elementor-element-populated\">\n\t\t\t\t\t\t<div class=\"elementor-element elementor-element-dbdc905 elementor-widget__width-initial elementor-widget elementor-widget-text-editor\" data-id=\"dbdc905\" data-element_type=\"widget\" data-e-type=\"widget\" data-widget_type=\"text-editor.default\">\n\t\t\t\t<div class=\"elementor-widget-container\">\n\t\t\t\t\t\t\t\t\t<p>E-ZINE #2<\/p>\t\t\t\t\t\t\t\t<\/div>\n\t\t\t\t<\/div>\n\t\t\t\t<div class=\"elementor-element elementor-element-0e8aa0a elementor-widget elementor-widget-heading\" data-id=\"0e8aa0a\" data-element_type=\"widget\" data-e-type=\"widget\" data-widget_type=\"heading.default\">\n\t\t\t\t<div class=\"elementor-widget-container\">\n\t\t\t\t\t<h2 class=\"elementor-heading-title elementor-size-default\">Kretanje naprijed: od istra\u017eivanja do akcije u SIM projektu<\/h2>\t\t\t\t<\/div>\n\t\t\t\t<\/div>\n\t\t\t\t<div class=\"elementor-element elementor-element-cc5ae43 elementor-widget__width-initial elementor-widget elementor-widget-text-editor\" data-id=\"cc5ae43\" data-element_type=\"widget\" data-e-type=\"widget\" data-widget_type=\"text-editor.default\">\n\t\t\t\t<div class=\"elementor-widget-container\">\n\t\t\t\t\t\t\t\t\t<p>Na\u0161 drugi broj ima za cilj njegovati novi profil menad\u017eera, menad\u017eera dru\u0161tvenog utjecaja, opremljenog raznolikim skupom vje\u0161tina neophodnih za postizanje ne samo financijskog rasta, ve\u0107 i socijalne i ekolo\u0161ke dobrobiti u zajednicama.<\/p>\t\t\t\t\t\t\t\t<\/div>\n\t\t\t\t<\/div>\n\t\t\t\t<div class=\"elementor-element elementor-element-3fd183f elementor-widget elementor-widget-button\" data-id=\"3fd183f\" data-element_type=\"widget\" data-e-type=\"widget\" data-widget_type=\"button.default\">\n\t\t\t\t<div class=\"elementor-widget-container\">\n\t\t\t\t\t\t\t\t\t<div class=\"elementor-button-wrapper\">\n\t\t\t\t\t<a class=\"elementor-button elementor-button-link elementor-size-sm\" href=\"https:\/\/simproject.eu\/download\/764\/?tmstv=1721137496\">\n\t\t\t\t\t\t<span class=\"elementor-button-content-wrapper\">\n\t\t\t\t\t\t\t\t\t<span class=\"elementor-button-text\">preuzimanje<\/span>\n\t\t\t\t\t<\/span>\n\t\t\t\t\t<\/a>\n\t\t\t\t<\/div>\n\t\t\t\t\t\t\t\t<\/div>\n\t\t\t\t<\/div>\n\t\t\t\t<div class=\"elementor-element elementor-element-adcb36b elementor-widget elementor-widget-shortcode\" data-id=\"adcb36b\" data-element_type=\"widget\" data-e-type=\"widget\" data-widget_type=\"shortcode.default\">\n\t\t\t\t<div class=\"elementor-widget-container\">\n\t\t\t\t\t\t\t<div class=\"elementor-shortcode\">Preuzeto879 puta<\/div>\n\t\t\t\t\t\t<\/div>\n\t\t\t\t<\/div>\n\t\t\t\t\t<\/div>\n\t\t<\/div>\n\t\t\t\t\t<\/div>\n\t\t<\/section>\n\t\t\t\t<section class=\"elementor-section elementor-top-section elementor-element elementor-element-e22a240 elementor-section-boxed elementor-section-height-default elementor-section-height-default\" data-id=\"e22a240\" data-element_type=\"section\" data-e-type=\"section\">\n\t\t\t\t\t\t<div class=\"elementor-container elementor-column-gap-default\">\n\t\t\t\t\t<div class=\"elementor-column elementor-col-50 elementor-top-column elementor-element elementor-element-2c680ef\" data-id=\"2c680ef\" data-element_type=\"column\" data-e-type=\"column\">\n\t\t\t<div class=\"elementor-widget-wrap elementor-element-populated\">\n\t\t\t\t\t\t<div class=\"elementor-element elementor-element-75296f7 elementor-widget elementor-widget-image\" data-id=\"75296f7\" data-element_type=\"widget\" data-e-type=\"widget\" data-widget_type=\"image.default\">\n\t\t\t\t<div class=\"elementor-widget-container\">\n\t\t\t\t\t\t\t\t\t\t\t\t\t\t\t<img decoding=\"async\" width=\"1653\" height=\"1026\" src=\"https:\/\/simproject.eu\/wp-content\/uploads\/2024\/01\/ezine1.jpg\" class=\"attachment-full size-full wp-image-2056\" alt=\"\" srcset=\"https:\/\/simproject.eu\/wp-content\/uploads\/2024\/01\/ezine1.jpg 1653w, https:\/\/simproject.eu\/wp-content\/uploads\/2024\/01\/ezine1-300x186.jpg 300w, https:\/\/simproject.eu\/wp-content\/uploads\/2024\/01\/ezine1-1024x636.jpg 1024w, https:\/\/simproject.eu\/wp-content\/uploads\/2024\/01\/ezine1-768x477.jpg 768w, https:\/\/simproject.eu\/wp-content\/uploads\/2024\/01\/ezine1-1536x953.jpg 1536w\" sizes=\"(max-width: 1653px) 100vw, 1653px\" \/>\t\t\t\t\t\t\t\t\t\t\t\t\t\t\t<\/div>\n\t\t\t\t<\/div>\n\t\t\t\t\t<\/div>\n\t\t<\/div>\n\t\t\t\t<div class=\"elementor-column elementor-col-50 elementor-top-column elementor-element elementor-element-8a2d51a\" data-id=\"8a2d51a\" data-element_type=\"column\" data-e-type=\"column\">\n\t\t\t<div class=\"elementor-widget-wrap elementor-element-populated\">\n\t\t\t\t\t\t<div class=\"elementor-element elementor-element-50bbc95 elementor-widget__width-initial elementor-widget elementor-widget-text-editor\" data-id=\"50bbc95\" data-element_type=\"widget\" data-e-type=\"widget\" data-widget_type=\"text-editor.default\">\n\t\t\t\t<div class=\"elementor-widget-container\">\n\t\t\t\t\t\t\t\t\t<p>E-ZINE #1<\/p>\t\t\t\t\t\t\t\t<\/div>\n\t\t\t\t<\/div>\n\t\t\t\t<div class=\"elementor-element elementor-element-187cb18 elementor-widget elementor-widget-heading\" data-id=\"187cb18\" data-element_type=\"widget\" data-e-type=\"widget\" data-widget_type=\"heading.default\">\n\t\t\t\t<div class=\"elementor-widget-container\">\n\t\t\t\t\t<h2 class=\"elementor-heading-title elementor-size-default\">Premo\u0161\u0107ivanje gospodarstva i lokalne zajednice<\/h2>\t\t\t\t<\/div>\n\t\t\t\t<\/div>\n\t\t\t\t<div class=\"elementor-element elementor-element-ea34a94 elementor-widget__width-initial elementor-widget elementor-widget-text-editor\" data-id=\"ea34a94\" data-element_type=\"widget\" data-e-type=\"widget\" data-widget_type=\"text-editor.default\">\n\t\t\t\t<div class=\"elementor-widget-container\">\n\t\t\t\t\t\t\t\t\t<p>Zadovoljstvo nam je predstaviti vam dvogodi\u0161nji \u010dasopis posve\u0107en Social Impact Manageru. Na\u0161 prvi broj poti\u010de vas da istra\u017eite koncept, isti\u010du\u0107i motivaciju i viziju na\u0161eg projekta kao i klju\u010dne aktivnosti koje \u0107e partneri poduzeti. <\/p>\t\t\t\t\t\t\t\t<\/div>\n\t\t\t\t<\/div>\n\t\t\t\t<div class=\"elementor-element elementor-element-b468f28 elementor-widget elementor-widget-button\" data-id=\"b468f28\" data-element_type=\"widget\" data-e-type=\"widget\" data-widget_type=\"button.default\">\n\t\t\t\t<div class=\"elementor-widget-container\">\n\t\t\t\t\t\t\t\t\t<div class=\"elementor-button-wrapper\">\n\t\t\t\t\t<a class=\"elementor-button elementor-button-link elementor-size-sm\" href=\"https:\/\/simproject.eu\/download\/523\/?tmstv=1705507071\">\n\t\t\t\t\t\t<span class=\"elementor-button-content-wrapper\">\n\t\t\t\t\t\t\t\t\t<span class=\"elementor-button-text\">preuzimanje<\/span>\n\t\t\t\t\t<\/span>\n\t\t\t\t\t<\/a>\n\t\t\t\t<\/div>\n\t\t\t\t\t\t\t\t<\/div>\n\t\t\t\t<\/div>\n\t\t\t\t<div class=\"elementor-element elementor-element-1710fe9 elementor-widget elementor-widget-shortcode\" data-id=\"1710fe9\" data-element_type=\"widget\" data-e-type=\"widget\" data-widget_type=\"shortcode.default\">\n\t\t\t\t<div class=\"elementor-widget-container\">\n\t\t\t\t\t\t\t<div class=\"elementor-shortcode\">Preuzeto1076 puta<\/div>\n\t\t\t\t\t\t<\/div>\n\t\t\t\t<\/div>\n\t\t\t\t\t<\/div>\n\t\t<\/div>\n\t\t\t\t\t<\/div>\n\t\t<\/section>\n\t\t\t\t<\/div>\n\t\t","protected":false},"excerpt":{"rendered":"<p>SIM E-zinovi E-ZINE #3 Osmi\u0161ljavanje SIM programa edukacije U ovom broju fokusiramo se na dizajn obrazovnog programa Social Impact Manager koji se gradi oko pet temeljnih modula. Slavimo Erasmus+ dane u Francuskoj i posje\u0107ujemo Be\u010d kako bismo razgovarali o na\u0161em napretku, kao i pogledali profil Social Impact Managera. preuzimanje Preuzeto puta E-ZINE #2 Kretanje naprijed: [&hellip;]<\/p>\n","protected":false},"author":3,"featured_media":0,"parent":0,"menu_order":0,"comment_status":"closed","ping_status":"closed","template":"elementor_header_footer","meta":{"h5ap_radio_sources":[],"footnotes":""},"class_list":["post-2054","page","type-page","status-publish","hentry"],"_links":{"self":[{"href":"https:\/\/simproject.eu\/hr\/wp-json\/wp\/v2\/pages\/2054","targetHints":{"allow":["GET"]}}],"collection":[{"href":"https:\/\/simproject.eu\/hr\/wp-json\/wp\/v2\/pages"}],"about":[{"href":"https:\/\/simproject.eu\/hr\/wp-json\/wp\/v2\/types\/page"}],"author":[{"embeddable":true,"href":"https:\/\/simproject.eu\/hr\/wp-json\/wp\/v2\/users\/3"}],"replies":[{"embeddable":true,"href":"https:\/\/simproject.eu\/hr\/wp-json\/wp\/v2\/comments?post=2054"}],"version-history":[{"count":2,"href":"https:\/\/simproject.eu\/hr\/wp-json\/wp\/v2\/pages\/2054\/revisions"}],"predecessor-version":[{"id":2214,"href":"https:\/\/simproject.eu\/hr\/wp-json\/wp\/v2\/pages\/2054\/revisions\/2214"}],"wp:attachment":[{"href":"https:\/\/simproject.eu\/hr\/wp-json\/wp\/v2\/media?parent=2054"}],"curies":[{"name":"wp","href":"https:\/\/api.w.org\/{rel}","templated":true}]}}